{"id":8970,"date":"2024-08-19T20:48:32","date_gmt":"2024-08-19T18:48:32","guid":{"rendered":"https:\/\/antcube.shop\/product\/wand-formicarien-set\/"},"modified":"2026-03-04T17:24:31","modified_gmt":"2026-03-04T16:24:31","slug":"stensko-namescen-set-formikarijev","status":"publish","type":"product","link":"https:\/\/antcube.shop\/sl\/izdelek\/stensko-namescen-set-formikarijev\/","title":{"rendered":"Stenski set formikarijev"},"content":{"rendered":"<p><strong>Vklju\u010duje:<\/strong><br \/>\n1x stensko mravlji\u0161\u010de - 30x15x15<br \/>\n1x stenska mravlji\u0161\u010da - L - 30\u00d730 - steklo<br \/>\n1x okvir za mravlji\u0161\u010de 30\u00d715<br \/>\n1x pokrov za mravlji\u0161\u010de 30\u00d715<\/p>\n<p>3x cevni priklju\u010dek kristalno prozoren za 20 mm - L<br \/>\n1x cevni priklju\u010dek kristalno prozoren za 20 mm - I<br \/>\n1x priklju\u010dek za umivalnik 3\/4\u2033 na 20 mm - kristalno prozoren<br \/>\n1x mravlji\u0161\u010de - kristalno prozorno 20 mm (3x3 cm in 1x30 cm)<br \/>\n1x distan\u010dnik z 20 mm dr\u017ealom za objemko<br \/>\n1x pokrov\u010dek mre\u017ee - 16 mm - nerjave\u010de jeklo<br \/>\n2x Grid insert acrylic &#8211; 50 mm with sealing ring<br \/>\n1x Grid insert acrylic &#8211; 27 mm with sealing ring<br \/>\n1x matica za formikarij 3\/4 palca - kristalno \u010dista<br \/>\n8x gumijasti vlo\u017eek za vrtalne luknje kot za\u0161\u010dita<br \/>\n8x podlo\u017eke<br \/>\nvklju\u010dno z 8x vijaki in zati\u010di<\/p>\n<p><strong>Opis:<\/strong><br \/>\nTa stalni set formikarijev je bil razvit za monta\u017eo na steno in ga je enostavno namestiti na lesene in kamnite stene. Tako arena kot mravlji\u0161\u010de sta popolnoma prozorna, kar omogo\u010da dober pregled nad gnezdom. Kot gnezdilni material za mravlje lahko uporabite pesek in glino ali enega od na\u0161ih ustreznih vlo\u017ekov za gnezda iz plute ali digfiksa. Za povezovanje mravlji\u0161\u010da in arene smo v komplet vklju\u010dili akrilne cevi, ki so narezane po velikosti. V kompletu so vklju\u010deni tudi vijaki in \u010depi za pritrditev na steno.<\/p>\n<p><strong>Navodila za namestitev:<\/strong><\/p>\n<p><strong>Ker je steklena plo\u0161\u010da zadnja stena, mora biti stena pod njo popolnoma ravna.<\/strong><br \/>\nZa pritrditev 8 \u010depov \"S6\" v steno potrebujete vrtalnik s 6 mm svedrom (za les, kamen ali kovino, odvisno od materiala). V steno je treba izvrtati 45 mm globoke luknje, v katere se potopijo 6x30 mm zati\u010di z vijaki 4,5x40 mm.<br \/>\n<strong>Potrebno za monta\u017eo:<\/strong><br \/>\n- nivelirka<br \/>\n- Samolepilni trak, da vam ne bo treba ozna\u010devati spodnje stene.<br \/>\n- Kri\u017eni izvija\u010d<br \/>\n- Vrtalnik\/vija\u010dnik, odvisno od stene<br \/>\n- 6 mm vrtalnik (za les, kamen ali kovino, odvisno od povr\u0161ine)<br \/>\n- Koristno je tudi, \u010de si na listu papirja naredite \u0161ablono za vrtanje lukenj. Preprosto ga polo\u017eite pod zadnjo steno in ozna\u010dite luknje.<\/p>\n<p><strong>Podrobnosti o mravlji\u0161\u010du:<\/strong><br \/>\nDimenzije (DxV):<br \/>\nZadnja stena (debeline 6 mm): 400x293 mm<\/p>\n<p>Zunanjost (brez zadnje plo\u0161\u010de)<br \/>\n334x28x296mm<\/p>\n<p>Notranjost<br \/>\n284x20x290 mm<\/p>\n<p><strong>Material:<\/strong><br \/>\nPlavajo\u010de steklo<\/p>\n<p><strong>barva:<\/strong><br \/>\nkristalno \u010dista<\/p>\n<p><strong>Podrobnosti o mravlji\u0161\u010du:<\/strong><br \/>\nDimenzije (Dx\u0160xV):<br \/>\nZadnja stena (6 mm): 400x150 mm<\/p>\n<p>Arena (brez zadnje stene): 300x146x150mm<\/p>\n<p><strong>material:<\/strong><br \/>\nPlavajo\u010de steklo<\/p>\n<p><strong>Barva:<\/strong><br \/>\nkristalno \u010dista<\/p>\n<p><strong>Dimenzije (Dx\u0160xV):<\/strong><br \/>\nZadnja stena (6 mm): 400x150 mm<\/p>\n<p>Arena (brez zadnje plo\u0161\u010de): 300x146x150mm<\/p>\n<p><strong>material:<\/strong><br \/>\nPlavajo\u010de steklo<\/p>\n<p><strong>Barva:<\/strong><br \/>\nkristalno \u010dista<\/p>\n<p><strong>Opombe o proizvodnji<\/strong><br \/>\nSteklo je rezano po velikosti v skladu z DIN 1249 s toleranco +\/- 1 mm. Za izjemno majhne vrste mravelj je nujna dodatna za\u0161\u010dita pred razbitjem.<br \/>\nKer so na\u0161i izdelki izdelani ro\u010dno, lahko kljub najve\u010dji skrbnosti pride do minimalnih odstopanj.<\/p>\n<p><strong>Opomba o kmetiji<\/strong><br \/>\n<strong>Pri name\u0161\u010danju ali odstranjevanju cevi upo\u0161tevajte naslednje:<\/strong><br \/>\n\u010ce se cev zelo te\u017eko prilega priklju\u010dni vti\u010dnici, vti\u010dnico rahlo natrite s kapljico na\u0161ega olja ali pra\u0161ka proti razbijanju. Nato je treba cev potisniti na vti\u010dnico z vrtenjem ali vija\u010denjem, ne da bi vti\u010dnico obremenjevali z gibi navzgor in navzdol. Enako velja za odstranjevanje cevi iz priklju\u010dne vti\u010dnice na kmetiji. Ne potegnite je preprosto s sebe!<\/p>","protected":false},"excerpt":{"rendered":"<p>Ta komplet je sestavljen iz 21 delov<\/p>\n<p>Velikost: <span style=\"color: #0000ff;\"><strong>L<\/strong> <\/span><\/p>","protected":false},"featured_media":8995,"comment_status":"open","ping_status":"closed","template":"","meta":{"_acf_changed":false,"content-type":"","_monsterinsights_skip_tracking":false,"_monsterinsights_sitenote_active":false,"_monsterinsights_sitenote_note":"","_monsterinsights_sitenote_category":0},"product_brand":[],"product_cat":[257,73,86],"product_tag":[],"class_list":{"0":"post-8970","1":"product","2":"type-product","3":"status-publish","4":"has-post-thumbnail","6":"product_cat-new-innovatve-products","7":"product_cat-starter-sets","8":"product_cat-formicariums","10":"first","11":"instock","12":"taxable","13":"shipping-taxable","14":"purchasable","15":"product-type-simple"},"acf":[],"aioseo_notices":[],"jetpack_sharing_enabled":true,"_links":{"self":[{"href":"https:\/\/antcube.shop\/sl\/wp-json\/wp\/v2\/product\/8970","targetHints":{"allow":["GET"]}}],"collection":[{"href":"https:\/\/antcube.shop\/sl\/wp-json\/wp\/v2\/product"}],"about":[{"href":"https:\/\/antcube.shop\/sl\/wp-json\/wp\/v2\/types\/product"}],"replies":[{"embeddable":true,"href":"https:\/\/antcube.shop\/sl\/wp-json\/wp\/v2\/comments?post=8970"}],"wp:featuredmedia":[{"embeddable":true,"href":"https:\/\/antcube.shop\/sl\/wp-json\/wp\/v2\/media\/8995"}],"wp:attachment":[{"href":"https:\/\/antcube.shop\/sl\/wp-json\/wp\/v2\/media?parent=8970"}],"wp:term":[{"taxonomy":"product_brand","embeddable":true,"href":"https:\/\/antcube.shop\/sl\/wp-json\/wp\/v2\/product_brand?post=8970"},{"taxonomy":"product_cat","embeddable":true,"href":"https:\/\/antcube.shop\/sl\/wp-json\/wp\/v2\/product_cat?post=8970"},{"taxonomy":"product_tag","embeddable":true,"href":"https:\/\/antcube.shop\/sl\/wp-json\/wp\/v2\/product_tag?post=8970"}],"curies":[{"name":"wp","href":"https:\/\/api.w.org\/{rel}","templated":true}]}}