{"id":8968,"date":"2024-08-19T20:47:21","date_gmt":"2024-08-19T18:47:21","guid":{"rendered":"https:\/\/antcube.shop\/product\/wand-ameisenfarm-l-30x30-glas\/"},"modified":"2026-01-12T12:39:31","modified_gmt":"2026-01-12T11:39:31","slug":"stenska-mravljica-kmetija-l-30x30-steklo","status":"publish","type":"product","link":"https:\/\/antcube.shop\/sl\/izdelek\/stenska-mravljica-kmetija-l-30x30-steklo\/","title":{"rendered":"Stenska mravlji\u0161\u010da - L - 30\u00d730 - Steklo"},"content":{"rendered":"<p><strong>Dimenzije (DxV):<\/strong><br \/>\nZadnja stena (debeline 6 mm) : 400x293mm<\/p>\n<p>Zunanjost (brez zadnje plo\u0161\u010de)<br \/>\n334x28x296mm<\/p>\n<p>Notranjost<br \/>\n284x20x290 mm<\/p>\n<p><strong>Material:<\/strong><br \/>\nPlavajo\u010de steklo<\/p>\n<p><strong>Barva:<\/strong><br \/>\nkristalno \u010dista<\/p>\n<p><strong>Vsebina:<\/strong><br \/>\nStenska mravlji\u0161\u010da - L - 30\u00d730 - Steklo<br \/>\n1x pokrov mravlji\u0161\u010da<br \/>\n4x gumijasti vlo\u017eek za vrtalne luknje kot za\u0161\u010dita<br \/>\n4x podlo\u017eka za vrtanje lukenj<br \/>\n4x \u010depi in vijaki<\/p>\n<p><strong>Povezava:<\/strong><br \/>\n2x 14\/16\/18\/20 x 20 mm vti\u010dnica<\/p>\n<p>Cev 14\/10 je trdno vstavljena v 14-milimetrsko vti\u010dnico<br \/>\nCev 20\/16 je trdno pritrjena na prvi 16-milimetrski korak.<\/p>\n<p><strong>Opis:<\/strong><br \/>\nTo mravlji\u0161\u010de je bilo razvito za namestitev na steno in ga je enostavno namestiti na lesene in kamnite stene. Je popolnoma prozorna in omogo\u010da dober pogled v gnezdo. Kot gnezdilni material za mravlje lahko uporabite pesek in glino ali enega od na\u0161ih ustreznih vlo\u017ekov za gnezda iz plute ali Digfiksa. Poleg tega lahko na stranske priklju\u010dne vti\u010dnice priklju\u010dite cev, prozorno akrilno cev ali \"mravlji\u0161\u010de\". Na voljo so tudi stenske mravlji\u0161\u010da v velikostih 30 \u00d7 15 ali 30 \u00d7 30, ki ustrezajo stenskim mravlji\u0161\u010dem.<\/p>\n<p><strong>Navodila za namestitev:<\/strong><br \/>\n<strong>Ker je steklena plo\u0161\u010da zadnja stena, mora biti stena pod njo popolnoma ravna.<\/strong><br \/>\nZa pritrditev 4 \u010depov \"S6\" v steno potrebujete vrtalnik s 6 mm svedrom (za les, kamen ali kovino, odvisno od materiala).<br \/>\nV steno je treba izvrtati 45 mm globoke luknje, da lahko z vijaki 4,5 x 40 mm poglobite 6x30 mm zati\u010de.<br \/>\n<strong>Potrebno za monta\u017eo:<\/strong><br \/>\n- nivelirka<br \/>\n- Samolepilni trak, da vam ne bo treba ozna\u010devati spodnje stene.<br \/>\n- Kri\u017eni izvija\u010d<br \/>\n- Vrtalnik\/vija\u010dnik, odvisno od stene<br \/>\n- 6 mm vrtalnik (za les, kamen ali kovino, odvisno od povr\u0161ine)<br \/>\n- Koristno je tudi, \u010de si na listu papirja naredite \u0161ablono za vrtanje lukenj. Preprosto ga polo\u017eite pod zadnjo steno in ozna\u010dite luknje.<\/p>\n<p><strong>Opombe o proizvodnji<\/strong><br \/>\nSteklo je bru\u0161eno v skladu z DIN 1249 s toleranco +\/;- 1 mm. Pri izjemno majhnih vrstah mravelj je nujna dodatna za\u0161\u010dita pred pobegom mravelj.<br \/>\nKer so na\u0161i izdelki izdelani ro\u010dno, lahko kljub najve\u010dji skrbnosti pride do minimalnih odstopanj.<\/p>\n<p><strong>Opomba o kmetiji<\/strong><br \/>\nPri name\u0161\u010danju ali odstranjevanju cevi upo\u0161tevajte naslednje:<br \/>\n\u010ce se cev zelo te\u017eko prilega priklju\u010dni vti\u010dnici, vti\u010dnico rahlo natrite s kapljico na\u0161ega olja ali pra\u0161ka proti razbijanju. Nato je treba cev potisniti na vti\u010dnico z vrtenjem ali vija\u010denjem, ne da bi vti\u010dnico obremenjevali z gibi navzgor in navzdol. Enako velja za odstranjevanje cevi iz priklju\u010dne vti\u010dnice na kmetiji. Ne potegnite je preprosto s sebe!<\/p>","protected":false},"excerpt":{"rendered":"<p>Povezava: 2x 14\/16 x 20 mm; Razdalja med plo\u0161\u010dami: Notranjost: 20 mm<\/p>\n<p>Velikost: <span style=\"color: #0000ff;\"><strong>L<\/strong> <\/span><\/p>","protected":false},"featured_media":8997,"comment_status":"open","ping_status":"closed","template":"","meta":{"_acf_changed":false,"content-type":"","_monsterinsights_skip_tracking":false,"_monsterinsights_sitenote_active":false,"_monsterinsights_sitenote_note":"","_monsterinsights_sitenote_category":0},"product_brand":[],"product_cat":[257,80,83,86],"product_tag":[],"class_list":{"0":"post-8968","1":"product","2":"type-product","3":"status-publish","4":"has-post-thumbnail","6":"product_cat-new-innovatve-products","7":"product_cat-antfarms","8":"product_cat-antfarms-l","9":"product_cat-formicariums","11":"first","12":"instock","13":"taxable","14":"shipping-taxable","15":"purchasable","16":"product-type-simple"},"acf":[],"aioseo_notices":[],"jetpack_sharing_enabled":true,"_links":{"self":[{"href":"https:\/\/antcube.shop\/sl\/wp-json\/wp\/v2\/product\/8968","targetHints":{"allow":["GET"]}}],"collection":[{"href":"https:\/\/antcube.shop\/sl\/wp-json\/wp\/v2\/product"}],"about":[{"href":"https:\/\/antcube.shop\/sl\/wp-json\/wp\/v2\/types\/product"}],"replies":[{"embeddable":true,"href":"https:\/\/antcube.shop\/sl\/wp-json\/wp\/v2\/comments?post=8968"}],"wp:featuredmedia":[{"embeddable":true,"href":"https:\/\/antcube.shop\/sl\/wp-json\/wp\/v2\/media\/8997"}],"wp:attachment":[{"href":"https:\/\/antcube.shop\/sl\/wp-json\/wp\/v2\/media?parent=8968"}],"wp:term":[{"taxonomy":"product_brand","embeddable":true,"href":"https:\/\/antcube.shop\/sl\/wp-json\/wp\/v2\/product_brand?post=8968"},{"taxonomy":"product_cat","embeddable":true,"href":"https:\/\/antcube.shop\/sl\/wp-json\/wp\/v2\/product_cat?post=8968"},{"taxonomy":"product_tag","embeddable":true,"href":"https:\/\/antcube.shop\/sl\/wp-json\/wp\/v2\/product_tag?post=8968"}],"curies":[{"name":"wp","href":"https:\/\/api.w.org\/{rel}","templated":true}]}}