{"id":8967,"date":"2024-08-19T20:46:59","date_gmt":"2024-08-19T18:46:59","guid":{"rendered":"https:\/\/antcube.shop\/product\/wand-ameisenarena-30x15x15\/"},"modified":"2026-03-16T10:36:54","modified_gmt":"2026-03-16T09:36:54","slug":"stenska-mravljisca-30x15x15","status":"publish","type":"product","link":"https:\/\/antcube.shop\/sl\/izdelek\/stenska-mravljisca-30x15x15\/","title":{"rendered":"Stenska mravlji\u0161\u010da - 30x15x15"},"content":{"rendered":"<p><strong>Dimenzije (Dx\u0160xV):<\/strong><br \/>\nZadnja stena (6 mm): 400x150 mm<\/p>\n<p>Arena (brez zadnje plo\u0161\u010de): 300x146x150mm<\/p>\n<p><strong>Material:<\/strong><br \/>\nPlavajo\u010de steklo<\/p>\n<p><strong>Barva:<\/strong><br \/>\nkristalno \u010dista<\/p>\n<p><strong>Vsebina:<\/strong><br \/>\n1x stenska mravlji\u0161\u010da - 30x15x15<br \/>\n4x gumijasti vlo\u017eek za vrtalne luknje kot za\u0161\u010dita<br \/>\n4x podlo\u017eka za vrtanje lukenj<br \/>\n4x \u010depi in vijaki<\/p>\n<p><strong>Povezava:<\/strong><br \/>\n<strong>POZOR 2x \u010depi\/ mre\u017eni vlo\u017eki\/ priklju\u010dki (po potrebi) za stranske 27 mm luknje niso vklju\u010deni v obseg dobave.<\/strong><br \/>\n2x 27 mm luknja<\/p>\n<p><strong>Opis:<\/strong><br \/>\nTo mravlji\u0161\u010de je bilo razvito za namestitev na steno in ga je enostavno namestiti na lesene in kamnite stene. Dodatne mravlji\u0161\u010da in arene lahko priklju\u010dite prek 27 mm lukenj na strani. Za povezavo lahko uporabite cev, prozorno akrilno cev ali \"stopnice za mravlje\". Ponujamo tudi stensko mravlji\u0161\u010de, ki se ujema s stensko mravlji\u0161\u010dno areno.<br \/>\nUjemajo\u010da se izdelka Ant arena cover 30\u00d715 in Ant arena frame 30\u00d715 je treba naro\u010diti lo\u010deno.<\/p>\n<p><strong>Navodila za namestitev:<\/strong><br \/>\nKer je steklena plo\u0161\u010da zadnja stena, mora biti stena pod njo popolnoma ravna.<br \/>\nZa pritrditev 4 zidnih \u010depov \"S6\" v steno boste potrebovali vrtalnik s 6 mm svedrom (za les, kamen ali kovino, odvisno od materiala).<br \/>\nV steno je treba izvrtati luknje globine 40 mm, da bi lahko z vijaki 4,5x40 mm potopili zati\u010de 6x30 mm.<br \/>\nPotrebno za monta\u017eo:<br \/>\n- Nivojski nivelir<br \/>\n- Samolepilni trak, da vam ne bo treba ozna\u010devati spodnje stene.<br \/>\n- Kri\u017eni izvija\u010d<br \/>\n- Vrtalnik\/vija\u010dnik, odvisno od stene<br \/>\n- 6 mm vrtalnik (za les, kamen ali kovino, odvisno od povr\u0161ine)<br \/>\n- Koristno je tudi, \u010de si na listu papirja naredite \u0161ablono za vrtanje lukenj. Preprosto ga polo\u017eite pod zadnjo steno in ozna\u010dite luknje.<\/p>\n<p><strong>Opombe o proizvodnji<\/strong><br \/>\nSteklo je bru\u0161eno v skladu z DIN 1249 s toleranco +\/;- 1 mm. Pri izjemno majhnih vrstah mravelj je nujna dodatna za\u0161\u010dita pred pobegom mravelj.<br \/>\nKer so na\u0161i izdelki izdelani ro\u010dno, lahko kljub najve\u010dji skrbnosti pride do minimalnih odstopanj.<\/p>\n<p><strong>Opomba o kmetiji<\/strong><br \/>\nPri name\u0161\u010danju ali odstranjevanju cevi upo\u0161tevajte naslednje:<br \/>\n\u010ce se cev zelo te\u017eko prilega priklju\u010dni vti\u010dnici, vti\u010dnico rahlo natrite s kapljico na\u0161ega olja ali pra\u0161ka proti razbijanju. Nato je treba cev potisniti na vti\u010dnico z vrtenjem ali vija\u010denjem, ne da bi vti\u010dnico obremenjevali z gibi navzgor in navzdol. Enako velja za odstranjevanje cevi iz priklju\u010dne vti\u010dnice na kmetiji. Ne potegnite je preprosto s sebe!<\/p>\n<p>&nbsp;<\/p>","protected":false},"excerpt":{"rendered":"<p>Povezava: Odprtina 2x 27 mm<\/p>","protected":false},"featured_media":8982,"comment_status":"open","ping_status":"closed","template":"","meta":{"_acf_changed":false,"content-type":"","_monsterinsights_skip_tracking":false,"_monsterinsights_sitenote_active":false,"_monsterinsights_sitenote_note":"","_monsterinsights_sitenote_category":0},"product_brand":[],"product_cat":[257,85,86],"product_tag":[],"class_list":{"0":"post-8967","1":"product","2":"type-product","3":"status-publish","4":"has-post-thumbnail","6":"product_cat-new-innovatve-products","7":"product_cat-ant-arenas","8":"product_cat-formicariums","10":"first","11":"instock","12":"taxable","13":"shipping-taxable","14":"purchasable","15":"product-type-simple"},"acf":[],"aioseo_notices":[],"jetpack_sharing_enabled":true,"_links":{"self":[{"href":"https:\/\/antcube.shop\/sl\/wp-json\/wp\/v2\/product\/8967","targetHints":{"allow":["GET"]}}],"collection":[{"href":"https:\/\/antcube.shop\/sl\/wp-json\/wp\/v2\/product"}],"about":[{"href":"https:\/\/antcube.shop\/sl\/wp-json\/wp\/v2\/types\/product"}],"replies":[{"embeddable":true,"href":"https:\/\/antcube.shop\/sl\/wp-json\/wp\/v2\/comments?post=8967"}],"wp:featuredmedia":[{"embeddable":true,"href":"https:\/\/antcube.shop\/sl\/wp-json\/wp\/v2\/media\/8982"}],"wp:attachment":[{"href":"https:\/\/antcube.shop\/sl\/wp-json\/wp\/v2\/media?parent=8967"}],"wp:term":[{"taxonomy":"product_brand","embeddable":true,"href":"https:\/\/antcube.shop\/sl\/wp-json\/wp\/v2\/product_brand?post=8967"},{"taxonomy":"product_cat","embeddable":true,"href":"https:\/\/antcube.shop\/sl\/wp-json\/wp\/v2\/product_cat?post=8967"},{"taxonomy":"product_tag","embeddable":true,"href":"https:\/\/antcube.shop\/sl\/wp-json\/wp\/v2\/product_tag?post=8967"}],"curies":[{"name":"wp","href":"https:\/\/api.w.org\/{rel}","templated":true}]}}