{"id":8854,"date":"2024-08-01T15:37:58","date_gmt":"2024-08-01T13:37:58","guid":{"rendered":"https:\/\/antcube.shop\/product\/bundle-offer-myrmica-rubra\/"},"modified":"2026-03-17T18:05:43","modified_gmt":"2026-03-17T17:05:43","slug":"paketna-ponudba-myrmica-rubra","status":"publish","type":"product","link":"https:\/\/antcube.shop\/sl\/izdelek\/paketna-ponudba-myrmica-rubra\/","title":{"rendered":"Ponudba sve\u017enja - Myrmica rubra"},"content":{"rendered":"<p><span data-text-color=\"secondary\"><strong>Ponudba paketa, ki vklju\u010duje kolonijo mravelj Myrmica rubra (kraljica z 11-25 delavkami + mladi\u010di)<\/strong><\/span><\/p>\n<p><span data-text-color=\"alert\"><strong>Samo do porabe zalog.<\/strong><\/span><\/p>\n<p><strong>Vse, kar potrebujete za kolonijo mravelj Myrmica rubra:<\/strong><br \/>\nTa paket vsebuje vse, kar potrebujete za uspe\u0161no pre\u017eivetje kolonije Myrmica rubra v prvih mesecih. Je prilagodljivo raz\u0161irljiv in ve\u010d let preizku\u0161en s to vrsto mravelj.<\/p>\n<p><strong>Vrsta mravelj Myrmica rubra - evropska ognjena mravlja:<\/strong><br \/>\nMyrmica rubra je v Evropi zelo raz\u0161irjena vrsta mravelj. Znana je tudi kot rde\u010da vrtna mravlja ali evropska ognjena mravlja. Rada ima vla\u017ena in polsen\u010dna mesta, zato jo najdemo predvsem na vrtovih, travnikih in v gozdovih. Najdemo jo tudi v nekaterih delih Kanade in ZDA, vendar je tam invazivna, tj. ni avtohtona. Kot ve\u010dina invazivnih vrst mravelj je bila tja vnesena z rastlinami okoli leta 1900.<\/p>\n<p>Myrmica rubra je poligini\u010dna vrsta, kar pomeni, da ima v naravi obi\u010dajno ve\u010d matic. Obstajajo celo poro\u010dila o tako imenovanih superkolonijah s 600 maticami in pribli\u017eno 20 000 delavkami. Myrmica rubra agresivno brani svoje gnezdo in ima za obrambo \u017eelo. Vendar je njen strup ne\u0161kodljiv, razen za alergike.<\/p>\n<p>Myrmica rubra v naravi prezimi med koncem oktobra in koncem marca pri pribli\u017eno 5-8\u00b0.<\/p>\n<p><strong>Gnezdo za Myrmica rubra:<\/strong><br \/>\nV naravi Myrmica rubra gnezdi pod blazinami mahu, kamni na poljih in travnikih v tleh, kjer gradi kopice, ali celo v gnilem lesu. Zanje je najpomembnej\u0161e vla\u017eno gnezdi\u0161\u010de.<\/p>\n<p>V ta za\u010detni set smo vklju\u010dili eno od na\u0161ih plo\u0161\u010d Digfix kot material za gnezdenje. Ta posnema naravno gnezdo iz zemlje in ga je mogo\u010de vzdr\u017eevati zelo vla\u017enega. Poleg tega \u017eivali med kopanjem ne morejo umazati oken mravlji\u0161\u010da, kar omogo\u010da stalno jasen pogled v komore in prehode. Material je v mravlji\u0161\u010du tudi veliko bolj stabilen kot obi\u010dajna me\u0161anica peska in gline, kar prepre\u010duje, da bi se komore in hodniki zru\u0161ili.<\/p>\n<p><strong>Hrana za Myrmica rubra:<\/strong><br \/>\nMyrmica rubra je vsejed in se v naravi hrani z mrhovino, \u017eu\u017eelkami in nektarjem. Tako kot na primer Lasius niger tudi Myrmica rubra vzdr\u017euje kolonije m\u0161ic in jih brani.<\/p>\n<p>V ta komplet smo vklju\u010dili na\u0161e cele blan\u0161irane \u010dri\u010dke in medeno roso. Oboje Myrmica rubra zelo dobro sprejema, zaradi hranilnih snovi, ki jih vsebujeta, pa podpirata naraven in pozitiven razvoj kolonije.<\/p>\n<p><strong>Optimalni podnebni pogoji za Myrmica rubra so naslednji:<\/strong><br \/>\nVlaga:<br \/>\nArena: Obmo\u010dje gnezda: 30 - 50%: 50 - 70%<br \/>\nTemperatura:<br \/>\nArena: 18 - 28 \u00b0C Obmo\u010dje gnezda: 21 - 24\u00b0C<\/p>\n<p><strong>Vsebina:<\/strong><\/p>\n<p>1x kraljica Myrmica rubra + 11-25 delavk in mladi\u010di<br \/>\n1x Cvr\u010dkova marmelada 25g<br \/>\n1x me\u0161anica medene rose (HT) - polnilno pakiranje 10ml<br \/>\n1x podstavek za formikarij - 20x20cm<br \/>\n1x podstavek za formikarij - 20x6cm<\/p>\n<p>1x ANTCUBE - arena 20x20x10 - ravna<br \/>\n1x okvir za mravlji\u0161\u010de 20\u00d720<br \/>\n1x pokrov za mravlji\u0161\u010de 20\u00d720<br \/>\n4x pritrdilna to\u010dka za pokrov arene<br \/>\n1x ANTCUBE - mravlji\u0161\u010de - L - 20\u00d720 - pokon\u010den<br \/>\n1x ANTCUBE - Digfix plo\u0161\u010da 20\u00d720 - M<\/p>\n<p>1x 0,5 m prozorna cev 14\/10 mm<br \/>\n1x ANTCUBE - Rde\u010da folija 20\u00d720 - filter<br \/>\n1x samolepilne sponke - prozorne 2 kosa.<br \/>\n1x substrat - pe\u0161\u010deno-glinast be\u017e - 200g<\/p>\n<p>1x Grid cap &#8211; 10mm &#8211; stainless steel<br \/>\n2x Grid insert acrylic &#8211; 50 mm with sealing ring<br \/>\n1x Grid insert acrylic &#8211; 27 mm with sealing ring<\/p>\n<p>1x priklju\u010dek za cev rezervoarja 27-14,16,20 mm - prozoren<br \/>\n1x Foil thermometer &#8211; farm<br \/>\n1x Foil thermometer Display<br \/>\n1x drinking clear 5ml &#8211; sponge<br \/>\n1x Feeding dish white rectangle &#8211; 3 compartments<br \/>\n1x Drinking trough 2ml &#8211; 360 Degrees<br \/>\n1x Olje za za\u0161\u010dito pred pobegom mravelj 10ml<br \/>\n1x pinceta iz vzmetnega jekla - \u0161iroka - mehka<br \/>\n1x pinceta plasti\u010dna prozorna<br \/>\n1x plasti\u010dna pipeta 3ml<br \/>\n1x ro\u010dna lupa - 2x - 30 mm<br \/>\n1x penasti brisalec 150x18x2,5 mm<br \/>\n1x foto hrbet - travnik - 20\u00d710<\/p>\n<p>&nbsp;<\/p>\n<p><strong>Opis:<\/strong><br \/>\nTa raz\u0161irljivi za\u010detni set za Myrmica rubra ne vsebuje le optimalno prilagojenega formikarija, temve\u010d tudi ustrezne dodatke za gojenje te vrste mravelj. \"Napajalnik prozoren 20 ml - goba\" je namenjen vodi, \"napajalnik 2 ml - 360 stopinj\" pa me\u0161anici medi\u010dine.<\/p>\n<p><span data-text-color=\"alert\"><strong>Pomembno:<\/strong><\/span> Pred uporabo substrat navla\u017eite, da se me\u0161anica lahko pove\u017ee in trdno oprime v mravlji\u0161\u010du. Poleg tega lahko suha in pra\u0161na podlaga povzro\u010di, da se dihalne poti mravelj zama\u0161ijo in v najslab\u0161em primeru povzro\u010dijo zadu\u0161itev \u017eivali.<\/p>\n<p><strong>Opombe o proizvodnji<\/strong><br \/>\nSteklo je rezano po velikosti v skladu z DIN 1249 s toleranco +\/- 1 mm. Za izjemno majhne vrste mravelj je nujna dodatna za\u0161\u010dita pred razbitjem.<\/p>\n<p><strong>Opomba o blan\u0161iranih \u010dri\u010dkih:<\/strong><br \/>\nNa\u0161a marmelada za \u010dri\u010dke je enostaven na\u010din, kako mravljam zagotoviti sve\u017ee konzervirano beljakovinsko hrano, ne da bi jim bilo treba hraniti \u017eive \u017eu\u017eelke. Vsebovani \u010dri\u010dki (Acheta domesticus) so bili ne\u017eno kuhani, da se ohranijo hranilne vrednosti, okus in aroma. Poleg tega se na ta na\u010din zmeh\u010da hitinska lupina \u017eu\u017eelk, da se la\u017eje prebavi. Veziva kolagenskih beljakovin se razgradi, tako da jih mravlje lahko bolje izkoristijo. Konzerve Acheta domesticus imajo enako hranilno vrednost kot \u017eivi \u010dri\u010dki, vendar so la\u017eje prebavljive.<\/p>\n<p>Blan\u0161irani cvr\u010dki niso primerni za lov na vrste mravelj, ki potrebujejo \u017eivo hrano (npr. ponirki (velike mravlje), kot sta Harpegnathos ali Odontomachus).<\/p>\n<p><strong>Dodatne prednosti:<\/strong><br \/>\nZagotovljeno brez pr\u0161ic<br \/>\nLahko se razdeli na porcije<br \/>\nSterilizirano in vakuumirano<br \/>\nBrez dodatkov<br \/>\nCvr\u010dki iz trajnostne ekolo\u0161ke vzreje, hranjeni z organskimi odpadki<\/p>\n<p><strong>Upo\u0161tevajte:<\/strong><br \/>\nV hladilniku lahko hranite pribli\u017eno \u0161tiri dni po odprtju. \u010ce je zamrznjen, je rok trajanja dalj\u0161i.<\/p>\n<p><strong>Opomba o medeni rosnici:<\/strong><br \/>\nVsebina: 10 ml<br \/>\nTo je naravni proizvod, ki smo ga po obse\u017enih testiranjih v na\u0161em laboratoriju izpopolnili in razvili v hrano, ki jo mravlje zelo dobro sprejemajo. Razlog za to je, da nepredelanega medu v njegovi koncentrirani prvotni obliki mravlje in njihova presnova ne sprejemajo dobro.<br \/>\nNa\u0161a medi\u010dina je bila nabrana v neonesna\u017eenih divjih gorskih gozdovih Bolgarije. Medena rosa se proizvaja le zelo omejen \u010das, pribli\u017eno dva meseca poleti. Zato je zelo redek. Zaradi posebnih zna\u010dilnosti tal v gozdovih in podnebja se v listih dreves shranjujejo bistvena hranila, ki jih absorbirajo afide. Zato je ta me\u0161anica medi\u010dine tako za\u017eelena za mravlje.<\/p>\n<p><strong>Uporaba:<\/strong><br \/>\nKoli\u010dino hrane je treba zau\u017eiti v pribli\u017eno 3 dneh.<\/p>\n<p><strong>Opis:<\/strong><br \/>\nMedena rosa se v nasprotju s cvetli\u010dnim medom pridobiva iz izlo\u010dkov \u017eu\u017eelk, ki sesajo na rastlinah, na primer m\u0161ic. Medena rosa je priljubljen vir hrane za \u0161tevilne \u017eu\u017eelke, kot so mravlje, \u010debele in \u010dmrlji. \u010cebele in \u010dmrlji ga li\u017eejo z listov ali iglic razli\u010dnih dreves. Mravlje, kot je Lasius niger, dobesedno hranijo afide. Branijo jih celo pred plenilci in jih prena\u0161ajo na sve\u017ee poganjke.<\/p>\n<p>Medena rosa je pri mravljah \u0161e posebej priljubljena zaradi nekoliko druga\u010dnih sestavin. Glavna sladkorja v medici sta saharoza in fruktoza, v manj\u0161ih koli\u010dinah pa najdemo tudi maltozo, trehalozo, melezitozo, rafinozo in druge oligosaharide. Poleg sladkorja in vode vsebuje tudi esencialne aminokisline, minerale, elemente v sledovih, adenozine, fosfate in druge sestavine, kot so vitamini.<\/p>\n<p><strong>Uporaba:<\/strong><br \/>\nZa vrste medojedih mravelj (Meliphagidae)<br \/>\nTo je dopolnilna krma<br \/>\n\u017divalim ga lahko ponudite kot zalogo. Ker se koncentracija sladkorja zaradi vlage zmanj\u0161a in se za\u010dne proces fermentacije, je treba hrano zamenjati vsake tri dni. Pred ponovno uporabo temeljito o\u010distite posodo\/teko\u010dinko za hranjenje.<br \/>\nPo odprtju embala\u017ee jo je treba hraniti tesno zaprto do izteka roka uporabnosti.<\/p>\n<p><strong>Hranilne vrednosti na 100 g:<\/strong><br \/>\npribli\u017eno 2,7 % ma\u0161\u010dobe<br \/>\nod tega nasi\u010denih pribli\u017eno 0,45 %<br \/>\npribli\u017eno 95 % ogljikovih hidratov<br \/>\nod tega pribli\u017eno 71 % sladkorja<br \/>\npribli\u017eno 2,85% beljakovin<\/p>\n<p>Minerali (kalij, kalcij, baker, \u017eelezo, natrij, magnezij, fosfor, cink in drugi elementi v sledovih) Aminokisline (prolin, levcin, fenilalanin, alanin, histidin, izolevcin, glutaminska kislina, arginin, asparaginska kislina itd.) Organske kisline Encimi (fermenti) Arome Inhibini (antibakterijske snovi) Cvetovi Cvetni prah<\/p>\n<p><strong>Shranjevanje:<\/strong><br \/>\nDa bi zagotovili kakovost krme, jo je treba hraniti v temnem in suhem prostoru.<\/p>\n<p><strong>Opomba:<\/strong><br \/>\nDopolnilna krma za mravlje, ki se prehranjujejo z medom.<br \/>\nSestavo, analiti\u010dne sestavine, datum uporabnosti in \u0161tevilko serije najdete v navodilih za uporabo.<\/p>\n<p>Informacijska telefonska \u0161tevilka +49 30 439703870<\/p>\n<p><strong>Pristojni veterinarski in \u017eivilski in\u0161pektorat:<\/strong><br \/>\nVeterinarski urad Steglitz<br \/>\nK\u00f6nigin-Luise-Str. 92<br \/>\n14195 Berlin<\/p>","protected":false},"excerpt":{"rendered":"<p>Komplet je sestavljen iz 34 delov<\/p>","protected":false},"featured_media":8856,"comment_status":"open","ping_status":"closed","template":"","meta":{"_acf_changed":false,"content-type":"","_monsterinsights_skip_tracking":false,"_monsterinsights_sitenote_active":false,"_monsterinsights_sitenote_note":"","_monsterinsights_sitenote_category":0},"product_brand":[],"product_cat":[355,73],"product_tag":[],"class_list":{"0":"post-8854","1":"product","2":"type-product","3":"status-publish","4":"has-post-thumbnail","6":"product_cat-bundle-offers","7":"product_cat-starter-sets","9":"first","10":"instock","11":"taxable","12":"shipping-taxable","13":"purchasable","14":"product-type-simple"},"acf":[],"aioseo_notices":[],"jetpack_sharing_enabled":true,"_links":{"self":[{"href":"https:\/\/antcube.shop\/sl\/wp-json\/wp\/v2\/product\/8854","targetHints":{"allow":["GET"]}}],"collection":[{"href":"https:\/\/antcube.shop\/sl\/wp-json\/wp\/v2\/product"}],"about":[{"href":"https:\/\/antcube.shop\/sl\/wp-json\/wp\/v2\/types\/product"}],"replies":[{"embeddable":true,"href":"https:\/\/antcube.shop\/sl\/wp-json\/wp\/v2\/comments?post=8854"}],"wp:featuredmedia":[{"embeddable":true,"href":"https:\/\/antcube.shop\/sl\/wp-json\/wp\/v2\/media\/8856"}],"wp:attachment":[{"href":"https:\/\/antcube.shop\/sl\/wp-json\/wp\/v2\/media?parent=8854"}],"wp:term":[{"taxonomy":"product_brand","embeddable":true,"href":"https:\/\/antcube.shop\/sl\/wp-json\/wp\/v2\/product_brand?post=8854"},{"taxonomy":"product_cat","embeddable":true,"href":"https:\/\/antcube.shop\/sl\/wp-json\/wp\/v2\/product_cat?post=8854"},{"taxonomy":"product_tag","embeddable":true,"href":"https:\/\/antcube.shop\/sl\/wp-json\/wp\/v2\/product_tag?post=8854"}],"curies":[{"name":"wp","href":"https:\/\/api.w.org\/{rel}","templated":true}]}}