{"id":8718,"date":"2024-07-22T15:43:52","date_gmt":"2024-07-22T13:43:52","guid":{"rendered":"https:\/\/antcube.shop\/product\/bonsai-tree-deko\/"},"modified":"2026-01-20T18:00:36","modified_gmt":"2026-01-20T17:00:36","slug":"bonsaj-drevo-deko","status":"publish","type":"product","link":"https:\/\/antcube.shop\/sl\/izdelek\/bonsaj-drevo-deko\/","title":{"rendered":"Bonsaj drevesa"},"content":{"rendered":"<p>Velikost \/ vi\u0161ina od 20 cm do 28 cm<br \/>\nPremer ~ 10 cm -20 cm, idealen za arene 30x30x30 cm in ve\u010dje.<br \/>\nTe\u017ea je med 250 in 400 grami.<\/p>\n<p>Na\u0161e drevo Bonsai je idealen okras za va\u0161 formikarij. Uporabljate ga lahko tako prosto stoje\u010de v fromikariju kot v naravno zasajenih vivarijih. Ker se lahko mravlje skrijejo pod ali v bonsaj, priporo\u010damo, da ga uporabite \u0161ele, ko se je kolonija mravelj \u017ee preselila v svoje gnezdo. V nasprotnem primeru jim bo morda bolj ustrezal kot gnezdi\u0161\u010de, vi pa boste izgubili pregled nad gnezdom.<\/p>\n<p><strong>POZOR:<\/strong> Ne postavljajte ga v zelo vla\u017eno okolje (nad 60% vlage). Bonsaj bi lahko za\u010del plesneti. Z zelo dobrim prezra\u010devanjem lahko bonsaj postavite tudi v bolj vla\u017ene formikarije.<\/p>\n<p><span data-text-color=\"alert\"><strong>POMEMBNA OPOMBA O \u010cLANKU:<\/strong><\/span><br \/>\nKer gre za naravni izdelek \/ unikat, tukaj\u0161nje slike niso popolnoma enake izdelku, ki ga boste prejeli. Velikost, oblika in barva mini drevesa ter osnovna plo\u0161\u010da iz kamnitega skrilavca se razlikujejo. Zagotavljamo le najve\u010djo vi\u0161ino izdelka.<\/p>\n<p>Z naro\u010dilom tega izdelka se strinjate z zgoraj navedenimi mo\u017enimi spremembami velikosti, oblike in barve izdelka ob nakupu.<\/p>","protected":false},"excerpt":{"rendered":"<p>Dimenzije: Vi\u0161ina: 20-28 cm<\/p>","protected":false},"featured_media":8721,"comment_status":"open","ping_status":"closed","template":"","meta":{"_acf_changed":false,"content-type":"","_monsterinsights_skip_tracking":false,"_monsterinsights_sitenote_active":false,"_monsterinsights_sitenote_note":"","_monsterinsights_sitenote_category":0},"product_brand":[],"product_cat":[95,98],"product_tag":[],"class_list":{"0":"post-8718","1":"product","2":"type-product","3":"status-publish","4":"has-post-thumbnail","6":"product_cat-accessories-for-ants","7":"product_cat-decoration","9":"first","10":"outofstock","11":"taxable","12":"shipping-taxable","13":"purchasable","14":"product-type-simple"},"acf":[],"aioseo_notices":[],"jetpack_sharing_enabled":true,"_links":{"self":[{"href":"https:\/\/antcube.shop\/sl\/wp-json\/wp\/v2\/product\/8718","targetHints":{"allow":["GET"]}}],"collection":[{"href":"https:\/\/antcube.shop\/sl\/wp-json\/wp\/v2\/product"}],"about":[{"href":"https:\/\/antcube.shop\/sl\/wp-json\/wp\/v2\/types\/product"}],"replies":[{"embeddable":true,"href":"https:\/\/antcube.shop\/sl\/wp-json\/wp\/v2\/comments?post=8718"}],"wp:featuredmedia":[{"embeddable":true,"href":"https:\/\/antcube.shop\/sl\/wp-json\/wp\/v2\/media\/8721"}],"wp:attachment":[{"href":"https:\/\/antcube.shop\/sl\/wp-json\/wp\/v2\/media?parent=8718"}],"wp:term":[{"taxonomy":"product_brand","embeddable":true,"href":"https:\/\/antcube.shop\/sl\/wp-json\/wp\/v2\/product_brand?post=8718"},{"taxonomy":"product_cat","embeddable":true,"href":"https:\/\/antcube.shop\/sl\/wp-json\/wp\/v2\/product_cat?post=8718"},{"taxonomy":"product_tag","embeddable":true,"href":"https:\/\/antcube.shop\/sl\/wp-json\/wp\/v2\/product_tag?post=8718"}],"curies":[{"name":"wp","href":"https:\/\/api.w.org\/{rel}","templated":true}]}}