{"id":8717,"date":"2024-07-22T15:37:55","date_gmt":"2024-07-22T13:37:55","guid":{"rendered":"https:\/\/antcube.shop\/product\/bundle-offer-harpegnathos-venator\/"},"modified":"2026-03-04T16:55:50","modified_gmt":"2026-03-04T15:55:50","slug":"paketna-ponudba-harpegnathos-venator","status":"publish","type":"product","link":"https:\/\/antcube.shop\/sl\/izdelek\/paketna-ponudba-harpegnathos-venator\/","title":{"rendered":"Ponudba sve\u017enja - Harpegnathos venator"},"content":{"rendered":"<p><span data-text-color=\"secondary\"><strong>Ponudba paketa, ki vklju\u010duje kolonijo mravelj Harpegnathos venator (kraljica z 11-25 delavkami + mladi\u010di)<\/strong><\/span><\/p>\n<p><span data-text-color=\"alert\"><strong>Samo do porabe zalog. <\/strong><\/span><\/p>\n<p><span data-text-color=\"alert\"><strong>Dostava je mogo\u010da samo prek GO! znotraj Nem\u010dije.<\/strong><\/span><\/p>\n<p>1x kraljica Harpegnathos venator + 11-25 delavk + leglo<\/p>\n<p>1x Ytongovo gnezdo - 40\u00d720 z areno<br \/>\n1x steklena kad 40\u00d720<br \/>\n1x blazinica za formikarij - 40x20cm<br \/>\n1x rde\u010da pokrivna plo\u0161\u010da 20\u00d720 - vodoravna<\/p>\n<p>1x barva gline - be\u017e - 100ml<br \/>\n1x substrat - de\u017eevni gozd - 1kg<br \/>\n1x Formicarium granule 200 ml - \u010drne<br \/>\n1x hrbtna plo\u0161\u010da za fotografijo - de\u017eevni gozd - 20\u00d710<\/p>\n<p>2x Grid insert acrylic &#8211; 50 mm with sealing ring<br \/>\n1x Grid insert acrylic &#8211; 27 mm with sealing ring<\/p>\n<p>1x Cvr\u010dkova marmelada 25g<br \/>\n1x Honeydew Mix (HT) - polnilno pakiranje 10ml<\/p>\n<p>1x drinking clear 5ml &#8211; sponge<br \/>\n1x Feeding dish white rectangle &#8211; 3 compartments<br \/>\n1x Drinking trough 2ml &#8211; 360 Degrees<\/p>\n<p>1x Foil thermometer Display<\/p>\n<p>1x Olje za za\u0161\u010dito pred mravljami 10ml<br \/>\n1x pinceta iz vzmetnega jekla - \u0161iroka - mehka<br \/>\n1x pinceta plasti\u010dna prozorna<br \/>\n1x plasti\u010dna pipeta 3ml<br \/>\n1x ro\u010dna lupa - 2x - 30 mm<br \/>\n1x penasti brisalec 150x18x2,5 mm<\/p>\n<p><strong>Vrsta mravelj Harpegnathos venator:<\/strong><br \/>\nHarpegnathos venator je zelo lepa in velika vrsta mravlje iz jugovzhodne Azije. Aktivne so predvsem pono\u010di, vendar so zaradi obi\u010dajno manj\u0161e intenzivnosti svetlobe v stanovanju dejavne tudi podnevi. Ta vrsta mravelj lahko sko\u010di pribli\u017eno 8-10 cm, hodi nazaj in ima zelo dober vid. \u010ce jih vidimo v profilu, so mandibule oblikovane kot sabljasti zobje. Pri lovu ka\u017eejo zanimivo obna\u0161anje, saj pred napadom zavihtijo gaster.<\/p>\n<p>Hranite jih lahko z raztopino sladkorja in medu, medom in beljakovinsko hrano ali pa z majhnimi \u017eivimi \u017eu\u017eelkami, kot so \u010dri\u010dki in sadne mu\u0161ice. Harpegnathos venator ima zelo izrazito lovsko vedenje, zato veliko bolje sprejema \u017eivo hrano.<\/p>\n<p>Vla\u017enost in temperaturo v areni je treba nekoliko pove\u010dati, vendar mora biti gnezdo vedno vla\u017eno. \u017divali imajo v gnezdu raje razli\u010dno vla\u017ena obmo\u010dja.<\/p>\n<p>Prefabricirane komore in prehode lahko kolonija uporablja neposredno. Gnezdo Ytong lahko enostavno navla\u017eite s prilo\u017eenim pladnjem. V pladenj preprosto nalijte malo vode in po\u010dakajte, da kamen Ytong sam vpije vodo.<\/p>\n<p><strong>Informacije o gnezdu Ytong z areno:<\/strong><br \/>\nVsebuje:<br \/>\nMaterial: porobeton, steklo, plastika PMMA in PVC<\/p>\n<p><strong>Povezava:<\/strong> 1x 14 mm odprtina; 1x 27 mm odprtina<\/p>\n<p><strong>Vsebina:<\/strong><br \/>\n1x blok iz porobetona 40x20x5 cm z 20 mm globokimi komorami.<br \/>\n1x steklena plo\u0161\u010da 40\u00d720 cm z odprtino 50 mm in arena 20\u00d720 cm<br \/>\n1x okvir za mravlji\u0161\u010de 20\u00d720<br \/>\n1x pokrov za mravlji\u0161\u010de 20\u00d720<br \/>\n1x 50 mm obro\u010d s 27 mm odprtino<br \/>\n1x \u010dep za formikarij 13 mm<br \/>\n2x formikarijski \u010depi 27 mm<br \/>\n2x 50 mm formikarijski \u010depi<\/p>\n<p>Zaradi lastnosti, ki zadr\u017eujejo vodo, je material primeren za zadr\u017eevanje mravelj. Z njim je mogo\u010de gojiti \u0161tevilne vrste, ki gnezdijo v zemlji, tako v suhih kot v vla\u017enih habitatih. Glede na vrsto mravelj je priporo\u010dljivo, da dno komor prekrijete z glineno barvo in zemeljskim substratom. Nekatere vrste se tako bolje po\u010dutijo, vrste iz rodu Ponerinae pa na primer potrebujejo zemljo, da se njihove li\u010dinke lahko pravilno izle\u017eejo. Ker to gnezdo \u017ee vsebuje areno, ga lahko uporabite kot popoln sistem formikarijev.<\/p>\n<p><strong>Opomba:<\/strong><br \/>\nDa bi prepre\u010dili uhajanje vode iz gnezda Ytong po navla\u017eitvi obmo\u010dja gnezda in nabiranje vode na povr\u0161ini pohi\u0161tva pod njim ali praskanje povr\u0161in zaradi grobega materiala, priporo\u010damo enega od na\u0161ih ustreznih steklenih pladnjev za gnezda Ytong. Ta so vodoodporna in u\u010dinkovito \u0161\u010ditijo povr\u0161ine pod njimi pred po\u0161kodbami zaradi vode in prask.<\/p>\n<p><strong>Uporaba:<\/strong><br \/>\nZa vrste mravelj velikosti M - L<br \/>\nPorobeton je zelo krhek in ob\u010dutljiv material. Zato je nemogo\u010de prepre\u010diti, da bi se vogali in robovi med proizvodnjo odlomili in postali rahlo neravni. Zato gnezda Ytong niso primerna za zelo majhne vrste mravelj velikosti S, saj bi se te vrste zlahka izlu\u0161\u010dile.<\/p>\n<p><span data-text-color=\"alert\"><strong>Pomembno:<\/strong><\/span> Pred uporabo substrat navla\u017eite, da se me\u0161anica lahko pove\u017ee in trdno oprime v mravlji\u0161\u010du. \u010ce je substrat preve\u010d suh in pra\u0161en, lahko zama\u0161i dihalne poti mravelj in v najslab\u0161em primeru povzro\u010di zadu\u0161itev.<\/p>\n<p><strong>Priporo\u010dilo:<\/strong> Priporo\u010damo plast substrata vi\u0161ine 2 mm, da se \u017eivali ne morejo zakopati v areno in namesto tega uporabljajo v ta namen predvideno farmo. Priporo\u010damo tudi, da je gnezdilni material v farmi (pesek\/glina, Digfix itd.) na enem mestu rahlo naboden, da \u017eivali la\u017eje kopljejo.<\/p>\n<p><strong>Opombe o proizvodnji<\/strong><br \/>\nSteklo je rezano po velikosti v skladu z DIN 1249 s toleranco +\/- 1 mm. Za izjemno majhne vrste mravelj je nujna dodatna za\u0161\u010dita pred razbitjem.<\/p>\n<p><strong>Opomba Glinena barva:<\/strong><\/p>\n<p><strong>Opis:<\/strong> Ta me\u0161anica ni strupena in je razmeroma odporna na vodo na ometu in betonu, sicer pa je vodotopna.<\/p>\n<p><strong>Navodila za uporabo:<\/strong><br \/>\nMe\u0161anica je pripravljena za uporabo in jo lahko s \u010dopi\u010dem takoj nanesete na omet ali porobeton.<br \/>\n100 ml zadostuje za pribli\u017eno 1\/4 m\u00b2 porobetona ali 1\/2 m\u00b2 ometa.<br \/>\nKo je povr\u0161ina mokra, jo lahko na primer posujete s peskom, da dose\u017eete \u0161e bolj naraven videz.<\/p>","protected":false},"excerpt":{"rendered":"<p>Povezava: 1x14mm 1x27mm<br \/>\nVelikost: <strong><span style=\"color: #339966;\">M<\/span><\/strong><strong> &#8211; <span style=\"color: #0000ff;\">L<\/span><\/strong><\/p>","protected":false},"featured_media":8720,"comment_status":"open","ping_status":"closed","template":"","meta":{"_acf_changed":false,"content-type":"","_monsterinsights_skip_tracking":false,"_monsterinsights_sitenote_active":false,"_monsterinsights_sitenote_note":"","_monsterinsights_sitenote_category":0},"product_brand":[],"product_cat":[355,73],"product_tag":[],"class_list":{"0":"post-8717","1":"product","2":"type-product","3":"status-publish","4":"has-post-thumbnail","6":"product_cat-bundle-offers","7":"product_cat-starter-sets","8":"product_shipping_class-germany-only","10":"first","11":"outofstock","12":"taxable","13":"shipping-taxable","14":"purchasable","15":"product-type-simple"},"acf":[],"aioseo_notices":[],"jetpack_sharing_enabled":true,"_links":{"self":[{"href":"https:\/\/antcube.shop\/sl\/wp-json\/wp\/v2\/product\/8717","targetHints":{"allow":["GET"]}}],"collection":[{"href":"https:\/\/antcube.shop\/sl\/wp-json\/wp\/v2\/product"}],"about":[{"href":"https:\/\/antcube.shop\/sl\/wp-json\/wp\/v2\/types\/product"}],"replies":[{"embeddable":true,"href":"https:\/\/antcube.shop\/sl\/wp-json\/wp\/v2\/comments?post=8717"}],"wp:featuredmedia":[{"embeddable":true,"href":"https:\/\/antcube.shop\/sl\/wp-json\/wp\/v2\/media\/8720"}],"wp:attachment":[{"href":"https:\/\/antcube.shop\/sl\/wp-json\/wp\/v2\/media?parent=8717"}],"wp:term":[{"taxonomy":"product_brand","embeddable":true,"href":"https:\/\/antcube.shop\/sl\/wp-json\/wp\/v2\/product_brand?post=8717"},{"taxonomy":"product_cat","embeddable":true,"href":"https:\/\/antcube.shop\/sl\/wp-json\/wp\/v2\/product_cat?post=8717"},{"taxonomy":"product_tag","embeddable":true,"href":"https:\/\/antcube.shop\/sl\/wp-json\/wp\/v2\/product_tag?post=8717"}],"curies":[{"name":"wp","href":"https:\/\/api.w.org\/{rel}","templated":true}]}}