{"id":8518,"date":"2024-06-10T10:41:37","date_gmt":"2024-06-10T08:41:37","guid":{"rendered":"https:\/\/antcube.shop\/product\/poster\/"},"modified":"2025-09-30T10:22:23","modified_gmt":"2025-09-30T08:22:23","slug":"anatomija-plakata","status":"publish","type":"product","link":"https:\/\/antcube.shop\/sl\/izdelek\/anatomija-plakata\/","title":{"rendered":"Anatomija plakata"},"content":{"rendered":"<p>Plakati muzejske kakovosti, izdelani na debelem mat papirju. S temi plakati, ki bodo zagotovo polep\u0161ali vsako okolje, dodajte \u010dudovit poudarek svoji sobi in pisarni.<\/p>\n<p>- Debelina papirja: 10,3 mil<br \/>\n- Te\u017ea papirja: 189 g\/m\u00b2<br \/>\n- Motnost: 94%<br \/>\n- Svetlost ISO: 104%<br \/>\n- Papir izvira iz Japonske<\/p>\n<p>Ta izdelek je izdelan posebej za vas takoj, ko ga naro\u010dite, zato traja nekoliko dlje, da vam ga dostavimo. Izdelava izdelkov po naro\u010dilu namesto v razsutem stanju pomaga zmanj\u0161ati prekomerno proizvodnjo, zato se vam zahvaljujemo za premi\u0161ljene nakupne odlo\u010ditve!<\/p>","protected":false},"excerpt":{"rendered":"<p>Plakati muzejske kakovosti, izdelani na debelem mat papirju. S temi plakati, ki bodo zagotovo polep\u0161ali vsako okolje, dodajte \u010dudovit poudarek svoji sobi in pisarni. - Debelina papirja: 10,3 mil - Te\u017ea papirja: 189 g\/m\u00b2 - Motnost: 94% - Svetlost ISO: 104% - Papir izvira iz Japonske Ta izdelek je izdelan posebej za","protected":false},"featured_media":8523,"comment_status":"open","ping_status":"closed","template":"","meta":{"_acf_changed":false,"content-type":"","_monsterinsights_skip_tracking":false,"_monsterinsights_sitenote_active":false,"_monsterinsights_sitenote_note":"","_monsterinsights_sitenote_category":0},"product_brand":[],"product_cat":[245],"product_tag":[],"class_list":{"0":"post-8518","1":"product","2":"type-product","3":"status-publish","4":"has-post-thumbnail","6":"product_cat-merchandise","8":"first","9":"instock","10":"taxable","11":"shipping-taxable","12":"purchasable","13":"product-type-variable"},"acf":[],"aioseo_notices":[],"jetpack_sharing_enabled":true,"_links":{"self":[{"href":"https:\/\/antcube.shop\/sl\/wp-json\/wp\/v2\/product\/8518","targetHints":{"allow":["GET"]}}],"collection":[{"href":"https:\/\/antcube.shop\/sl\/wp-json\/wp\/v2\/product"}],"about":[{"href":"https:\/\/antcube.shop\/sl\/wp-json\/wp\/v2\/types\/product"}],"replies":[{"embeddable":true,"href":"https:\/\/antcube.shop\/sl\/wp-json\/wp\/v2\/comments?post=8518"}],"wp:featuredmedia":[{"embeddable":true,"href":"https:\/\/antcube.shop\/sl\/wp-json\/wp\/v2\/media\/8523"}],"wp:attachment":[{"href":"https:\/\/antcube.shop\/sl\/wp-json\/wp\/v2\/media?parent=8518"}],"wp:term":[{"taxonomy":"product_brand","embeddable":true,"href":"https:\/\/antcube.shop\/sl\/wp-json\/wp\/v2\/product_brand?post=8518"},{"taxonomy":"product_cat","embeddable":true,"href":"https:\/\/antcube.shop\/sl\/wp-json\/wp\/v2\/product_cat?post=8518"},{"taxonomy":"product_tag","embeddable":true,"href":"https:\/\/antcube.shop\/sl\/wp-json\/wp\/v2\/product_tag?post=8518"}],"curies":[{"name":"wp","href":"https:\/\/api.w.org\/{rel}","templated":true}]}}