{"id":8505,"date":"2024-06-10T10:40:55","date_gmt":"2024-06-10T08:40:55","guid":{"rendered":"https:\/\/antcube.shop\/product\/sports-water-bottle\/"},"modified":"2025-12-03T21:47:07","modified_gmt":"2025-12-03T20:47:07","slug":"sportna-steklenica-za-vodo","status":"publish","type":"product","link":"https:\/\/antcube.shop\/sl\/izdelek\/sportna-steklenica-za-vodo\/","title":{"rendered":"\u0160portna steklenica za vodo"},"content":{"rendered":"<p>Priskrbite si personalizirano in \u0161portno steklenico za vodo iz reciklirane plastike 50%, s katero se boste napili v slogu. Odporna je na made\u017ee, drobljenje in vonjave, zato bo pija\u010da ostala sve\u017ea, pokrov\u010dek, odporen na razlitje, in ventil za grizenje pa prepre\u010dujeta pu\u0161\u010danje. Zelo velika velikost te steklenice je primerna tudi za vse dolge seanse v telovadnici, slu\u017ebi ali pri \u0161tudiju! - 25<\/p>\n<p>- 25 oz (739 ml) <br \/>\n- Dimenzije: 10\u2033 \u00d7 3\u2033 (25,4 \u00d7 7,62 cm)<br \/>\n- Recikliran material Eastman Tritan\u2122 Renew 50% brez BPA <br \/>\n- Odporen na made\u017ee, razbitje in vonj<br \/>\n- Pokrov z vija\u010dnim ventilom, odporen na razlitje, z ventilom za grizenje<br \/>\n- Ro\u010daj za prena\u0161anje z enim prstom<\/p>","protected":false},"excerpt":{"rendered":"<p>Priskrbite si personalizirano in \u0161portno steklenico za vodo iz reciklirane plastike 50%, s katero se boste napili v slogu. Odporna je na made\u017ee, drobljenje in vonjave, zato bo pija\u010da ostala sve\u017ea, pokrov\u010dek, odporen na razlitje, in ventil za grizenje pa prepre\u010dujeta pu\u0161\u010danje. Zelo velika velikost te steklenice je primerna tudi za vse dolge seanse v telovadnici, slu\u017ebi ali pri \u0161tudiju! - 25","protected":false},"featured_media":0,"comment_status":"open","ping_status":"closed","template":"","meta":{"_acf_changed":false,"content-type":"","_monsterinsights_skip_tracking":false,"_monsterinsights_sitenote_active":false,"_monsterinsights_sitenote_note":"","_monsterinsights_sitenote_category":0},"product_brand":[],"product_cat":[245],"product_tag":[],"class_list":{"0":"post-8505","1":"product","2":"type-product","3":"status-publish","5":"product_cat-merchandise","7":"first","8":"outofstock","9":"taxable","10":"shipping-taxable","11":"product-type-variable"},"acf":[],"aioseo_notices":[],"jetpack_sharing_enabled":true,"_links":{"self":[{"href":"https:\/\/antcube.shop\/sl\/wp-json\/wp\/v2\/product\/8505","targetHints":{"allow":["GET"]}}],"collection":[{"href":"https:\/\/antcube.shop\/sl\/wp-json\/wp\/v2\/product"}],"about":[{"href":"https:\/\/antcube.shop\/sl\/wp-json\/wp\/v2\/types\/product"}],"replies":[{"embeddable":true,"href":"https:\/\/antcube.shop\/sl\/wp-json\/wp\/v2\/comments?post=8505"}],"wp:attachment":[{"href":"https:\/\/antcube.shop\/sl\/wp-json\/wp\/v2\/media?parent=8505"}],"wp:term":[{"taxonomy":"product_brand","embeddable":true,"href":"https:\/\/antcube.shop\/sl\/wp-json\/wp\/v2\/product_brand?post=8505"},{"taxonomy":"product_cat","embeddable":true,"href":"https:\/\/antcube.shop\/sl\/wp-json\/wp\/v2\/product_cat?post=8505"},{"taxonomy":"product_tag","embeddable":true,"href":"https:\/\/antcube.shop\/sl\/wp-json\/wp\/v2\/product_tag?post=8505"}],"curies":[{"name":"wp","href":"https:\/\/api.w.org\/{rel}","templated":true}]}}