{"id":8503,"date":"2024-06-10T10:40:31","date_gmt":"2024-06-10T08:40:31","guid":{"rendered":"https:\/\/antcube.shop\/product\/stainless-steel-water-bottle-2\/"},"modified":"2024-12-12T11:07:50","modified_gmt":"2024-12-12T10:07:50","slug":"steklenica-za-vodo-iz-nerjavecega-jekla-2","status":"publish","type":"product","link":"https:\/\/antcube.shop\/sl\/izdelek\/steklenica-za-vodo-iz-nerjavecega-jekla-2\/","title":{"rendered":"Stekleni\u010dka za vodo iz nerjave\u010dega jekla"},"content":{"rendered":"<p>Ta 17-gramska steklenica za vodo iz nerjave\u010dega jekla z dvojnimi stenami je kot nala\u0161\u010d za vsakodnevne izlete. Ve\u010d ur bo ohranjala va\u0161o izbrano pija\u010do vro\u010do ali hladno. Ima tudi pokrov\u010dek, ki prepre\u010duje uhajanje in neprijetne vonjave. Na poti v slu\u017ebo jo lahko vr\u017eete v dr\u017ealo za skodelico v avtomobilu, jo vzamete s seboj na pohode ali jo vr\u017eete v torbo, kadarkoli vas zagrabi \u017eeja.<\/p>\n<p>- Visokokakovostno nerjavno jeklo<br \/>\n- 17 oz (500 ml)<br \/>\n- Dimenzije: 10,5\u2033 \u00d7 2,85\u2033 (27 \u00d7 7 cm)<br \/>\n- Vakuumska bu\u010dka<br \/>\n- Konstrukcija z dvojno steno<br \/>\n- Oblika keglji\u0161\u010da<br \/>\n- Sijajna povr\u0161ina<br \/>\n- Pokrov\u010dek brez vonja in odporen na pu\u0161\u010danje<br \/>\n- Izolirana za vro\u010de in hladne teko\u010dine (ohranja teko\u010dino vro\u010do ali hladno 6 ur)<br \/>\n- Patentiran premaz ORCA za \u017eivahne barve<br \/>\n- Samo ro\u010dno pranje<br \/>\n- Prazen izdelek iz Kitajske<\/p>\n<p>Opozorilo: Zadr\u017eevanje vode v steklenici ve\u010d kot 24 ur je nehigieni\u010dno in lahko povzro\u010di neprijeten vonj.<\/p>","protected":false},"excerpt":{"rendered":"<p>Ta 17-gramska steklenica za vodo iz nerjave\u010dega jekla z dvojnimi stenami je kot nala\u0161\u010d za vsakodnevne izlete. Ve\u010d ur bo ohranjala va\u0161o izbrano pija\u010do vro\u010do ali hladno. Ima tudi pokrov\u010dek, ki prepre\u010duje uhajanje in neprijetne vonjave. Na poti v slu\u017ebo jo lahko postavite v dr\u017ealo za pija\u010do v avtomobilu, jo vzamete s seboj na pohode ali pa jo vr\u017eete v [...]","protected":false},"featured_media":8504,"comment_status":"open","ping_status":"closed","template":"","meta":{"_acf_changed":false,"content-type":"","_monsterinsights_skip_tracking":false,"_monsterinsights_sitenote_active":false,"_monsterinsights_sitenote_note":"","_monsterinsights_sitenote_category":0},"product_brand":[],"product_cat":[245],"product_tag":[],"class_list":{"0":"post-8503","1":"product","2":"type-product","3":"status-publish","4":"has-post-thumbnail","6":"product_cat-merchandise","8":"first","9":"instock","10":"taxable","11":"shipping-taxable","12":"purchasable","13":"product-type-simple"},"acf":[],"aioseo_notices":[],"jetpack_sharing_enabled":true,"_links":{"self":[{"href":"https:\/\/antcube.shop\/sl\/wp-json\/wp\/v2\/product\/8503","targetHints":{"allow":["GET"]}}],"collection":[{"href":"https:\/\/antcube.shop\/sl\/wp-json\/wp\/v2\/product"}],"about":[{"href":"https:\/\/antcube.shop\/sl\/wp-json\/wp\/v2\/types\/product"}],"replies":[{"embeddable":true,"href":"https:\/\/antcube.shop\/sl\/wp-json\/wp\/v2\/comments?post=8503"}],"wp:featuredmedia":[{"embeddable":true,"href":"https:\/\/antcube.shop\/sl\/wp-json\/wp\/v2\/media\/8504"}],"wp:attachment":[{"href":"https:\/\/antcube.shop\/sl\/wp-json\/wp\/v2\/media?parent=8503"}],"wp:term":[{"taxonomy":"product_brand","embeddable":true,"href":"https:\/\/antcube.shop\/sl\/wp-json\/wp\/v2\/product_brand?post=8503"},{"taxonomy":"product_cat","embeddable":true,"href":"https:\/\/antcube.shop\/sl\/wp-json\/wp\/v2\/product_cat?post=8503"},{"taxonomy":"product_tag","embeddable":true,"href":"https:\/\/antcube.shop\/sl\/wp-json\/wp\/v2\/product_tag?post=8503"}],"curies":[{"name":"wp","href":"https:\/\/api.w.org\/{rel}","templated":true}]}}