{"id":8320,"date":"2024-06-10T10:36:48","date_gmt":"2024-06-10T08:36:48","guid":{"rendered":"https:\/\/antcube.shop\/product\/unisex-t-shirt-2\/"},"modified":"2024-12-12T11:08:12","modified_gmt":"2024-12-12T10:08:12","slug":"unisex-majica-2","status":"publish","type":"product","link":"https:\/\/antcube.shop\/sl\/izdelek\/unisex-majica-2\/","title":{"rendered":"Unisex majica"},"content":{"rendered":"<p>Ta majica je vse, o \u010demer ste sanjali, in \u0161e ve\u010d. Je mehka in lahka ter primerno raztegljiva. Je udobna in laskava za vse. <\/p>\n<p>- 100% \u010desan bomba\u017e in bomba\u017e z obro\u010dasto predivo (barve Heather vsebujejo poliester)<br \/>\n- Te\u017ea tkanine: 4,2 oz.\/yd.\u00b2 (142 g\/m\u00b2)<br \/>\n- Predhodno skr\u010dena tkanina<br \/>\n- Konstrukcija z bo\u010dnim \u0161ivom<br \/>\n- Oblepljanje od rame do rame<br \/>\n- Prazen izdelek iz Nikaragve, Mehike, Hondurasa ali ZDA<\/p>\n<p>Ta izdelek je izdelan posebej za vas takoj, ko ga naro\u010dite, zato traja nekoliko dlje, da vam ga dostavimo. Izdelava izdelkov po naro\u010dilu namesto v razsutem stanju pomaga zmanj\u0161ati prekomerno proizvodnjo, zato se vam zahvaljujemo za premi\u0161ljene nakupne odlo\u010ditve!<\/p>","protected":false},"excerpt":{"rendered":"<p>Ta majica je vse, o \u010demer ste sanjali, in \u0161e ve\u010d. Je mehka in lahka ter primerno raztegljiva. Je udobna in laskava za vse. - 100% \u010desan bomba\u017e in bomba\u017e z obro\u010dnim predenjem (barve Heather vsebujejo poliester) - Te\u017ea tkanine: 4,2 oz.\/yd.\u00b2 (142 g\/m\u00b2) - Predhodno skr\u010dena tkanina - Konstrukcija z bo\u010dnim \u0161ivom - Obleka od ramen do ramen - Prazen izdelek","protected":false},"featured_media":8423,"comment_status":"open","ping_status":"closed","template":"","meta":{"_acf_changed":false,"content-type":"","_monsterinsights_skip_tracking":false,"_monsterinsights_sitenote_active":false,"_monsterinsights_sitenote_note":"","_monsterinsights_sitenote_category":0},"product_brand":[],"product_cat":[245],"product_tag":[],"class_list":{"0":"post-8320","1":"product","2":"type-product","3":"status-publish","4":"has-post-thumbnail","6":"product_cat-merchandise","8":"first","9":"instock","10":"taxable","11":"shipping-taxable","12":"purchasable","13":"product-type-variable"},"acf":[],"aioseo_notices":[],"jetpack_sharing_enabled":true,"_links":{"self":[{"href":"https:\/\/antcube.shop\/sl\/wp-json\/wp\/v2\/product\/8320","targetHints":{"allow":["GET"]}}],"collection":[{"href":"https:\/\/antcube.shop\/sl\/wp-json\/wp\/v2\/product"}],"about":[{"href":"https:\/\/antcube.shop\/sl\/wp-json\/wp\/v2\/types\/product"}],"replies":[{"embeddable":true,"href":"https:\/\/antcube.shop\/sl\/wp-json\/wp\/v2\/comments?post=8320"}],"wp:featuredmedia":[{"embeddable":true,"href":"https:\/\/antcube.shop\/sl\/wp-json\/wp\/v2\/media\/8423"}],"wp:attachment":[{"href":"https:\/\/antcube.shop\/sl\/wp-json\/wp\/v2\/media?parent=8320"}],"wp:term":[{"taxonomy":"product_brand","embeddable":true,"href":"https:\/\/antcube.shop\/sl\/wp-json\/wp\/v2\/product_brand?post=8320"},{"taxonomy":"product_cat","embeddable":true,"href":"https:\/\/antcube.shop\/sl\/wp-json\/wp\/v2\/product_cat?post=8320"},{"taxonomy":"product_tag","embeddable":true,"href":"https:\/\/antcube.shop\/sl\/wp-json\/wp\/v2\/product_tag?post=8320"}],"curies":[{"name":"wp","href":"https:\/\/api.w.org\/{rel}","templated":true}]}}