{"id":8197,"date":"2024-06-10T10:30:29","date_gmt":"2024-06-10T08:30:29","guid":{"rendered":"https:\/\/antcube.shop\/product\/unisex-hoodie-2\/"},"modified":"2024-12-12T11:08:24","modified_gmt":"2024-12-12T10:08:24","slug":"unisex-majica-s-kapuco-2","status":"publish","type":"product","link":"https:\/\/antcube.shop\/sl\/izdelek\/unisex-majica-s-kapuco-2\/","title":{"rendered":"Unisex kapuca s kapuco"},"content":{"rendered":"<p>Vsakdo potrebuje udobno mikino s kapuco, v katero se lahko zvije, zato izberite mehko, gladko in elegantno. To je popolna izbira za hladnej\u0161e ve\u010dere!<\/p>\n<p>- 50% predhodno skr\u010den bomba\u017e, 50% poliester<br \/>\n- Te\u017ea tkanine: 8,0 oz\/yd\u00b2 (271,25 g\/m\u00b2)<br \/>\n- Zra\u010dno predena preja z mehkim otipom in zmanj\u0161anim \u017evrkljanjem<br \/>\n- Dvojno podlo\u017eena kapuca z ustrezno vrvico<br \/>\n- \u010cetrtinsko obrnjeno telo, da se izognete gubam na sredini<br \/>\n- 1 \u00d7 1 \u0161portne pletene man\u0161ete in pas s spandeksom<br \/>\n- Sprednji \u017eep<br \/>\n- Ovratnik, ramena, rokavne odprtine, man\u0161ete in spodnji rob z dvojnim \u0161ivom<br \/>\n- prazen izdelek, ki izvira iz Banglade\u0161a, Nikaragve, Hondurasa ali Salvadorja<\/p>\n<p>Ta izdelek je izdelan posebej za vas takoj, ko ga naro\u010dite, zato traja nekoliko dlje, da vam ga dostavimo. Izdelava izdelkov po naro\u010dilu namesto v razsutem stanju pomaga zmanj\u0161ati prekomerno proizvodnjo, zato se vam zahvaljujemo za premi\u0161ljene nakupne odlo\u010ditve!<\/p>","protected":false},"excerpt":{"rendered":"<p>Vsakdo potrebuje udobno mikino s kapuco, v katero se lahko zvije, zato izberite mehko, gladko in elegantno. To je popolna izbira za hladnej\u0161e ve\u010dere! - 50% predhodno skr\u010den bomba\u017e, 50% poliester - Te\u017ea tkanine: 8,0 oz\/yd\u00b2 (271,25 g\/m\u00b2) - Zra\u010dno predena preja z mehkim otipom in zmanj\u0161anim \u017evrkljanjem - Dvojno podlo\u017eena kapuca z ujemanjem","protected":false},"featured_media":8290,"comment_status":"open","ping_status":"closed","template":"","meta":{"_acf_changed":false,"content-type":"","_monsterinsights_skip_tracking":false,"_monsterinsights_sitenote_active":false,"_monsterinsights_sitenote_note":"","_monsterinsights_sitenote_category":0},"product_brand":[],"product_cat":[245],"product_tag":[],"class_list":{"0":"post-8197","1":"product","2":"type-product","3":"status-publish","4":"has-post-thumbnail","6":"product_cat-merchandise","8":"first","9":"instock","10":"taxable","11":"shipping-taxable","12":"purchasable","13":"product-type-variable"},"acf":[],"aioseo_notices":[],"jetpack_sharing_enabled":true,"_links":{"self":[{"href":"https:\/\/antcube.shop\/sl\/wp-json\/wp\/v2\/product\/8197","targetHints":{"allow":["GET"]}}],"collection":[{"href":"https:\/\/antcube.shop\/sl\/wp-json\/wp\/v2\/product"}],"about":[{"href":"https:\/\/antcube.shop\/sl\/wp-json\/wp\/v2\/types\/product"}],"replies":[{"embeddable":true,"href":"https:\/\/antcube.shop\/sl\/wp-json\/wp\/v2\/comments?post=8197"}],"wp:featuredmedia":[{"embeddable":true,"href":"https:\/\/antcube.shop\/sl\/wp-json\/wp\/v2\/media\/8290"}],"wp:attachment":[{"href":"https:\/\/antcube.shop\/sl\/wp-json\/wp\/v2\/media?parent=8197"}],"wp:term":[{"taxonomy":"product_brand","embeddable":true,"href":"https:\/\/antcube.shop\/sl\/wp-json\/wp\/v2\/product_brand?post=8197"},{"taxonomy":"product_cat","embeddable":true,"href":"https:\/\/antcube.shop\/sl\/wp-json\/wp\/v2\/product_cat?post=8197"},{"taxonomy":"product_tag","embeddable":true,"href":"https:\/\/antcube.shop\/sl\/wp-json\/wp\/v2\/product_tag?post=8197"}],"curies":[{"name":"wp","href":"https:\/\/api.w.org\/{rel}","templated":true}]}}