{"id":8185,"date":"2024-06-10T10:28:06","date_gmt":"2024-06-10T08:28:06","guid":{"rendered":"https:\/\/antcube.shop\/product\/boxer-briefs\/"},"modified":"2024-12-12T11:08:38","modified_gmt":"2024-12-12T10:08:38","slug":"bokserske-hlace","status":"publish","type":"product","link":"https:\/\/antcube.shop\/sl\/izdelek\/bokserske-hlace\/","title":{"rendered":"Kratke hla\u010de Boxer"},"content":{"rendered":"<p>Te boksarice so izdelane iz mehkega in raztegljivega materiala, ki zagotavlja udobje skozi ves dan. Boksarice nimajo zadnjega \u0161iva in imajo podlo\u017eeno sprednjo vre\u010do za dodatno udobje in podporo. <\/p>\n<p>- 95% poliester, 5% elastan (sestava tkanine se lahko razlikuje glede na 1%)<br \/>\n- Srednje visok<br \/>\n- Podlo\u017eena sprednja vre\u010dka za dodatno podporo<br \/>\n- 4 cm \u0161irok elasti\u010dni pas, prekrit s tkanino<br \/>\n- Plo\u0161\u010da medno\u017eja <br \/>\n- Overlock in pokrivni \u0161iv <br \/>\n- Brez zadnjega \u0161iva za ve\u010dje udobje<br \/>\n- Sestavni deli praznih izdelkov v EU, ki izvirajo iz Litve<br \/>\n- Sestavni deli izdelkov v Mehiki, ki se dobavljajo iz ZDA in Kitajske<\/p>","protected":false},"excerpt":{"rendered":"<p>Te bokserice so izdelane iz mehkega in raztegljivega materiala, ki zagotavlja udobje skozi ves dan. Boksarice nimajo zadnjega \u0161iva in imajo podlo\u017eeno sprednjo vre\u010dko za dodatno udobje in podporo. - 95% poliester, 5% elastan (sestava tkanine se lahko razlikuje glede na 1%) - srednji pas - podlo\u017eena sprednja vre\u010dka za dodatno udobje","protected":false},"featured_media":8195,"comment_status":"open","ping_status":"closed","template":"","meta":{"_acf_changed":false,"content-type":"","_monsterinsights_skip_tracking":false,"_monsterinsights_sitenote_active":false,"_monsterinsights_sitenote_note":"","_monsterinsights_sitenote_category":0},"product_brand":[],"product_cat":[245],"product_tag":[],"class_list":{"0":"post-8185","1":"product","2":"type-product","3":"status-publish","4":"has-post-thumbnail","6":"product_cat-merchandise","8":"first","9":"instock","10":"taxable","11":"shipping-taxable","12":"purchasable","13":"product-type-variable"},"acf":[],"aioseo_notices":[],"jetpack_sharing_enabled":true,"_links":{"self":[{"href":"https:\/\/antcube.shop\/sl\/wp-json\/wp\/v2\/product\/8185","targetHints":{"allow":["GET"]}}],"collection":[{"href":"https:\/\/antcube.shop\/sl\/wp-json\/wp\/v2\/product"}],"about":[{"href":"https:\/\/antcube.shop\/sl\/wp-json\/wp\/v2\/types\/product"}],"replies":[{"embeddable":true,"href":"https:\/\/antcube.shop\/sl\/wp-json\/wp\/v2\/comments?post=8185"}],"wp:featuredmedia":[{"embeddable":true,"href":"https:\/\/antcube.shop\/sl\/wp-json\/wp\/v2\/media\/8195"}],"wp:attachment":[{"href":"https:\/\/antcube.shop\/sl\/wp-json\/wp\/v2\/media?parent=8185"}],"wp:term":[{"taxonomy":"product_brand","embeddable":true,"href":"https:\/\/antcube.shop\/sl\/wp-json\/wp\/v2\/product_brand?post=8185"},{"taxonomy":"product_cat","embeddable":true,"href":"https:\/\/antcube.shop\/sl\/wp-json\/wp\/v2\/product_cat?post=8185"},{"taxonomy":"product_tag","embeddable":true,"href":"https:\/\/antcube.shop\/sl\/wp-json\/wp\/v2\/product_tag?post=8185"}],"curies":[{"name":"wp","href":"https:\/\/api.w.org\/{rel}","templated":true}]}}