{"id":7501,"date":"2024-04-04T11:27:23","date_gmt":"2024-04-04T09:27:23","guid":{"rendered":"https:\/\/antcube.shop\/product\/ant-maze-20x20-l\/"},"modified":"2026-03-30T18:32:02","modified_gmt":"2026-03-30T16:32:02","slug":"labirint-iz-mravelj-20x20-l","status":"publish","type":"product","link":"https:\/\/antcube.shop\/sl\/izdelek\/labirint-iz-mravelj-20x20-l\/","title":{"rendered":"Labirint za mravlje 20\u00d720 - L"},"content":{"rendered":"<p><strong>Dimenzije:<\/strong><br \/>\n190x250x36 mm <strong>vi\u0161ina poti:<\/strong> 20 mm <strong>\u0161irina poti:<\/strong> 10 mm-15 mm<\/p>\n<p><strong>Material:<\/strong> akrilno steklo<\/p>\n<p><strong>Barva:<\/strong> kristalno \u010dista, prozorna<\/p>\n<p><strong>Vsebina:<\/strong><br \/>\n1x Labirint za mravlje L s 5x drsnim regulatorjem<\/p>\n<p><strong>Povezava:<\/strong> 2x priklju\u010dna vti\u010dnica 16 mm za cev 20\/16 mm<\/p>\n<p><strong>Opis:<\/strong> Ploski formikarij z labirintom za mravlje, sestavljen iz ve\u010d ve\u010dplastnih plo\u0161\u010d. Labirint za mravlje je mogo\u010de raz\u0161iriti s cevmi ali priklju\u010diti na mravlji\u0161\u010de z vgrajenimi priklju\u010dnimi vti\u010dnicami. Pet vgrajenih drsnikov omogo\u010da mravljam, da odprejo ali zaprejo razli\u010dne poti v labirintu. To se lahko uporablja za poskuse na primer v izobra\u017eevalnih ustanovah ali doma za opazovanje, kako se mravlje znajdejo in prilagodijo nenadnim spremembam poti, na primer do obmo\u010dij hranjenja.<\/p>\n<p><strong>Opomba:<\/strong> Nastanejo lahko vrzeli do 0,5 mm.<\/p>\n<p><strong>Opomba o priklju\u010dnih vti\u010dnicah<\/strong><br \/>\nPri name\u0161\u010danju ali odstranjevanju cevi upo\u0161tevajte naslednje:<br \/>\n\u010ce se cev zelo te\u017eko prilega priklju\u010dni vti\u010dnici, vti\u010dnico rahlo natrite s kapljico na\u0161ega olja ali pra\u0161ka proti razbijanju. Nato je treba cev potisniti na vti\u010dnico z vrtenjem ali vija\u010denjem, ne da bi vti\u010dnico obremenjevali z gibi navzgor in navzdol. Enako velja za odstranjevanje cevi iz priklju\u010dne vti\u010dnice na kmetiji. Ne potegnite je preprosto s sebe!<\/p>","protected":false},"excerpt":{"rendered":"<p>Povezava: Vti\u010dnica 2x 16 mm<\/p>","protected":false},"featured_media":7603,"comment_status":"open","ping_status":"closed","template":"","meta":{"_acf_changed":false,"content-type":"","_monsterinsights_skip_tracking":false,"_monsterinsights_sitenote_active":false,"_monsterinsights_sitenote_note":"","_monsterinsights_sitenote_category":0},"product_brand":[],"product_cat":[257,119,239,91],"product_tag":[],"class_list":{"0":"post-7501","1":"product","2":"type-product","3":"status-publish","4":"has-post-thumbnail","6":"product_cat-new-innovatve-products","7":"product_cat-formicarium-components","8":"product_cat-useful-additions","9":"product_cat-formicarium-modules","11":"first","12":"instock","13":"taxable","14":"shipping-taxable","15":"purchasable","16":"product-type-simple"},"acf":[],"aioseo_notices":[],"jetpack_sharing_enabled":true,"_links":{"self":[{"href":"https:\/\/antcube.shop\/sl\/wp-json\/wp\/v2\/product\/7501","targetHints":{"allow":["GET"]}}],"collection":[{"href":"https:\/\/antcube.shop\/sl\/wp-json\/wp\/v2\/product"}],"about":[{"href":"https:\/\/antcube.shop\/sl\/wp-json\/wp\/v2\/types\/product"}],"replies":[{"embeddable":true,"href":"https:\/\/antcube.shop\/sl\/wp-json\/wp\/v2\/comments?post=7501"}],"wp:featuredmedia":[{"embeddable":true,"href":"https:\/\/antcube.shop\/sl\/wp-json\/wp\/v2\/media\/7603"}],"wp:attachment":[{"href":"https:\/\/antcube.shop\/sl\/wp-json\/wp\/v2\/media?parent=7501"}],"wp:term":[{"taxonomy":"product_brand","embeddable":true,"href":"https:\/\/antcube.shop\/sl\/wp-json\/wp\/v2\/product_brand?post=7501"},{"taxonomy":"product_cat","embeddable":true,"href":"https:\/\/antcube.shop\/sl\/wp-json\/wp\/v2\/product_cat?post=7501"},{"taxonomy":"product_tag","embeddable":true,"href":"https:\/\/antcube.shop\/sl\/wp-json\/wp\/v2\/product_tag?post=7501"}],"curies":[{"name":"wp","href":"https:\/\/api.w.org\/{rel}","templated":true}]}}