{"id":7496,"date":"2024-04-04T11:21:13","date_gmt":"2024-04-04T09:21:13","guid":{"rendered":"https:\/\/antcube.shop\/product\/beckenverbinder-3-4-zu-32mm-glasklar\/"},"modified":"2026-04-01T12:30:05","modified_gmt":"2026-04-01T10:30:05","slug":"prikljucek-za-umivalnik-3-4-do-32-mm-steklo-prozorno","status":"publish","type":"product","link":"https:\/\/antcube.shop\/sl\/izdelek\/prikljucek-za-umivalnik-3-4-do-32-mm-steklo-prozorno\/","title":{"rendered":"Priklju\u010dek za umivalnik od 3\/4\u2033 do 32 mm - prozorno steklo"},"content":{"rendered":"<p><span data-text-color=\"alert\"><strong>Pozornost:<\/strong> <\/span>matico, potrebno za pritrditev, je treba naro\u010diti posebej.<\/p>\n<p><strong>Koli\u010dina:<\/strong> 1 kos<\/p>\n<p><strong>Barva:<\/strong> glassclear<\/p>\n<p><strong>Material:<\/strong> Plastika<\/p>\n<p><strong>Opis:<\/strong> Ta priklju\u010dek za cevi za umivalnik 3\/4\" se prilega luknji s premerom 27 mm in zunanjemu premeru cevi 32 mm.<\/p>","protected":false},"excerpt":{"rendered":"<p>Pozor: matico, potrebno za pritrditev, je treba naro\u010diti posebej Koli\u010dina: 1 kos Barva: prozorno steklo Material: 1 kos: Plastika Opis: Ta priklju\u010dek za cevi za umivalnik 3\/4\" se prilega luknji 27 mm in zunanjemu premeru cevi 32 mm.<\/p>","protected":false},"featured_media":7511,"comment_status":"open","ping_status":"closed","template":"","meta":{"_acf_changed":false,"content-type":"","_monsterinsights_skip_tracking":false,"_monsterinsights_sitenote_active":false,"_monsterinsights_sitenote_note":"","_monsterinsights_sitenote_category":0},"product_brand":[],"product_cat":[257,345,119,121],"product_tag":[],"class_list":{"0":"post-7496","1":"product","2":"type-product","3":"status-publish","4":"has-post-thumbnail","6":"product_cat-new-innovatve-products","7":"product_cat-pipe-connectors","8":"product_cat-formicarium-components","9":"product_cat-connectors","11":"first","12":"instock","13":"taxable","14":"shipping-taxable","15":"purchasable","16":"product-type-simple"},"acf":[],"aioseo_notices":[],"jetpack_sharing_enabled":true,"_links":{"self":[{"href":"https:\/\/antcube.shop\/sl\/wp-json\/wp\/v2\/product\/7496","targetHints":{"allow":["GET"]}}],"collection":[{"href":"https:\/\/antcube.shop\/sl\/wp-json\/wp\/v2\/product"}],"about":[{"href":"https:\/\/antcube.shop\/sl\/wp-json\/wp\/v2\/types\/product"}],"replies":[{"embeddable":true,"href":"https:\/\/antcube.shop\/sl\/wp-json\/wp\/v2\/comments?post=7496"}],"wp:featuredmedia":[{"embeddable":true,"href":"https:\/\/antcube.shop\/sl\/wp-json\/wp\/v2\/media\/7511"}],"wp:attachment":[{"href":"https:\/\/antcube.shop\/sl\/wp-json\/wp\/v2\/media?parent=7496"}],"wp:term":[{"taxonomy":"product_brand","embeddable":true,"href":"https:\/\/antcube.shop\/sl\/wp-json\/wp\/v2\/product_brand?post=7496"},{"taxonomy":"product_cat","embeddable":true,"href":"https:\/\/antcube.shop\/sl\/wp-json\/wp\/v2\/product_cat?post=7496"},{"taxonomy":"product_tag","embeddable":true,"href":"https:\/\/antcube.shop\/sl\/wp-json\/wp\/v2\/product_tag?post=7496"}],"curies":[{"name":"wp","href":"https:\/\/api.w.org\/{rel}","templated":true}]}}