{"id":6739,"date":"2023-12-12T15:09:04","date_gmt":"2023-12-12T14:09:04","guid":{"rendered":"https:\/\/antcube.shop\/product\/ameisenarena-abdeckung-60x30\/"},"modified":"2026-04-04T06:34:10","modified_gmt":"2026-04-04T04:34:10","slug":"mravljisce-60x30","status":"publish","type":"product","link":"https:\/\/antcube.shop\/sl\/izdelek\/mravljisce-60x30\/","title":{"rendered":"Mravlji\u0161\u010de, ki pokriva 60\u00d730"},"content":{"rendered":"<p><strong>Dimenzije (Dx\u0160xV):<\/strong> 60x30x0,4 cm<\/p>\n<p><strong>Material:<\/strong> Plavajo\u010de steklo<\/p>\n<p><strong>Barva:<\/strong> prozorno \/ transparentno<\/p>\n<p><strong>Vsebina:<\/strong><br \/>\n1x pokrov za areno za mravlje<br \/>\n1x pritrdilne to\u010dke 4 kosi.<\/p>\n<p><strong>Opis:<\/strong><br \/>\nStekleni pokrov za mravlji\u0161\u010de kot za\u0161\u010dita pred pobegom<\/p>\n<p><strong>Kako uporabljati:<\/strong><br \/>\nPokrov za mravlji\u0161\u010da, ki je izdelan iz stekla, se lahko namesti na mravlji\u0161\u010de kot za\u0161\u010dita pred pobegom in za uravnavanje klime.<br \/>\nV 50-milimetrske odprtine je mogo\u010de vstaviti razli\u010dne module za nadzor klime, npr. prezra\u010devalne re\u0161etke, razsvetljavo ali vla\u017eenje zraka.<br \/>\nDa bi prepre\u010dili pobeg mravelj skozi odprtine, je treba na spodnjo stran okrog odprtin nanesti za\u0161\u010dito proti izpadu (olje, pra\u0161ek ali lak).<\/p>\n<p><strong>Opomba:<\/strong><br \/>\nKer je izdelek narejen iz stekla in je zato krhek, je treba z njim ravnati zelo previdno.<\/p>","protected":false},"excerpt":{"rendered":"<p>Stekleni pokrov za mravlji\u0161\u010de kot za\u0161\u010dita pred pobegom<\/p>","protected":false},"featured_media":6730,"comment_status":"open","ping_status":"closed","template":"","meta":{"_acf_changed":false,"content-type":"","_monsterinsights_skip_tracking":false,"_monsterinsights_sitenote_active":false,"_monsterinsights_sitenote_note":"","_monsterinsights_sitenote_category":0},"product_brand":[],"product_cat":[91,92],"product_tag":[],"class_list":{"0":"post-6739","1":"product","2":"type-product","3":"status-publish","4":"has-post-thumbnail","6":"product_cat-formicarium-modules","7":"product_cat-arena-cover","9":"first","10":"instock","11":"taxable","12":"shipping-taxable","13":"purchasable","14":"product-type-simple"},"acf":[],"aioseo_notices":[],"jetpack_sharing_enabled":true,"_links":{"self":[{"href":"https:\/\/antcube.shop\/sl\/wp-json\/wp\/v2\/product\/6739","targetHints":{"allow":["GET"]}}],"collection":[{"href":"https:\/\/antcube.shop\/sl\/wp-json\/wp\/v2\/product"}],"about":[{"href":"https:\/\/antcube.shop\/sl\/wp-json\/wp\/v2\/types\/product"}],"replies":[{"embeddable":true,"href":"https:\/\/antcube.shop\/sl\/wp-json\/wp\/v2\/comments?post=6739"}],"wp:featuredmedia":[{"embeddable":true,"href":"https:\/\/antcube.shop\/sl\/wp-json\/wp\/v2\/media\/6730"}],"wp:attachment":[{"href":"https:\/\/antcube.shop\/sl\/wp-json\/wp\/v2\/media?parent=6739"}],"wp:term":[{"taxonomy":"product_brand","embeddable":true,"href":"https:\/\/antcube.shop\/sl\/wp-json\/wp\/v2\/product_brand?post=6739"},{"taxonomy":"product_cat","embeddable":true,"href":"https:\/\/antcube.shop\/sl\/wp-json\/wp\/v2\/product_cat?post=6739"},{"taxonomy":"product_tag","embeddable":true,"href":"https:\/\/antcube.shop\/sl\/wp-json\/wp\/v2\/product_tag?post=6739"}],"curies":[{"name":"wp","href":"https:\/\/api.w.org\/{rel}","templated":true}]}}