{"id":6738,"date":"2023-12-12T15:03:31","date_gmt":"2023-12-12T14:03:31","guid":{"rendered":"https:\/\/antcube.shop\/product\/rahmen-fur-schiebetur\/"},"modified":"2026-04-15T13:37:53","modified_gmt":"2026-04-15T11:37:53","slug":"okvir-za-drsna-vrata","status":"publish","type":"product","link":"https:\/\/antcube.shop\/sl\/izdelek\/okvir-za-drsna-vrata\/","title":{"rendered":"Okvir za drsna vrata"},"content":{"rendered":"<p><strong>Dimenzije:<\/strong> 250x 270x 20 mm<\/p>\n<p><strong>Material:<\/strong> PMMA<\/p>\n<p><strong>Vsebina:<\/strong><br \/>\n1x okvir<br \/>\n4x stranske vrstice<br \/>\n4x poglobljeni vijaki M4 20 mm<\/p>\n<p><strong>Barva:<\/strong> Kristalno \u010dista<\/p>\n<p><strong>Opis:<\/strong><br \/>\nNatan\u010dno prilegajo\u010d se okvir za za\u0161\u010dito pred prebojem za na\u0161e formikarije z drsnimi vrati 30x30x60.<\/p>\n<p><strong>Priponka:<\/strong><br \/>\nLahko ga namestite neposredno na vijak, ki je \u017ee prisoten v drsnih vratih formikarija.<\/p>","protected":false},"excerpt":{"rendered":"<p>Akrilni okvir kot za\u0161\u010dita pred izbruhi za drsna vrata ANTCUBE Formicarium<\/p>","protected":false},"featured_media":6716,"comment_status":"open","ping_status":"closed","template":"","meta":{"_acf_changed":false,"content-type":"","_monsterinsights_skip_tracking":false,"_monsterinsights_sitenote_active":false,"_monsterinsights_sitenote_note":"","_monsterinsights_sitenote_category":0},"product_brand":[],"product_cat":[91,93],"product_tag":[],"class_list":{"0":"post-6738","1":"product","2":"type-product","3":"status-publish","4":"has-post-thumbnail","6":"product_cat-formicarium-modules","7":"product_cat-arena-frame","9":"first","10":"outofstock","11":"taxable","12":"shipping-taxable","13":"purchasable","14":"product-type-simple"},"acf":[],"aioseo_notices":[],"jetpack_sharing_enabled":true,"_links":{"self":[{"href":"https:\/\/antcube.shop\/sl\/wp-json\/wp\/v2\/product\/6738","targetHints":{"allow":["GET"]}}],"collection":[{"href":"https:\/\/antcube.shop\/sl\/wp-json\/wp\/v2\/product"}],"about":[{"href":"https:\/\/antcube.shop\/sl\/wp-json\/wp\/v2\/types\/product"}],"replies":[{"embeddable":true,"href":"https:\/\/antcube.shop\/sl\/wp-json\/wp\/v2\/comments?post=6738"}],"wp:featuredmedia":[{"embeddable":true,"href":"https:\/\/antcube.shop\/sl\/wp-json\/wp\/v2\/media\/6716"}],"wp:attachment":[{"href":"https:\/\/antcube.shop\/sl\/wp-json\/wp\/v2\/media?parent=6738"}],"wp:term":[{"taxonomy":"product_brand","embeddable":true,"href":"https:\/\/antcube.shop\/sl\/wp-json\/wp\/v2\/product_brand?post=6738"},{"taxonomy":"product_cat","embeddable":true,"href":"https:\/\/antcube.shop\/sl\/wp-json\/wp\/v2\/product_cat?post=6738"},{"taxonomy":"product_tag","embeddable":true,"href":"https:\/\/antcube.shop\/sl\/wp-json\/wp\/v2\/product_tag?post=6738"}],"curies":[{"name":"wp","href":"https:\/\/api.w.org\/{rel}","templated":true}]}}