{"id":6737,"date":"2023-12-12T15:03:25","date_gmt":"2023-12-12T14:03:25","guid":{"rendered":"https:\/\/antcube.shop\/product\/antcube-starter-set-fur-weberameisen-gros\/"},"modified":"2026-04-15T13:37:57","modified_gmt":"2026-04-15T11:37:57","slug":"zacetni-set-za-tkalske-mravlje-velik","status":"publish","type":"product","link":"https:\/\/antcube.shop\/sl\/izdelek\/zacetni-set-za-tkalske-mravlje-velik\/","title":{"rendered":"ANTCUBE - Za\u010detni set za tkalske mravlje - velik"},"content":{"rendered":"<p><span data-text-color=\"alert\"><strong>Dostava je mogo\u010da le prek posredovanja na paleti.<\/strong><\/span><\/p>\n<p><strong>Vsebina:<\/strong><br \/>\n1x ANTCUBE Arena 30x30x60 z drsnimi vrati<br \/>\n1x okvir za mravlji\u0161\u010de 30\u00d730<br \/>\n1x pokrov za mravlji\u0161\u010de 30\u00d730<br \/>\n1x pritrdilna to\u010dka za pokrov arene (4 kosi)<\/p>\n<p>1x okvir za drsna vrata<br \/>\nRazpr\u0161ilna steklenica z razpr\u0161ilnikom 0,5 litra - medeninasta \u0161oba<br \/>\n1x Foto hrbtna stena - de\u017eevni gozd - 30\u00d760 - visoka<br \/>\n1x podstavek za formikarij 30\u00d730 cm<br \/>\n1x substrat rainforest 1 kg<\/p>\n<p>7x Grid insert acrylic &#8211; 50 mm with sealing ring<br \/>\n1x drinking clear 5ml &#8211; sponge<br \/>\n1x Feeding dish white rectangle &#8211; 3 compartments<br \/>\n1x Drinking trough 2ml &#8211; 360 Degrees<br \/>\n1x pinceta iz vzmetnega jekla \u0161iroka - mehka<br \/>\n1x standardna plasti\u010dna pinceta<br \/>\n1x olje za za\u0161\u010dito pred izbruhom mravelj<br \/>\n1x ro\u010dna lupa - 2x - 30 mm<br \/>\n1x penasti brisalec 150x18x2,5 mm<\/p>\n<p><strong>Can be ordered with shipping by forwarding agent on pallet in our second store ANTCUBE:<\/strong><\/p>\n<blockquote class=\"wp-embedded-content\" data-secret=\"ej6pTCxvgs\"><p><a href=\"https:\/\/antcube.shop\/product\/starter-set-for-weaver-ants-large\/\">ANTCUBE - Za\u010detni set za tkalske mravlje - velik<\/a><\/p><\/blockquote>\n<p><iframe loading=\"lazy\" class=\"wp-embedded-content\" sandbox=\"allow-scripts\" security=\"restricted\" style=\"position: absolute; visibility: hidden;\" title=\"&#8222;ANTCUBE &#8211; Starter set for weaver ants &#8211; large&#8220; &#8211; ANTCUBE\" src=\"https:\/\/antcube.shop\/product\/starter-set-for-weaver-ants-large\/embed\/#?secret=8EE7Sy4tG2#?secret=ej6pTCxvgs\" data-secret=\"ej6pTCxvgs\" width=\"600\" height=\"338\" frameborder=\"0\" marginwidth=\"0\" marginheight=\"0\" scrolling=\"no\"><\/iframe><\/p>\n<p><strong>Opis:<\/strong><br \/>\nTa raz\u0161irljivi za\u010detni set, posebej za razli\u010dne vrste tkalskih mravelj, kot sta Polyrhachis spec. ali Oecophylla spec., vklju\u010duje ne le optimalno prilagojen formikarij, temve\u010d tudi ustrezne pripomo\u010dke za gojenje teh vrst mravelj.<\/p>\n<p>The sliding door in the front (opening 150x200mm) facilitates the work in the formicarium, even with large colonies or planting of the formicarium with a host plant for example Oecophylla smaragdina. Additional formicariums can be connected via the two 50mm holes on the side. The stainless steel grid inserts provide good ventilation and are robust against mechanical impact. If necessary, the humidity can be increased with the spray bottle. The drinker clear 5ml &#8211; sponge is intended for the supply of fresh water, the drinker 2ml &#8211; 360 degrees for honey or sugar solution.<\/p>\n<p><strong>Pomembno: <\/strong>Pred uporabo substrat navla\u017eite, da se me\u0161anica lahko zdru\u017ei in trdno oprime v mravlji\u0161\u010du. Poleg tega lahko presuh in pra\u0161en substrat povzro\u010di zama\u0161itev dihalnih poti mravelj in v najslab\u0161em primeru se \u017eivali zadu\u0161ijo.<\/p>\n<p><strong>Pomembno opozorilo o okvirju drsnih vrat:<\/strong><br \/>\nOkvir lahko preprosto pritrdite na vijake, pritrjene na vodila drsnih vrat. To storite tako, da previdno sprostite <strong>samo<\/strong> matice v notranjosti. Potreben je majhen kri\u017eni izvija\u010d (Phillipsov izvija\u010d). Sestavite okvir in ga obesite v notranjost na vijake. Nato previdno ponovno pritrdite matice in <strong>under no circumstances turn too tightly<\/strong>, otherwise the glass may be damaged.<\/p>\n<p><u><strong>Opombe o proizvodnji<\/strong><\/u><br \/>\nSteklo je bru\u0161eno v skladu z DIN 1249 s toleranco +\/- 1 mm. Za izjemno majhne vrste mravelj je potrebna dodatna za\u0161\u010dita pred razbitjem.<\/p>","protected":false},"excerpt":{"rendered":"<p>The set consists of 22 parts.<br \/>\nVelikost: <span style=\"color: #ed1c24;\"><strong>XL<\/strong><\/span><\/p>","protected":false},"featured_media":6710,"comment_status":"open","ping_status":"closed","template":"","meta":{"_acf_changed":false,"content-type":"","_monsterinsights_skip_tracking":false,"_monsterinsights_sitenote_active":false,"_monsterinsights_sitenote_note":"","_monsterinsights_sitenote_category":0},"product_brand":[],"product_cat":[354,73],"product_tag":[],"class_list":{"0":"post-6737","1":"product","2":"type-product","3":"status-publish","4":"has-post-thumbnail","6":"product_cat-starter-sets-for-weaver-ants","7":"product_cat-starter-sets","8":"product_shipping_class-forwarding-on-pallet","10":"first","11":"instock","12":"taxable","13":"shipping-taxable","14":"purchasable","15":"product-type-simple"},"acf":[],"aioseo_notices":[],"jetpack_sharing_enabled":true,"_links":{"self":[{"href":"https:\/\/antcube.shop\/sl\/wp-json\/wp\/v2\/product\/6737","targetHints":{"allow":["GET"]}}],"collection":[{"href":"https:\/\/antcube.shop\/sl\/wp-json\/wp\/v2\/product"}],"about":[{"href":"https:\/\/antcube.shop\/sl\/wp-json\/wp\/v2\/types\/product"}],"replies":[{"embeddable":true,"href":"https:\/\/antcube.shop\/sl\/wp-json\/wp\/v2\/comments?post=6737"}],"wp:featuredmedia":[{"embeddable":true,"href":"https:\/\/antcube.shop\/sl\/wp-json\/wp\/v2\/media\/6710"}],"wp:attachment":[{"href":"https:\/\/antcube.shop\/sl\/wp-json\/wp\/v2\/media?parent=6737"}],"wp:term":[{"taxonomy":"product_brand","embeddable":true,"href":"https:\/\/antcube.shop\/sl\/wp-json\/wp\/v2\/product_brand?post=6737"},{"taxonomy":"product_cat","embeddable":true,"href":"https:\/\/antcube.shop\/sl\/wp-json\/wp\/v2\/product_cat?post=6737"},{"taxonomy":"product_tag","embeddable":true,"href":"https:\/\/antcube.shop\/sl\/wp-json\/wp\/v2\/product_tag?post=6737"}],"curies":[{"name":"wp","href":"https:\/\/api.w.org\/{rel}","templated":true}]}}