{"id":6736,"date":"2023-12-12T15:03:19","date_gmt":"2023-12-12T14:03:19","guid":{"rendered":"https:\/\/antcube.shop\/product\/antcube-arena-30x30x60-mit-schiebetur\/"},"modified":"2026-03-17T08:11:00","modified_gmt":"2026-03-17T07:11:00","slug":"antcube-arena-30x30x60-z-drsnimi-vrati","status":"publish","type":"product","link":"https:\/\/antcube.shop\/sl\/izdelek\/antcube-arena-30x30x60-z-drsnimi-vrati\/","title":{"rendered":"ANTCUBE Arena 30x30x60 z drsnimi vrati"},"content":{"rendered":"<p><span data-text-color=\"alert\"><strong>Dostava je mogo\u010da le prek posredovanja na paleti.<\/strong><\/span><\/p>\n<p>ANTCUBE Arena 30x30x60 cm z drsnimi vrati in 2x 50 mm odprtino.<\/p>\n<p><strong>Dimenzije:<\/strong> 300 x 300 x 600 mm; debelina stekla 4 mm.<br \/>\n<strong>Material:<\/strong> float steklo<br \/>\n<strong>Povezava:<\/strong> 2x luknja 50 mm<\/p>\n<p><strong>Odpiranje spredaj (drsna vrata):<\/strong> 150 \u00d7 200 mm<\/p>\n<p><strong>Opis:<\/strong> Na\u0161 ANTCUBE Arena 30x30x60 z drsnimi vrati je zasnovan za udobno delo tudi v polnih formikarijih. Posebej uporabne so kot formikarij za tkalske mravlje (Polyrhachis in Oeacophylla), saj se rade gradijo visoko ali potrebujejo gostiteljsko rastlino. V na\u0161ih obi\u010dajnih arenah 30x30x60 je lahko te\u017eko odstraniti na primer odpadke \u017eivali na dnu formikarija. V tem posebej prilagojenem bazenu to ni ve\u010d te\u017eava. Tudi za bazene za hranjenje mravelj Acromyrmex ali Atta so drsna vrata zelo prakti\u010dna, saj je mogo\u010de rastlinske ostanke in druge odpadke udobno odstraniti. Poleg tega lahko z okvirjem drsnih vrat (\u0161t. izdelka 1005648), ki je na voljo posebej, prepre\u010dite, da bi \u017eivali med delom pobegnile. Za obi\u010dajno zgornje odpiranje sta lo\u010deno na voljo tudi za\u0161\u010ditni okvir za preboj 30 \u00d7 30 in pokrov arene 30 \u00d7 30.<\/p>\n<p><strong>Opomba:<\/strong> Steklo je rezano v skladu z DIN 1249 z dovoljenim odstopanjem +\/- 1 mm. Za izjemno majhne vrste mravelj je nujna dodatna za\u0161\u010dita pred razbitjem.<\/p>","protected":false},"excerpt":{"rendered":"<p><strong>Povezava:<\/strong> 2x luknja 50 mm<\/p>","protected":false},"featured_media":6727,"comment_status":"open","ping_status":"closed","template":"","meta":{"_acf_changed":false,"content-type":"","_monsterinsights_skip_tracking":false,"_monsterinsights_sitenote_active":false,"_monsterinsights_sitenote_note":"","_monsterinsights_sitenote_category":0},"product_brand":[],"product_cat":[85,86],"product_tag":[],"class_list":{"0":"post-6736","1":"product","2":"type-product","3":"status-publish","4":"has-post-thumbnail","6":"product_cat-ant-arenas","7":"product_cat-formicariums","8":"product_shipping_class-forwarding-on-pallet","10":"first","11":"instock","12":"taxable","13":"shipping-taxable","14":"purchasable","15":"product-type-simple"},"acf":[],"aioseo_notices":[],"jetpack_sharing_enabled":true,"_links":{"self":[{"href":"https:\/\/antcube.shop\/sl\/wp-json\/wp\/v2\/product\/6736","targetHints":{"allow":["GET"]}}],"collection":[{"href":"https:\/\/antcube.shop\/sl\/wp-json\/wp\/v2\/product"}],"about":[{"href":"https:\/\/antcube.shop\/sl\/wp-json\/wp\/v2\/types\/product"}],"replies":[{"embeddable":true,"href":"https:\/\/antcube.shop\/sl\/wp-json\/wp\/v2\/comments?post=6736"}],"wp:featuredmedia":[{"embeddable":true,"href":"https:\/\/antcube.shop\/sl\/wp-json\/wp\/v2\/media\/6727"}],"wp:attachment":[{"href":"https:\/\/antcube.shop\/sl\/wp-json\/wp\/v2\/media?parent=6736"}],"wp:term":[{"taxonomy":"product_brand","embeddable":true,"href":"https:\/\/antcube.shop\/sl\/wp-json\/wp\/v2\/product_brand?post=6736"},{"taxonomy":"product_cat","embeddable":true,"href":"https:\/\/antcube.shop\/sl\/wp-json\/wp\/v2\/product_cat?post=6736"},{"taxonomy":"product_tag","embeddable":true,"href":"https:\/\/antcube.shop\/sl\/wp-json\/wp\/v2\/product_tag?post=6736"}],"curies":[{"name":"wp","href":"https:\/\/api.w.org\/{rel}","templated":true}]}}