{"id":6668,"date":"2023-12-05T14:03:20","date_gmt":"2023-12-05T13:03:20","guid":{"rendered":"https:\/\/antcube.shop\/product\/arena-hochstand-20x20cm\/"},"modified":"2026-03-31T09:51:32","modified_gmt":"2026-03-31T07:51:32","slug":"arena-visoko-stojalo-20x20cm","status":"publish","type":"product","link":"https:\/\/antcube.shop\/sl\/izdelek\/arena-visoko-stojalo-20x20cm\/","title":{"rendered":"Arena visoko stojalo 20x20cm"},"content":{"rendered":"<div class=\"tab-body active\">\n<p><strong>Dimenzije:<\/strong> 20x20x10<\/p>\n<p><strong>Material: <\/strong>PMMA<\/p>\n<p><strong>Barva: <\/strong>kristalno \u010dista, prosojna, prozorna<\/p>\n<p><strong>Vsebina:<\/strong><br \/>\n4x visoka podlaga za stojalo<br \/>\n2x spredaj in zadaj z logotipom<br \/>\n2x stranski del brez logotipa<\/p>\n<p><strong>Opomba:<\/strong> Deli so dobavljeni kot komplet ali vti\u010dni sistem. Lepljenje ni potrebno.<\/p>\n<p><span data-text-color=\"alert\"><strong>POZOR:<\/strong><\/span> Dele sestavljajte previdno, saj so nekateri priklju\u010dki ob\u010dutljivi.<\/p>\n<p><strong>Opis:<\/strong> Visoko stojalo za mravlji\u0161\u010da je bilo razvito za postavitev mravlji\u0161\u010d ANTCUBE na vi\u0161ino, ki ustreza vi\u0161ini priklju\u010dkov mravlji\u0161\u010d. To omogo\u010da veliko bolj prostorsko var\u010dno uporabo formikarija s kraj\u0161im kosom cevi kot povezavo med mravlji\u0161\u010dem in mravlji\u0161\u010dem. Prav tako omogo\u010da uporabo na\u0161ih kristalno \u010distih akrilnih cevi za mravlji\u0161\u010da kot povezavo, ne da bi se bilo treba ukvarjati s koleni.<\/p>\n<p><strong>Uporaba:<\/strong> za mravlji\u0161\u010de z <strong>talna povr\u0161ina 20x20cm<\/strong><\/p>\n<\/div>","protected":false},"excerpt":{"rendered":"<p>Za mravlji\u0161\u010de s talno povr\u0161ino 20x20 cm<\/p>","protected":false},"featured_media":6586,"comment_status":"open","ping_status":"closed","template":"","meta":{"_acf_changed":false,"content-type":"","_monsterinsights_skip_tracking":false,"_monsterinsights_sitenote_active":false,"_monsterinsights_sitenote_note":"","_monsterinsights_sitenote_category":0},"product_brand":[],"product_cat":[119,239],"product_tag":[],"class_list":{"0":"post-6668","1":"product","2":"type-product","3":"status-publish","4":"has-post-thumbnail","6":"product_cat-formicarium-components","7":"product_cat-useful-additions","9":"first","10":"instock","11":"taxable","12":"shipping-taxable","13":"purchasable","14":"product-type-simple"},"acf":[],"aioseo_notices":[],"jetpack_sharing_enabled":true,"_links":{"self":[{"href":"https:\/\/antcube.shop\/sl\/wp-json\/wp\/v2\/product\/6668","targetHints":{"allow":["GET"]}}],"collection":[{"href":"https:\/\/antcube.shop\/sl\/wp-json\/wp\/v2\/product"}],"about":[{"href":"https:\/\/antcube.shop\/sl\/wp-json\/wp\/v2\/types\/product"}],"replies":[{"embeddable":true,"href":"https:\/\/antcube.shop\/sl\/wp-json\/wp\/v2\/comments?post=6668"}],"wp:featuredmedia":[{"embeddable":true,"href":"https:\/\/antcube.shop\/sl\/wp-json\/wp\/v2\/media\/6586"}],"wp:attachment":[{"href":"https:\/\/antcube.shop\/sl\/wp-json\/wp\/v2\/media?parent=6668"}],"wp:term":[{"taxonomy":"product_brand","embeddable":true,"href":"https:\/\/antcube.shop\/sl\/wp-json\/wp\/v2\/product_brand?post=6668"},{"taxonomy":"product_cat","embeddable":true,"href":"https:\/\/antcube.shop\/sl\/wp-json\/wp\/v2\/product_cat?post=6668"},{"taxonomy":"product_tag","embeddable":true,"href":"https:\/\/antcube.shop\/sl\/wp-json\/wp\/v2\/product_tag?post=6668"}],"curies":[{"name":"wp","href":"https:\/\/api.w.org\/{rel}","templated":true}]}}