{"id":6631,"date":"2023-12-04T15:12:05","date_gmt":"2023-12-04T14:12:05","guid":{"rendered":"https:\/\/antcube.shop\/product\/klebeklammern-transparent-2-stk\/"},"modified":"2026-04-16T17:07:30","modified_gmt":"2026-04-16T15:07:30","slug":"samolepilne-sponke-prozorne-2-kosa","status":"publish","type":"product","link":"https:\/\/antcube.shop\/sl\/izdelek\/samolepilne-sponke-prozorne-2-kosa\/","title":{"rendered":"Lepilne sponke - prozorne 2 kosa."},"content":{"rendered":"<p><strong>Dimenzije:<\/strong> 24 x 13 mm<br \/>\n<strong>Material:<\/strong> Akril<br \/>\n<strong>Koli\u010dina:<\/strong> 2 kosa<\/p>\n<p><strong>Opis:<\/strong> Prozorne plasti\u010dne sponke z lepljivo povr\u0161ino. Odli\u010dne za pritrditev na\u0161ih rde\u010dih folij in grelnih blazinic na sprednjo ali zadnjo stran na\u0161ih mravlji\u0161\u010d. Grelnih preprog tako ni treba trdno prilepiti na zadnjo stran mravlji\u0161\u010da in jih lahko pritrdite po potrebi. Zaradi prozornega materiala optika ni motena.<\/p>\n<p><strong>Barva:<\/strong> prozorno<\/p>","protected":false},"excerpt":{"rendered":"<p>Dimenzije: Dimenzije: 24 x 13 mm Material: Opis: 2 kosa, 2 kosa: prozorne plasti\u010dne sponke z lepljivo povr\u0161ino. Odli\u010dne za pritrditev na\u0161ih rde\u010dih folij in grelnih blazinic na sprednjo ali zadnjo stran na\u0161ih mravlji\u0161\u010d. Grelnih podlog tako ni treba trdno prilepiti na zadnjo stran mravlji\u0161\u010da in jih lahko","protected":false},"featured_media":6628,"comment_status":"open","ping_status":"closed","template":"","meta":{"_acf_changed":false,"content-type":"","_monsterinsights_skip_tracking":false,"_monsterinsights_sitenote_active":false,"_monsterinsights_sitenote_note":"","_monsterinsights_sitenote_category":0},"product_brand":[],"product_cat":[359,119,239],"product_tag":[],"class_list":{"0":"post-6631","1":"product","2":"type-product","3":"status-publish","4":"has-post-thumbnail","6":"product_cat-light-heat-humidity","7":"product_cat-formicarium-components","8":"product_cat-useful-additions","10":"first","11":"instock","12":"taxable","13":"shipping-taxable","14":"purchasable","15":"product-type-simple"},"acf":[],"aioseo_notices":[],"jetpack_sharing_enabled":true,"_links":{"self":[{"href":"https:\/\/antcube.shop\/sl\/wp-json\/wp\/v2\/product\/6631","targetHints":{"allow":["GET"]}}],"collection":[{"href":"https:\/\/antcube.shop\/sl\/wp-json\/wp\/v2\/product"}],"about":[{"href":"https:\/\/antcube.shop\/sl\/wp-json\/wp\/v2\/types\/product"}],"replies":[{"embeddable":true,"href":"https:\/\/antcube.shop\/sl\/wp-json\/wp\/v2\/comments?post=6631"}],"wp:featuredmedia":[{"embeddable":true,"href":"https:\/\/antcube.shop\/sl\/wp-json\/wp\/v2\/media\/6628"}],"wp:attachment":[{"href":"https:\/\/antcube.shop\/sl\/wp-json\/wp\/v2\/media?parent=6631"}],"wp:term":[{"taxonomy":"product_brand","embeddable":true,"href":"https:\/\/antcube.shop\/sl\/wp-json\/wp\/v2\/product_brand?post=6631"},{"taxonomy":"product_cat","embeddable":true,"href":"https:\/\/antcube.shop\/sl\/wp-json\/wp\/v2\/product_cat?post=6631"},{"taxonomy":"product_tag","embeddable":true,"href":"https:\/\/antcube.shop\/sl\/wp-json\/wp\/v2\/product_tag?post=6631"}],"curies":[{"name":"wp","href":"https:\/\/api.w.org\/{rel}","templated":true}]}}