{"id":6581,"date":"2023-12-04T13:54:37","date_gmt":"2023-12-04T12:54:37","guid":{"rendered":"https:\/\/antcube.shop\/product\/humidity-control-ii-timer\/"},"modified":"2026-04-02T12:12:11","modified_gmt":"2026-04-02T10:12:11","slug":"nadzor-vlaznosti-ii-casovnik","status":"publish","type":"product","link":"https:\/\/antcube.shop\/sl\/izdelek\/nadzor-vlaznosti-ii-casovnik\/","title":{"rendered":"Nadzor vla\u017enosti II + \u010dasovnik"},"content":{"rendered":"<p><strong>Opis:<\/strong> Humidity Control 2 je digitalni higrostat, ki ne pu\u0161\u010da ni\u010desar za\u017eelenega po neprimerljivo ni\u017eji ceni.<br \/>\nIma dva tokokroga, ki omogo\u010data razli\u010dne nastavitve za dan in no\u010d. V napravo je vgrajena ura v realnem \u010dasu, tako da je preklapljanje med dnevom in no\u010djo mogo\u010de prilagodljivo prek \u010dasa. Vgrajen je tudi \u010dasovnik, ki omogo\u010da nastavitev dveh \u010dasov vklopa in izklopa prek ure. Najmanj\u0161i \u010dasovni interval je ena minuta.<br \/>\nDruge funkcije vklju\u010dujejo funkcijo alarma (vizualnega in zvo\u010dnega), mo\u017enost preklopa iz na\u010dina vla\u017eilnika v na\u010din razvla\u017eevalnika, npr. za uporabo z ventilatorji, in mo\u017enost vplivanja na na\u010din preklopa higrostata. Dolo\u010dite lahko odstopanje, pri katerem se higrostat preklopi. Tu lahko na primer izberete vrednost 15, kar pomeni, da se vla\u017eilnik vklopi le, \u010de je izmerjena vla\u017enost 15% pod nastavljeno vrednostjo. To je lahko koristno, da prepre\u010dite nenehno vklapljanje in izklapljanje vla\u017eilnika, saj vla\u017enost v naravi tudi niha.<br \/>\nNaprave so priklju\u010dene s spojkami Schuko. Najve\u010dja preklopna zmogljivost je 1000 W. Na zaslonu je stalno prikazana izmerjena vla\u017enost. Razpon je od 1 do 99%.<\/p>\n<p>- Dva tokokroga za razli\u010dne nastavitve vla\u017enosti podnevi in pono\u010di<br \/>\n- Ura realnega \u010dasa, \u010dasi dneva so dolo\u010deni s \u010dasom<br \/>\n- Vgrajen \u010dasovnik<br \/>\n- Stalni prikaz vla\u017enosti<br \/>\n- Napravo je mogo\u010de preklopiti med vla\u017eenjem in razvla\u017eevanjem<br \/>\n- Funkcija alarma v primeru odstopanja (nastavljivo med 1% in 50% relativne vla\u017enosti)<br \/>\n- Natan\u010den daljinski senzor<br \/>\n- Ozemljene vti\u010dnice<br \/>\n- Preklopna zmogljivost max. 1000<\/p>","protected":false},"excerpt":{"rendered":"<p>Opis: Vla\u017eilni regulator 2 je digitalni higrostat, ki ne pu\u0161\u010da ni\u010desar za\u017eelenega po neprimerljivo ni\u017eji ceni. Ima dva tokokroga, ki omogo\u010data razli\u010dne nastavitve za dan in no\u010d. V napravo je vgrajena ura realnega \u010dasa, tako da je preklapljanje med dnevom in no\u010djo mogo\u010de prilagodljivo prek \u010dasa. \u010casomer je","protected":false},"featured_media":6602,"comment_status":"open","ping_status":"closed","template":"","meta":{"_acf_changed":false,"content-type":"","_monsterinsights_skip_tracking":false,"_monsterinsights_sitenote_active":false,"_monsterinsights_sitenote_note":"","_monsterinsights_sitenote_category":0},"product_brand":[],"product_cat":[359,119],"product_tag":[],"class_list":{"0":"post-6581","1":"product","2":"type-product","3":"status-publish","4":"has-post-thumbnail","6":"product_cat-light-heat-humidity","7":"product_cat-formicarium-components","9":"first","10":"instock","11":"taxable","12":"shipping-taxable","13":"purchasable","14":"product-type-simple"},"acf":[],"aioseo_notices":[],"jetpack_sharing_enabled":true,"_links":{"self":[{"href":"https:\/\/antcube.shop\/sl\/wp-json\/wp\/v2\/product\/6581","targetHints":{"allow":["GET"]}}],"collection":[{"href":"https:\/\/antcube.shop\/sl\/wp-json\/wp\/v2\/product"}],"about":[{"href":"https:\/\/antcube.shop\/sl\/wp-json\/wp\/v2\/types\/product"}],"replies":[{"embeddable":true,"href":"https:\/\/antcube.shop\/sl\/wp-json\/wp\/v2\/comments?post=6581"}],"wp:featuredmedia":[{"embeddable":true,"href":"https:\/\/antcube.shop\/sl\/wp-json\/wp\/v2\/media\/6602"}],"wp:attachment":[{"href":"https:\/\/antcube.shop\/sl\/wp-json\/wp\/v2\/media?parent=6581"}],"wp:term":[{"taxonomy":"product_brand","embeddable":true,"href":"https:\/\/antcube.shop\/sl\/wp-json\/wp\/v2\/product_brand?post=6581"},{"taxonomy":"product_cat","embeddable":true,"href":"https:\/\/antcube.shop\/sl\/wp-json\/wp\/v2\/product_cat?post=6581"},{"taxonomy":"product_tag","embeddable":true,"href":"https:\/\/antcube.shop\/sl\/wp-json\/wp\/v2\/product_tag?post=6581"}],"curies":[{"name":"wp","href":"https:\/\/api.w.org\/{rel}","templated":true}]}}