{"id":6580,"date":"2023-12-04T13:54:31","date_gmt":"2023-12-04T12:54:31","guid":{"rendered":"https:\/\/antcube.shop\/product\/thermo-control-pro-ii\/"},"modified":"2026-02-14T18:04:10","modified_gmt":"2026-02-14T17:04:10","slug":"thermo-control-pro-ii","status":"publish","type":"product","link":"https:\/\/antcube.shop\/sl\/izdelek\/thermo-control-pro-ii\/","title":{"rendered":"Thermo Control Pro II"},"content":{"rendered":"<p><strong>Opis:<\/strong> Thermo Control PRO II je nadaljnji razvoj sistema Thermo Control II. Glavne razlike so ura v realnem \u010dasu in dva temperaturna kroga, tako da je mogo\u010de nastaviti razli\u010dne temperature za dan in no\u010d. Preklop med dnevnim in no\u010dnim delovanjem je \u010dasovno nadzorovan.<br \/>\nZa razliko od modela Thermo Control II je pri tem modelu mogo\u010de \u010das nastaviti v minutah. Na voljo sta dva mo\u017ena \u010dasa vklopa in izklopa.<br \/>\nPoleg tega je mogo\u010de napravo preklopiti med na\u010dinom ogrevanja in hlajenja, npr. za delovanje ventilatorjev. Ko je dose\u017eena nastavljena temperatura, se termostat namesto izklopa vklopi.<br \/>\nNajve\u010dja preklopna zmogljivost je 1000 W. Temperaturno obmo\u010dje od 0 do 50 \u00b0C.<\/p>\n<p>- Dva preklopna tokokroga za razli\u010dne dnevne in no\u010dne nastavitve<br \/>\n- Ura realnega \u010dasa, \u010dasi dneva so dolo\u010deni s \u010dasom<br \/>\n- Vgrajen \u010dasovnik<br \/>\n- Stalni prikaz temperature<br \/>\n- Preklapljanje med na\u010dinom ogrevanja in hlajenja<br \/>\n- Funkcija alarma v primeru odstopanja (nastavljiva med 1 \u00b0C in 15 \u00b0C)<br \/>\n- 2 m dolg daljinski senzor, primeren tudi za akvarije<br \/>\n- Ozemljene vti\u010dnice<br \/>\n- Preklopna zmogljivost max. 1000 vatov<\/p>\n<p>- Priporo\u010damo za uporabo z grelnimi preprogami, grelnimi kabli, grelnimi kamni in kerami\u010dnimi sevalnimi grelniki, da se prepre\u010di pregrevanje v terariju.<\/p>\n<p><strong>Spletna povezava:<\/strong> http:\/\/www.antstore.net\/viewtopic.php?f=18&amp;p=108893<\/p>","protected":false},"excerpt":{"rendered":"<p>Opis: Thermo Control PRO II je nadaljnji razvoj modela Thermo Control II. Glavne razlike so ura v realnem \u010dasu in dva temperaturna kroga, tako da je mogo\u010de nastaviti razli\u010dne temperature za dan in no\u010d. Preklop med dnevnim in no\u010dnim delovanjem je \u010dasovno nadzorovan. V nasprotju s sistemom Thermo Control II je mogo\u010de \u010das nastaviti","protected":false},"featured_media":6600,"comment_status":"open","ping_status":"closed","template":"","meta":{"_acf_changed":false,"content-type":"","_monsterinsights_skip_tracking":false,"_monsterinsights_sitenote_active":false,"_monsterinsights_sitenote_note":"","_monsterinsights_sitenote_category":0},"product_brand":[],"product_cat":[359,119],"product_tag":[],"class_list":{"0":"post-6580","1":"product","2":"type-product","3":"status-publish","4":"has-post-thumbnail","6":"product_cat-light-heat-humidity","7":"product_cat-formicarium-components","9":"first","10":"outofstock","11":"taxable","12":"shipping-taxable","13":"purchasable","14":"product-type-simple"},"acf":[],"aioseo_notices":[],"jetpack_sharing_enabled":true,"_links":{"self":[{"href":"https:\/\/antcube.shop\/sl\/wp-json\/wp\/v2\/product\/6580","targetHints":{"allow":["GET"]}}],"collection":[{"href":"https:\/\/antcube.shop\/sl\/wp-json\/wp\/v2\/product"}],"about":[{"href":"https:\/\/antcube.shop\/sl\/wp-json\/wp\/v2\/types\/product"}],"replies":[{"embeddable":true,"href":"https:\/\/antcube.shop\/sl\/wp-json\/wp\/v2\/comments?post=6580"}],"wp:featuredmedia":[{"embeddable":true,"href":"https:\/\/antcube.shop\/sl\/wp-json\/wp\/v2\/media\/6600"}],"wp:attachment":[{"href":"https:\/\/antcube.shop\/sl\/wp-json\/wp\/v2\/media?parent=6580"}],"wp:term":[{"taxonomy":"product_brand","embeddable":true,"href":"https:\/\/antcube.shop\/sl\/wp-json\/wp\/v2\/product_brand?post=6580"},{"taxonomy":"product_cat","embeddable":true,"href":"https:\/\/antcube.shop\/sl\/wp-json\/wp\/v2\/product_cat?post=6580"},{"taxonomy":"product_tag","embeddable":true,"href":"https:\/\/antcube.shop\/sl\/wp-json\/wp\/v2\/product_tag?post=6580"}],"curies":[{"name":"wp","href":"https:\/\/api.w.org\/{rel}","templated":true}]}}