{"id":6579,"date":"2023-12-04T13:54:25","date_gmt":"2023-12-04T12:54:25","guid":{"rendered":"https:\/\/antcube.shop\/product\/thermo-control-ii-timer\/"},"modified":"2026-04-09T15:04:50","modified_gmt":"2026-04-09T13:04:50","slug":"casovnik-thermo-control-ii","status":"publish","type":"product","link":"https:\/\/antcube.shop\/sl\/izdelek\/casovnik-thermo-control-ii\/","title":{"rendered":"Thermo Control II + \u010dasovnik"},"content":{"rendered":"<p><strong>Opis:<\/strong> Pri nasledniku priljubljenih termostatov Thermo Control le cena spominja na vstopni model.<br \/>\nThermo Control 2 je digitalni termostat s temperaturnim obmo\u010djem od 0 do 50 \u00b0C. Zaradi prikaza stalne temperature deluje tudi kot termometer.<br \/>\nGrelnike z najve\u010djo skupno mo\u010djo 1200 W je mogo\u010de priklju\u010diti prek spojke Schuko. Drugi priklju\u010dek Schuko se krmili z vgrajeno funkcijo \u010dasovnika, ki se lahko uporablja za nastavitev \u010dasa delovanja na primer za razsvetljavo ali ventilatorje. Senzor je primeren za meritve v zraku in vodi ter je s termostatom povezan s kablom, prav tako kot spojka in napajalna enota.<br \/>\nPoleg tega ima Thermo Control 2 funkcijo alarma, ki vizualno in zvo\u010dno opozori, \u010de temperatura prese\u017ee ali pade pod \u017eeleno temperaturo (vrednosti lahko nastavite med 1 \u00b0C in 5 \u00b0C).<br \/>\nNaprava, brez katere ne bi smel biti noben terarij!<\/p>\n<p>- z lo\u010deno uporabnim \u010dasovnikom, npr. za razsvetljavo ali prezra\u010devanje<br \/>\n- Funkcija alarma v primeru odstopanja temperature (nastavljiva med 1 \u00b0C in 5 \u00b0C)<br \/>\n- Prikaz izmerjene temperature<br \/>\n- 2 m dolg daljinski senzor, primeren tudi za akvarije<br \/>\n- Ozemljene vti\u010dnice<br \/>\n- 1200 vatov preklopne zmogljivosti<\/p>\n<p>- Priporo\u010damo za uporabo z grelnimi preprogami, grelnimi kabli, grelnimi kamni in kerami\u010dnimi sevalnimi grelniki, da se prepre\u010di pregrevanje v terariju.<\/p>\n<p><strong>Spletna povezava:<\/strong> http:\/\/www.antstore.net\/viewtopic.php?f=18&amp;p=108893<\/p>","protected":false},"excerpt":{"rendered":"<p>Opis: Pri nasledniku priljubljenih termostatov Thermo Control le cena spominja na vstopni model. Thermo Control 2 je digitalni termostat s temperaturnim razponom 0-50 \u00b0C. Zaradi prikaza stalne temperature deluje tudi kot termometer. Grelniki z najve\u010djo skupno mo\u010djo 1200 W lahko","protected":false},"featured_media":6598,"comment_status":"open","ping_status":"closed","template":"","meta":{"_acf_changed":false,"content-type":"","_monsterinsights_skip_tracking":false,"_monsterinsights_sitenote_active":false,"_monsterinsights_sitenote_note":"","_monsterinsights_sitenote_category":0},"product_brand":[],"product_cat":[359,119],"product_tag":[],"class_list":{"0":"post-6579","1":"product","2":"type-product","3":"status-publish","4":"has-post-thumbnail","6":"product_cat-light-heat-humidity","7":"product_cat-formicarium-components","9":"first","10":"instock","11":"taxable","12":"shipping-taxable","13":"purchasable","14":"product-type-simple"},"acf":[],"aioseo_notices":[],"jetpack_sharing_enabled":true,"_links":{"self":[{"href":"https:\/\/antcube.shop\/sl\/wp-json\/wp\/v2\/product\/6579","targetHints":{"allow":["GET"]}}],"collection":[{"href":"https:\/\/antcube.shop\/sl\/wp-json\/wp\/v2\/product"}],"about":[{"href":"https:\/\/antcube.shop\/sl\/wp-json\/wp\/v2\/types\/product"}],"replies":[{"embeddable":true,"href":"https:\/\/antcube.shop\/sl\/wp-json\/wp\/v2\/comments?post=6579"}],"wp:featuredmedia":[{"embeddable":true,"href":"https:\/\/antcube.shop\/sl\/wp-json\/wp\/v2\/media\/6598"}],"wp:attachment":[{"href":"https:\/\/antcube.shop\/sl\/wp-json\/wp\/v2\/media?parent=6579"}],"wp:term":[{"taxonomy":"product_brand","embeddable":true,"href":"https:\/\/antcube.shop\/sl\/wp-json\/wp\/v2\/product_brand?post=6579"},{"taxonomy":"product_cat","embeddable":true,"href":"https:\/\/antcube.shop\/sl\/wp-json\/wp\/v2\/product_cat?post=6579"},{"taxonomy":"product_tag","embeddable":true,"href":"https:\/\/antcube.shop\/sl\/wp-json\/wp\/v2\/product_tag?post=6579"}],"curies":[{"name":"wp","href":"https:\/\/api.w.org\/{rel}","templated":true}]}}