{"id":6577,"date":"2023-12-04T13:54:13","date_gmt":"2023-12-04T12:54:13","guid":{"rendered":"https:\/\/antcube.shop\/product\/ameisenarena-nebler-gros\/"},"modified":"2026-04-02T12:12:13","modified_gmt":"2026-04-02T10:12:13","slug":"mravljisce-za-mravljisca-arena-veliko","status":"publish","type":"product","link":"https:\/\/antcube.shop\/sl\/izdelek\/mravljisce-za-mravljisca-arena-veliko\/","title":{"rendered":"Mravlji\u0161\u010de - meglenka - velika"},"content":{"rendered":"<p><strong>Vsebina:<\/strong><br \/>\n- Fogger<br \/>\n- Ustrezen \u010dep z 22 mm luknjo za pritrditev cevi na pokrov mravlji\u0161\u010da<br \/>\n- Raztegljiva cev<\/p>\n<p><strong>Material:<\/strong> plastika<\/p>\n<p><strong>Barva:<\/strong> \u010drna<\/p>\n<p>Tehni\u010dne podrobnosti:<br \/>\nNapetost: AC 120-240 V - 50\/60 Hz<br \/>\nDol\u017eina kabla: 1,20 m<br \/>\nProstornina rezervoarja za vodo: 4L<br \/>\nDol\u017eina cevi: individualno podalj\u0161ljiva med 40 in 160 cm<br \/>\nUstvarjanje megle: 150-300 ml\/h<br \/>\nNajve\u010dja vi\u0161ina zamegljevanja: 2 m s cevjo<br \/>\nbrez hrupa<\/p>\n<p>Opis:<br \/>\nZa vla\u017eenje mravlji\u0161\u010da lahko ta razpr\u0161ilec priklju\u010dite neposredno na pokrov arene za mravlje.<\/p>\n<p>&nbsp;<\/p>\n<p>&nbsp;<\/p>\n<p>Opomba: 20.01.2025 Posodobitev izdelka - nov model<\/p>","protected":false},"excerpt":{"rendered":"<p>Vsebina: - Ustrezen \u010dep z 22 mm luknjo za pritrditev cevi na pokrov mravlji\u0161\u010da - Raztegljiva cev Material: plastika Barva: \u010drna Tehni\u010dne podrobnosti: Napetost: AC 120-240 V - 50\/60 Hz Dol\u017eina kabla: 1,20 m Prostornina rezervoarja za vodo: 4 l Dol\u017eina cevi: posami\u010dno podalj\u0161ljiva med 40 in 160 cm Nastajanje megle: 1: 150-300 ml\/h Najve\u010dja [...]","protected":false},"featured_media":10944,"comment_status":"open","ping_status":"closed","template":"","meta":{"_acf_changed":false,"content-type":"","_monsterinsights_skip_tracking":false,"_monsterinsights_sitenote_active":false,"_monsterinsights_sitenote_note":"","_monsterinsights_sitenote_category":0},"product_brand":[],"product_cat":[359,119,239],"product_tag":[],"class_list":{"0":"post-6577","1":"product","2":"type-product","3":"status-publish","4":"has-post-thumbnail","6":"product_cat-light-heat-humidity","7":"product_cat-formicarium-components","8":"product_cat-useful-additions","10":"first","11":"instock","12":"taxable","13":"shipping-taxable","14":"purchasable","15":"product-type-simple"},"acf":[],"aioseo_notices":[],"jetpack_sharing_enabled":true,"_links":{"self":[{"href":"https:\/\/antcube.shop\/sl\/wp-json\/wp\/v2\/product\/6577","targetHints":{"allow":["GET"]}}],"collection":[{"href":"https:\/\/antcube.shop\/sl\/wp-json\/wp\/v2\/product"}],"about":[{"href":"https:\/\/antcube.shop\/sl\/wp-json\/wp\/v2\/types\/product"}],"replies":[{"embeddable":true,"href":"https:\/\/antcube.shop\/sl\/wp-json\/wp\/v2\/comments?post=6577"}],"wp:featuredmedia":[{"embeddable":true,"href":"https:\/\/antcube.shop\/sl\/wp-json\/wp\/v2\/media\/10944"}],"wp:attachment":[{"href":"https:\/\/antcube.shop\/sl\/wp-json\/wp\/v2\/media?parent=6577"}],"wp:term":[{"taxonomy":"product_brand","embeddable":true,"href":"https:\/\/antcube.shop\/sl\/wp-json\/wp\/v2\/product_brand?post=6577"},{"taxonomy":"product_cat","embeddable":true,"href":"https:\/\/antcube.shop\/sl\/wp-json\/wp\/v2\/product_cat?post=6577"},{"taxonomy":"product_tag","embeddable":true,"href":"https:\/\/antcube.shop\/sl\/wp-json\/wp\/v2\/product_tag?post=6577"}],"curies":[{"name":"wp","href":"https:\/\/api.w.org\/{rel}","templated":true}]}}