{"id":6576,"date":"2023-12-04T13:54:06","date_gmt":"2023-12-04T12:54:06","guid":{"rendered":"https:\/\/antcube.shop\/product\/ameisenarena-nebler-klein\/"},"modified":"2026-04-16T13:36:00","modified_gmt":"2026-04-16T11:36:00","slug":"mravljisce-za-mravljisca-arena-majhno","status":"publish","type":"product","link":"https:\/\/antcube.shop\/sl\/izdelek\/mravljisce-za-mravljisca-arena-majhno\/","title":{"rendered":"Mravlji\u0161\u010de - meglenka - majhna"},"content":{"rendered":"<p><strong>Vsebina:<\/strong><br \/>\n- Fogger<br \/>\n- Ustrezen \u010dep z 22 mm luknjo za pritrditev cevi na pokrov mravlji\u0161\u010da<br \/>\n- Raztegljiva cev<\/p>\n<p><strong>Material:<\/strong> plastika<\/p>\n<p><strong>Barva:<\/strong> \u010drna\/bela<\/p>\n<p><strong>Tehni\u010dne specifikacije:<\/strong><br \/>\nNapetost: 230 V<br \/>\nMo\u010d: 15 W (30 ml\/h)<br \/>\nDol\u017eina kabla: 1,40 m<br \/>\nProstornina rezervoarja za vodo: 360 ml<br \/>\nPovezava: Euro vti\u010d<br \/>\nDol\u017eina cevi: 60 cm -&gt; mo\u017enost podalj\u0161anja<\/p>\n<p><strong>Opis:<\/strong><br \/>\nZa vla\u017eenje mravlji\u0161\u010da se ta meglenka vstavi neposredno v pokrov mravlji\u0161\u010da.<br \/>\nMajhen meglenik Ameisenarena je namenjen vla\u017eenju zraka v majhnih terarijih. V tem modelu je tehnologija veliko preprostej\u0161a, kar omogo\u010da veliko bolj nemoteno delovanje. Voda se izlo\u010da s kapilarnim delovanjem fil\u010dne kartu\u0161e. To lahko zamenjate v nekaj preprostih korakih, kar je treba iz higienskih razlogov opravljati redno. Proizvedena meglica se samodejno usmerja skozi cev z domiselno zasnovo \u0161obe, pri \u010demer ni potreben dodaten ventilator. S tem se ponovno bistveno zmanj\u0161a mo\u017enost napak. Zmogljivost meglenja je pribli\u017eno 30 ml\/h. Rezervoar sprejme najve\u010d 360 ml. Napravo Super Fog Nano II lahko upravljate s \u010dasovnikom ali higrostatom. Zaradi premi\u010dne in raztegljive cevi lahko napravo Super Fog Nano II prilagodite vsakemu terariju. Novost je, da lahko kon\u010dni uporabnik zdaj membrano zamenja v samo nekaj preprostih korakih. Tudi vsi drugi deli so na voljo kot rezervni deli, zato je naprava Super Fog Nano II trajnostna naprava.<\/p>\n<p><strong>Hack:<\/strong><br \/>\n\u010ce potrebujete dalj\u0161o cev, lahko na meglenko priklju\u010dite na\u0161o 20\/16 mm cev (art. 1000107). Potrebovali boste tudi formikarijske \u010depke za 50 mm z 20 mm luknjo (art. 1005033 + 20 mm). Vendar upo\u0161tevajte, da dalj\u0161a kot je cev, manj megle bo doseglo formikarij.<\/p>\n<p>&nbsp;<\/p>","protected":false},"excerpt":{"rendered":"<p>Vsebina: - Ustrezen \u010dep z luknjo za pritrditev cevi na pokrov mravlji\u0161\u010da - Raztegljiva cev Material: plastika Barva: \u010drna\/bela Tehni\u010dne specifikacije: Napetost: 230 V Mo\u010d: 15 W (30 ml\/h) Dol\u017eina kabla: 1,40 m Prostornina rezervoarja za vodo: 360 ml Priklju\u010dek: Dol\u017eina cevi: 60 cm -&gt; lahko se podalj\u0161a Opis: Vti\u010d za vodo Za vla\u017eenje zraka v mravlji\u0161\u010du [...]","protected":false},"featured_media":6603,"comment_status":"open","ping_status":"closed","template":"","meta":{"_acf_changed":false,"content-type":"","_monsterinsights_skip_tracking":false,"_monsterinsights_sitenote_active":false,"_monsterinsights_sitenote_note":"","_monsterinsights_sitenote_category":0},"product_brand":[],"product_cat":[359,119],"product_tag":[],"class_list":{"0":"post-6576","1":"product","2":"type-product","3":"status-publish","4":"has-post-thumbnail","6":"product_cat-light-heat-humidity","7":"product_cat-formicarium-components","9":"first","10":"instock","11":"taxable","12":"shipping-taxable","13":"purchasable","14":"product-type-simple"},"acf":[],"aioseo_notices":[],"jetpack_sharing_enabled":true,"_links":{"self":[{"href":"https:\/\/antcube.shop\/sl\/wp-json\/wp\/v2\/product\/6576","targetHints":{"allow":["GET"]}}],"collection":[{"href":"https:\/\/antcube.shop\/sl\/wp-json\/wp\/v2\/product"}],"about":[{"href":"https:\/\/antcube.shop\/sl\/wp-json\/wp\/v2\/types\/product"}],"replies":[{"embeddable":true,"href":"https:\/\/antcube.shop\/sl\/wp-json\/wp\/v2\/comments?post=6576"}],"wp:featuredmedia":[{"embeddable":true,"href":"https:\/\/antcube.shop\/sl\/wp-json\/wp\/v2\/media\/6603"}],"wp:attachment":[{"href":"https:\/\/antcube.shop\/sl\/wp-json\/wp\/v2\/media?parent=6576"}],"wp:term":[{"taxonomy":"product_brand","embeddable":true,"href":"https:\/\/antcube.shop\/sl\/wp-json\/wp\/v2\/product_brand?post=6576"},{"taxonomy":"product_cat","embeddable":true,"href":"https:\/\/antcube.shop\/sl\/wp-json\/wp\/v2\/product_cat?post=6576"},{"taxonomy":"product_tag","embeddable":true,"href":"https:\/\/antcube.shop\/sl\/wp-json\/wp\/v2\/product_tag?post=6576"}],"curies":[{"name":"wp","href":"https:\/\/api.w.org\/{rel}","templated":true}]}}