{"id":6572,"date":"2023-12-04T11:34:48","date_gmt":"2023-12-04T10:34:48","guid":{"rendered":"https:\/\/antcube.shop\/product\/arena-vase-10x10cm-aus-glas\/"},"modified":"2026-03-30T10:30:50","modified_gmt":"2026-03-30T08:30:50","slug":"vaza-arena-10x10cm-iz-stekla","status":"publish","type":"product","link":"https:\/\/antcube.shop\/sl\/izdelek\/vaza-arena-10x10cm-iz-stekla\/","title":{"rendered":"Arena vaza 10x10cm iz stekla"},"content":{"rendered":"<p><strong>Dimenzije:<\/strong> 10 \u00d7 10,4 cm<\/p>\n<p><strong>Material:<\/strong> steklo, PMMA<\/p>\n<p><strong>Barva:<\/strong> kristalno \u010dista, prosojna, prozorna<\/p>\n<p><strong>Vsebina:<\/strong><br \/>\n1x steklena vaza 10x10cm<br \/>\n1x pokrov 10\u00d70,4 cm<\/p>\n<p><strong>Opis:<\/strong> Vaza Arena Vase je bila razvita za hranjenje kolonij listnih mravelj iz rodu Atta ali Acromyrmex. Snemljiv akrilni pokrov z luknjami in re\u017eami za razporeditev in dr\u017eanje vej krmnih rastlin se preprosto namesti na vazo. Vaza pomaga ohranjati hranilne rastline dlje \u010dasa sve\u017ee, hkrati pa s stalnim izhlapevanjem vode v rezervoarju pove\u010duje vla\u017enost v formikariju.<\/p>","protected":false},"excerpt":{"rendered":"<p>Dimenzije: Material: steklo, PMMA Barva: kristalno \u010dista, prosojna, prozorna Vsebina: 1x steklena vaza 10x20cm 1x pokrov\u010dek 10x0,4cm Opis: Vaza Arena je bila razvita za hranjenje kolonij mravelj iz rodu Atta ali Acromyrmex. Snemljiv akrilni pokrov z luknjami in re\u017eami za razporeditev in dr\u017eanje vej krmnih rastlin se preprosto postavi na","protected":false},"featured_media":6587,"comment_status":"open","ping_status":"closed","template":"","meta":{"_acf_changed":false,"content-type":"","_monsterinsights_skip_tracking":false,"_monsterinsights_sitenote_active":false,"_monsterinsights_sitenote_note":"","_monsterinsights_sitenote_category":0},"product_brand":[],"product_cat":[115,118],"product_tag":[],"class_list":{"0":"post-6572","1":"product","2":"type-product","3":"status-publish","4":"has-post-thumbnail","6":"product_cat-food-and-feeding","7":"product_cat-feeding-bowls","9":"first","10":"instock","11":"taxable","12":"shipping-taxable","13":"purchasable","14":"product-type-simple"},"acf":[],"aioseo_notices":[],"jetpack_sharing_enabled":true,"_links":{"self":[{"href":"https:\/\/antcube.shop\/sl\/wp-json\/wp\/v2\/product\/6572","targetHints":{"allow":["GET"]}}],"collection":[{"href":"https:\/\/antcube.shop\/sl\/wp-json\/wp\/v2\/product"}],"about":[{"href":"https:\/\/antcube.shop\/sl\/wp-json\/wp\/v2\/types\/product"}],"replies":[{"embeddable":true,"href":"https:\/\/antcube.shop\/sl\/wp-json\/wp\/v2\/comments?post=6572"}],"wp:featuredmedia":[{"embeddable":true,"href":"https:\/\/antcube.shop\/sl\/wp-json\/wp\/v2\/media\/6587"}],"wp:attachment":[{"href":"https:\/\/antcube.shop\/sl\/wp-json\/wp\/v2\/media?parent=6572"}],"wp:term":[{"taxonomy":"product_brand","embeddable":true,"href":"https:\/\/antcube.shop\/sl\/wp-json\/wp\/v2\/product_brand?post=6572"},{"taxonomy":"product_cat","embeddable":true,"href":"https:\/\/antcube.shop\/sl\/wp-json\/wp\/v2\/product_cat?post=6572"},{"taxonomy":"product_tag","embeddable":true,"href":"https:\/\/antcube.shop\/sl\/wp-json\/wp\/v2\/product_tag?post=6572"}],"curies":[{"name":"wp","href":"https:\/\/api.w.org\/{rel}","templated":true}]}}