{"id":6570,"date":"2023-12-04T11:34:35","date_gmt":"2023-12-04T10:34:35","guid":{"rendered":"https:\/\/antcube.shop\/product\/ameisen-treppenhaus-30cm\/"},"modified":"2026-04-09T09:31:38","modified_gmt":"2026-04-09T07:31:38","slug":"mravljincje-stopnisce-30cm","status":"publish","type":"product","link":"https:\/\/antcube.shop\/sl\/izdelek\/mravljincje-stopnisce-30cm\/","title":{"rendered":"Stopni\u0161\u010de za mravlje 30cm"},"content":{"rendered":"<p><strong>Dimenzije:<\/strong> 5x5x30cm<\/p>\n<p><strong>Material:<\/strong> PMMA<\/p>\n<p><strong>Barva:<\/strong> kristalno \u010dista, prosojna, prozorna<\/p>\n<p><strong>Vsebina:<\/strong><br \/>\n1x stopnice za mravlje 30 cm<br \/>\n2x akrilna plo\u0161\u010da za dodatno namestitev na steno<\/p>\n<p>1x blazinica za stopnice za mravlje<\/p>\n<p><strong>Opomba: <\/strong>Deli so dobavljeni kot popolnoma sestavljen izdelek. \u010ce \u017eelite pritrditi stensko monta\u017eo, preprosto sprostite akrilne vijake na vrhu in na dnu ter odstranite podstavek. Ponovno pritrdite obe akrilni plo\u0161\u010dici z vijakoma 1x na vrhu in 1x na dnu.<\/p>\n<p><strong>Povezava:<\/strong> 2x cev 20\/16 mm (zunanja) ali cev 14\/10 mm (notranja) ali 24\/20 (zunanja 2. stopnja priklju\u010dka)<\/p>\n<p><strong>Opis:<\/strong> Stopnice za mravlje se uporabljajo za premagovanje vi\u0161ine od arene do mravlji\u0161\u010da.<\/p>\n<p><strong>Uporaba:<\/strong> za mravlji\u0161\u010da <strong>dimenzije 30x30cm ali 60x30cm<\/strong><\/p>\n<p><span data-text-color=\"alert\"><strong>Pomembno za uporabo z akrilnimi cevmi:<\/strong><\/span><br \/>\nVi\u0161ina ni primerna za na\u0161e <strong>velikost XL mravlji\u0161\u010da.<\/strong><br \/>\nZa<strong> uporaba z akrilnimi cevmi<\/strong> (npr. cev proti mr\u010desu - kristalno \u010dista 20 mm - 1 m, \u0161t. izdelka 1000320) namesto cevi, potrebujete skupaj<strong> 3x \"Priklju\u010dek kristalno prozoren za 20 mm - I\"<\/strong> (\u0161t. izdelka 1005624). 1x za vti\u010dnico za mravlji\u0161\u010de in 2x za dve vti\u010dnici na stopni\u0161\u010du. Poleg tega je treba pri starih mravlji\u0161\u010dih (vsa kupljena pred 12\/2023) na vti\u010dnico mravlji\u0161\u010da potisniti \"prozoren prilagodljiv tesnilni obro\u010d\" (\u0161t. izdelka 1001437). V nasprotnem primeru \"cevni priklju\u010dek kristalno prozoren za 20 mm - I\" (\u0161t. izdelka 1005624) preohlapno sedi na vti\u010dnico mravlji\u0161\u010da. Poleg tega, \u010de je <strong>blazinica za formikarij <\/strong>ki se uporablja za mravlji\u0161\u010de ali areno, je treba uporabiti tudi za stopni\u0161\u010de, saj bo v nasprotnem primeru pri\u0161lo do majhne vi\u0161inske razlike med vti\u010dnico stopni\u0161\u010da in priklju\u010dki na mravlji\u0161\u010du in areni.<\/p>","protected":false},"excerpt":{"rendered":"<p>Za mravlji\u0161\u010da velikosti 30x30cm ali 60x30cm<\/p>","protected":false},"featured_media":6585,"comment_status":"open","ping_status":"closed","template":"","meta":{"_acf_changed":false,"content-type":"","_monsterinsights_skip_tracking":false,"_monsterinsights_sitenote_active":false,"_monsterinsights_sitenote_note":"","_monsterinsights_sitenote_category":0},"product_brand":[],"product_cat":[345,119,121,120,239],"product_tag":[],"class_list":{"0":"post-6570","1":"product","2":"type-product","3":"status-publish","4":"has-post-thumbnail","6":"product_cat-pipe-connectors","7":"product_cat-formicarium-components","8":"product_cat-connectors","9":"product_cat-hoses","10":"product_cat-useful-additions","12":"first","13":"instock","14":"taxable","15":"shipping-taxable","16":"purchasable","17":"product-type-simple"},"acf":[],"aioseo_notices":[],"jetpack_sharing_enabled":true,"_links":{"self":[{"href":"https:\/\/antcube.shop\/sl\/wp-json\/wp\/v2\/product\/6570","targetHints":{"allow":["GET"]}}],"collection":[{"href":"https:\/\/antcube.shop\/sl\/wp-json\/wp\/v2\/product"}],"about":[{"href":"https:\/\/antcube.shop\/sl\/wp-json\/wp\/v2\/types\/product"}],"replies":[{"embeddable":true,"href":"https:\/\/antcube.shop\/sl\/wp-json\/wp\/v2\/comments?post=6570"}],"wp:featuredmedia":[{"embeddable":true,"href":"https:\/\/antcube.shop\/sl\/wp-json\/wp\/v2\/media\/6585"}],"wp:attachment":[{"href":"https:\/\/antcube.shop\/sl\/wp-json\/wp\/v2\/media?parent=6570"}],"wp:term":[{"taxonomy":"product_brand","embeddable":true,"href":"https:\/\/antcube.shop\/sl\/wp-json\/wp\/v2\/product_brand?post=6570"},{"taxonomy":"product_cat","embeddable":true,"href":"https:\/\/antcube.shop\/sl\/wp-json\/wp\/v2\/product_cat?post=6570"},{"taxonomy":"product_tag","embeddable":true,"href":"https:\/\/antcube.shop\/sl\/wp-json\/wp\/v2\/product_tag?post=6570"}],"curies":[{"name":"wp","href":"https:\/\/api.w.org\/{rel}","templated":true}]}}