{"id":6564,"date":"2023-12-04T11:33:56","date_gmt":"2023-12-04T10:33:56","guid":{"rendered":"https:\/\/antcube.shop\/product\/schraub-adapter-50-auf-27-mm-bohrung\/"},"modified":"2026-04-04T12:46:29","modified_gmt":"2026-04-04T10:46:29","slug":"adapter-za-vijake-od-50-do-27-mm-luknje","status":"publish","type":"product","link":"https:\/\/antcube.shop\/sl\/izdelek\/adapter-za-vijake-od-50-do-27-mm-luknje\/","title":{"rendered":"Vija\u010dni nastavek z izvrtino od 50 do 27 mm"},"content":{"rendered":"<p><strong>Vsebina:<\/strong><br \/>\n2x akrilni disk 59 x 2 mm z luknjo 32 mm<br \/>\n1x akrilni disk 49 x 4 mm z luknjo 27 mm<br \/>\n2x vijak iz prozorne plastike M4<br \/>\n2x prozorna matica M4<\/p>\n<p><strong>Dimenzije izdelka:<\/strong> 59 x 8 mm<\/p>\n<p><strong>Material:<\/strong> PMMA<\/p>\n<p><strong>Barva:<\/strong> prozoren \/ kristalno \u010dist<\/p>\n<p><span data-text-color=\"alert\"><strong>POZOR:<\/strong><\/span> samo za na\u0161e priklju\u010dke za cev za umivalnik 27 mm - 14, 20, 24 mm - prozorni<\/p>\n<p><strong>Opis:<\/strong> Adapter za pritrditev elementov s premerom 27 mm v 50 mm luknje. Na\u0161i 27-milimetrski \u010depi prav tako ustrezajo adapterju.<\/p>\n<p>Tako omogo\u010da varno, trdno in vizualno privla\u010dno pritrditev 20 mm cevi, cevovodov ali drugih povezovalnih elementov.<\/p>\n<p><strong>Opomba:<\/strong> Dobavljen je v posameznih delih in ga je treba pritrditi s kri\u017enim izvija\u010dem.<\/p>","protected":false},"excerpt":{"rendered":"<p>Vsebina: 2x akrilni disk 59 x 2 mm z luknjo 32 mm 1x akrilni disk 49 x 4 mm z luknjo 27 mm 2x prozoren plasti\u010dni vijak M4 2x prozorna matica M4 Dimenzije izdelka: 59 x 8 mm Material: PMMA Barva: prozorna \/ kristalno \u010dista POZOR: samo za na\u0161e priklju\u010dke za cev za umivalnik 27 mm - 14, 20, 24 mm","protected":false},"featured_media":6593,"comment_status":"open","ping_status":"closed","template":"","meta":{"_acf_changed":false,"content-type":"","_monsterinsights_skip_tracking":false,"_monsterinsights_sitenote_active":false,"_monsterinsights_sitenote_note":"","_monsterinsights_sitenote_category":0},"product_brand":[],"product_cat":[345,119,121,120],"product_tag":[],"class_list":{"0":"post-6564","1":"product","2":"type-product","3":"status-publish","4":"has-post-thumbnail","6":"product_cat-pipe-connectors","7":"product_cat-formicarium-components","8":"product_cat-connectors","9":"product_cat-hoses","11":"first","12":"instock","13":"taxable","14":"shipping-taxable","15":"purchasable","16":"product-type-simple"},"acf":[],"aioseo_notices":[],"jetpack_sharing_enabled":true,"_links":{"self":[{"href":"https:\/\/antcube.shop\/sl\/wp-json\/wp\/v2\/product\/6564","targetHints":{"allow":["GET"]}}],"collection":[{"href":"https:\/\/antcube.shop\/sl\/wp-json\/wp\/v2\/product"}],"about":[{"href":"https:\/\/antcube.shop\/sl\/wp-json\/wp\/v2\/types\/product"}],"replies":[{"embeddable":true,"href":"https:\/\/antcube.shop\/sl\/wp-json\/wp\/v2\/comments?post=6564"}],"wp:featuredmedia":[{"embeddable":true,"href":"https:\/\/antcube.shop\/sl\/wp-json\/wp\/v2\/media\/6593"}],"wp:attachment":[{"href":"https:\/\/antcube.shop\/sl\/wp-json\/wp\/v2\/media?parent=6564"}],"wp:term":[{"taxonomy":"product_brand","embeddable":true,"href":"https:\/\/antcube.shop\/sl\/wp-json\/wp\/v2\/product_brand?post=6564"},{"taxonomy":"product_cat","embeddable":true,"href":"https:\/\/antcube.shop\/sl\/wp-json\/wp\/v2\/product_cat?post=6564"},{"taxonomy":"product_tag","embeddable":true,"href":"https:\/\/antcube.shop\/sl\/wp-json\/wp\/v2\/product_tag?post=6564"}],"curies":[{"name":"wp","href":"https:\/\/api.w.org\/{rel}","templated":true}]}}