{"id":6562,"date":"2023-12-04T11:33:43","date_gmt":"2023-12-04T10:33:43","guid":{"rendered":"https:\/\/antcube.shop\/product\/bundle-offer-messor-structor\/"},"modified":"2026-03-04T17:11:29","modified_gmt":"2026-03-04T16:11:29","slug":"paketna-ponudba-messor-structor","status":"publish","type":"product","link":"https:\/\/antcube.shop\/sl\/izdelek\/paketna-ponudba-messor-structor\/","title":{"rendered":"Ponudba sve\u017enja - Messor structor"},"content":{"rendered":"<p><span data-text-color=\"secondary\"><strong>Paketna ponudba vklju\u010duje kolonijo mravelj Messor structor (kraljica z 11-25 delavkami + mladi\u010di), za\u010detni set Habitat Desert M z drugim mravlji\u0161\u010dem 20\u00d720 M, 3x blazinice za formikarij in kozarec na\u0161ih posebnih celih blan\u0161iranih \u010dri\u010dkov 10 g (vla\u017ene beljakovine).<\/strong><\/span><\/p>\n<p><span data-text-color=\"alert\"><strong>Samo do porabe zalog.<\/strong><\/span><\/p>\n<p><strong>Vse, kar potrebujete za kolonijo mravelj Messor structor<\/strong><br \/>\nTa paket vsebuje vse, kar potrebujete za uspe\u0161no pre\u017eivetje kolonije Messor barbarus v prvih nekaj mesecih. Je prilagodljivo raz\u0161irljiv in izrecno primeren za za\u010detnike v gojenju mravelj.<\/p>\n<p><strong>Vrste mravelj Messor structor<\/strong><br \/>\nMessor structor je granivorna vrsta mravelj. Najdemo jo predvsem v ju\u017eni Evropi in Sredozemlju, pa tudi v srednji Evropi, njeno obmo\u010dje raz\u0161irjenosti pa sega vse do Irana in ju\u017ene Rusije. To je tudi edina vrsta Messor, ki jo najdemo v Nem\u010diji. Delavke so nekoliko manj\u0161e od delavk vrste Messor barbarus, vendar pa Messor structor prej proizvede tako imenovane velike delavke (najve\u010dja kasta delavk).<\/p>\n<p>\u010ceprav se Messor structor ve\u010dinoma pojavlja v stepah, v nekaterih dr\u017eavah obstajajo populacije, ki so bolj doma v gorskih obmo\u010djih ali celo v me\u0161anih gozdovih. To ka\u017ee na veliko prilagodljivost te vrste. Messor structor obi\u010dajno tvori poligini\u010dne kolonije (ve\u010d matic v eni koloniji), pojavlja pa se tudi monogini\u010dno (samo ena matica v koloniji).<\/p>\n<p>Znanstveniki \u017ee nekaj \u010dasa posku\u0161ajo z analizo genetskega materiala razli\u010dnih kolonij ugotoviti, ali se je morda razvilo ve\u010d podvrst Messor structor, ki se pojavljajo v razli\u010dnih regijah. Vendar to \u0161e ni bilo dokon\u010dno pojasnjeno.<\/p>\n<p><strong>Gnezdo za Messor structor<\/strong><br \/>\nMessor structor najraje gnezdi v pe\u0161\u010denih tleh. Vendar je za razliko od ve\u010dine drugih vrst Messor razmeroma prilagodljiv in v\u010dasih gnezdi pod kamni ali na sen\u010dnih mestih v bolj zemeljskih tleh.<\/p>\n<p><strong>Hrana za Messor structor<\/strong><br \/>\nKot vse vrste mravelj se tudi Messor structor hrani predvsem s semeni, ki jih nabirajo, shranjujejo in predelujejo v tako imenovani mravljin\u010dji kruh, ki ima tako dalj\u0161i rok trajanja in kolonijam pomaga v obdobjih, ko je v naravi na voljo manj semen. Beljakovine sprejemajo tako mrtve kot \u017eive. V naravi mravlje ubijejo majhne \u017eu\u017eelke in z njimi hranijo svoje mladi\u010de. Sladkorno raztopino ali med sprejmejo le, \u010de \u010debelja dru\u017eina nima na voljo dovolj sve\u017ee vode, da bi pokrila svoje potrebe po vlagi.<\/p>\n<p><strong>Optimalni podnebni pogoji za Messor structor so naslednji:<\/strong><br \/>\n<strong>Vlaga:<\/strong><br \/>\nArena: Obmo\u010dje gnezda: 30 - 50%: 50 - 70%<br \/>\n<strong>Temperatura:<\/strong><br \/>\nArena: 22 - 30 \u00b0C Obmo\u010dje gnezda: 21- 27\u00b0C<\/p>\n<p><strong>Vsebina:<\/strong><\/p>\n<p>1x kolonija mravelj Messor structor (kraljica + 11-25 delavk + leglo)<br \/>\n1x Cvr\u010dkova marmelada 25g<br \/>\n1x zrnata hrana minor 100g<br \/>\n1x blazinica za formikarij - 20x20cm<br \/>\n2x blazinica za formikarij - 20x6cm<\/p>\n<p>1x ANTCUBE - arena 20x20x10 - ravna<br \/>\n1x okvir za mravlji\u0161\u010de 20\u00d720<br \/>\n1x pokrov za mravlji\u0161\u010de 20\u00d720<br \/>\n4x pritrdilna to\u010dka za pokrov arene<br \/>\n2x ANTCUBE - mravlji\u0161\u010de - M - 20\u00d720 - stoje\u010de<\/p>\n<p>1x 1m prozorna cev 14\/10 mm<br \/>\n2x ANTCUBE - Rde\u010da folija 20\u00d720 - filter<br \/>\n2x samolepilne sponke - prozorne 2 kosa.<br \/>\n1x substrat - pu\u0161\u010davski - 1 kg<br \/>\n1x Formicarium granule 200ml - be\u017e<\/p>\n<p>1x Grid cap &#8211; 10mm &#8211; stainless steel<br \/>\n2x Grid insert acrylic &#8211; 50 mm with sealing ring<br \/>\n1x Grid insert acrylic &#8211; 27 mm with sealing ring<\/p>\n<p>1x priklju\u010dek za cev rezervoarja 27-14,16,20 mm - prozoren<br \/>\n2x Foil thermometer &#8211; farm<br \/>\n1x Foil thermometer Display<br \/>\n1x drinking clear 5ml &#8211; sponge<br \/>\n1x Feeding dish white rectangle &#8211; 3 compartments<br \/>\n1x Olje za za\u0161\u010dito pred pobegom mravelj 10ml<br \/>\n1x pinceta iz vzmetnega jekla - \u0161iroka - mehka<br \/>\n1x pinceta plasti\u010dna prozorna<br \/>\n1x plasti\u010dna pipeta 3ml<br \/>\n1x ro\u010dna lupa - 2x - 30 mm<br \/>\n1x penasti brisalec 150x18x2,5 mm<br \/>\n1x hrbtna stran fotografije - pu\u0161\u010dava - 20\u00d710<\/p>\n<p>&nbsp;<\/p>\n<p><strong>Opis:<\/strong><br \/>\nTa za\u010detni set Desert je primeren za vse vrste rodu Messor, ki \u017eivijo v pu\u0161\u010davah, stepah ali sredozemskem podnebju. Ena od dveh farm je namenjena shranjevanju semen in mravljin\u010djega kruha, zato mora biti popolnoma suha, da semena\/zrna, ki jih tam shranjujejo mravlje, ne vzklijejo ali splesnijo.<\/p>\n<p>V popolnoma pregledni kmetiji (gnezdo) se za polnjenje kmetije uporablja \"substrat - pu\u0161\u010dava\". Po potrebi lahko prek 50 mm lukenj v pokrovu priklju\u010dite dodatne module, npr. lo\u010deno dostopne meglenke, ventilatorje ali lu\u010di. Alternativno so prilo\u017eeni ustrezni formikarijski \u010depi za zapiranje odprtin. Po \u017eelji lahko formikarij deluje tudi odprt, in sicer tako, da na vrh preprosto namestite odstranljivi okvir in na rob nanesete olje za za\u0161\u010dito pred pobegom mravelj. \"Prozorno 20-mililitrsko korito za pitje - goba\" je namenjeno vodi, \"2mililitrski dozirnik hrane - dozirljiv\" pa zrnati hrani.<\/p>\n<p><strong>Pomembno:<\/strong> Pred uporabo substrat navla\u017eite, da se me\u0161anica lahko pove\u017ee in trdno oprime v mravlji\u0161\u010du. \u010ce je substrat presuh in pra\u0161en, se lahko dihalne poti mravelj zama\u0161ijo, v najslab\u0161em primeru pa se lahko \u017eivali zadu\u0161ijo.<\/p>\n<p><strong>Priporo\u010dilo:<\/strong> Priporo\u010damo plast substrata vi\u0161ine 2 mm, da se \u017eivali ne morejo zakopati v areno in namesto tega uporabljajo v ta namen predvideno farmo. Priporo\u010damo tudi, da je gnezdilni material v farmi (pesek\/glina, Digfix itd.) na enem mestu rahlo naboden, da \u017eivali la\u017eje kopljejo.<\/p>\n<p><strong>Opombe o proizvodnji<\/strong><br \/>\nSteklo se re\u017ee po velikosti v skladu z DIN 1249 s toleranco +\/- 1 mm. Za izjemno majhne vrste mravelj je nujna dodatna za\u0161\u010dita pred razbitjem.<\/p>\n<p><strong>Opombe o kmetiji<\/strong><br \/>\nPri name\u0161\u010danju ali odstranjevanju cevi upo\u0161tevajte naslednje:<br \/>\n\u010ce se cev zelo te\u017eko prilega priklju\u010dni vti\u010dnici, vti\u010dnico rahlo natrite s kapljico na\u0161ega olja ali pra\u0161ka proti razbijanju. Nato je treba cev potisniti na vti\u010dnico z vrtenjem ali vija\u010denjem, ne da bi vti\u010dnico obremenjevali z gibi navzgor in navzdol. Enako velja za odstranjevanje cevi iz priklju\u010dne vti\u010dnice na kmetiji. Ne potegnite je preprosto s sebe!<\/p>\n<p><strong>Opombe o d\u017eemu za kriket:<\/strong><br \/>\nNa\u0161a marmelada za \u010dri\u010dke je enostaven na\u010din, kako mravljam zagotoviti sve\u017ee konzervirano beljakovinsko hrano, ne da bi jim bilo treba hraniti \u017eive \u017eu\u017eelke. Vsebovani \u010dri\u010dki (Acheta domesticus) so bili ne\u017eno kuhani, da se ohranijo hranilne vrednosti, okus in aroma. Poleg tega se na ta na\u010din zmeh\u010da hitinska lupina \u017eu\u017eelk, da se la\u017eje prebavi. Veziva kolagenskih beljakovin se razgradi, tako da jih mravlje lahko bolje izkoristijo. Konzerve Acheta domesticus imajo enako hranilno vrednost kot \u017eivi \u010dri\u010dki, vendar so la\u017eje prebavljive.<\/p>\n<p>Cricket Jam ni primeren za lov na vrste mravelj, ki potrebujejo \u017eivo hrano (npr. ponirki (velike mravlje), kot sta Harpegnathos ali Odontomachus).<\/p>\n<p><strong>Dodatne prednosti:<\/strong><br \/>\nZagotovljeno brez pr\u0161ic<br \/>\nLahko se razdeli po porcijah in razred\u010di z vodo<br \/>\nSterilizirano in vakuumsko pakirano<br \/>\nBrez dodatkov<br \/>\nCvr\u010dki iz trajnostne ekolo\u0161ke vzreje, hranjeni z organskimi odpadki<\/p>\n<p><strong>Opomba:<\/strong><br \/>\nV hladilniku lahko hranite pribli\u017eno \u0161tiri dni po odprtju. \u010ce je zamrznjen, je rok trajanja dalj\u0161i.<br \/>\nPozornost: Najprej porcionirajte, nato zamrznite.<\/p>","protected":false},"excerpt":{"rendered":"<p>Komplet je sestavljen iz 38 kosov<\/p>\n<p>Velikost: <strong>M<\/strong><\/p>","protected":false},"featured_media":7134,"comment_status":"open","ping_status":"closed","template":"","meta":{"_acf_changed":false,"content-type":"","_monsterinsights_skip_tracking":false,"_monsterinsights_sitenote_active":false,"_monsterinsights_sitenote_note":"","_monsterinsights_sitenote_category":0},"product_brand":[],"product_cat":[355,353,73],"product_tag":[],"class_list":{"0":"post-6562","1":"product","2":"type-product","3":"status-publish","4":"has-post-thumbnail","6":"product_cat-bundle-offers","7":"product_cat-starter-sets-for-harvester-ants","8":"product_cat-starter-sets","10":"first","11":"instock","12":"taxable","13":"shipping-taxable","14":"purchasable","15":"product-type-simple"},"acf":[],"aioseo_notices":[],"jetpack_sharing_enabled":true,"_links":{"self":[{"href":"https:\/\/antcube.shop\/sl\/wp-json\/wp\/v2\/product\/6562","targetHints":{"allow":["GET"]}}],"collection":[{"href":"https:\/\/antcube.shop\/sl\/wp-json\/wp\/v2\/product"}],"about":[{"href":"https:\/\/antcube.shop\/sl\/wp-json\/wp\/v2\/types\/product"}],"replies":[{"embeddable":true,"href":"https:\/\/antcube.shop\/sl\/wp-json\/wp\/v2\/comments?post=6562"}],"wp:featuredmedia":[{"embeddable":true,"href":"https:\/\/antcube.shop\/sl\/wp-json\/wp\/v2\/media\/7134"}],"wp:attachment":[{"href":"https:\/\/antcube.shop\/sl\/wp-json\/wp\/v2\/media?parent=6562"}],"wp:term":[{"taxonomy":"product_brand","embeddable":true,"href":"https:\/\/antcube.shop\/sl\/wp-json\/wp\/v2\/product_brand?post=6562"},{"taxonomy":"product_cat","embeddable":true,"href":"https:\/\/antcube.shop\/sl\/wp-json\/wp\/v2\/product_cat?post=6562"},{"taxonomy":"product_tag","embeddable":true,"href":"https:\/\/antcube.shop\/sl\/wp-json\/wp\/v2\/product_tag?post=6562"}],"curies":[{"name":"wp","href":"https:\/\/api.w.org\/{rel}","templated":true}]}}