{"id":6561,"date":"2023-12-04T11:33:36","date_gmt":"2023-12-04T10:33:36","guid":{"rendered":"https:\/\/antcube.shop\/product\/bundle-offer-camponotus-barbaricus\/"},"modified":"2026-04-27T00:22:10","modified_gmt":"2026-04-26T22:22:10","slug":"paketna-ponudba-camponotus-barbaricus","status":"publish","type":"product","link":"https:\/\/antcube.shop\/sl\/izdelek\/paketna-ponudba-camponotus-barbaricus\/","title":{"rendered":"Ponudba sve\u017enja - Camponotus barbaricus"},"content":{"rendered":"<p><span data-text-color=\"secondary\"><strong>Ponudba paketa vklju\u010duje kolonijo mravelj Camponotus barbaricus (kraljica z 5-10 delavkami + mladi\u010di), za\u010detni set Habitat Desert L z 2x formikarijskimi blazinicami, kozarec na\u0161ih posebnih celih blan\u0161iranih \u010dri\u010dkov (vla\u017ene beljakovine) in polnilno embala\u017eo me\u0161anice medene rose 10 ml<\/strong><\/span><\/p>\n<p><span data-text-color=\"alert\"><strong>Samo do porabe zalog.<\/strong><\/span><\/p>\n<p><strong>Vse, kar potrebujete za kolonijo mravelj Camponotus barbaricus<\/strong><br \/>\nTa paket vsebuje vse, kar potrebujete, da kolonijo Camponotus barbaricus uspe\u0161no spravite skozi prvih nekaj mesecev. Je prilagodljivo raz\u0161irljiv in izrecno primeren za za\u010detnike v gojenju mravelj.<\/p>\n<p><strong>Vrsta mravelj Camponotus barbaricus<\/strong><br \/>\nCamponotus barbaricus je ena najve\u010djih vrst mravelj v Evropi. Najdemo jih na Portugalskem, v \u0160paniji, na Siciliji in zunaj Evrope v Maroku, Al\u017eiriji, Tuniziji in Libiji. Njene kolonije so monogine (samo ena kraljica na kolonijo) in je kot ve\u010dina vrst Camponotus zelo polimorfna vrsta mravelj (tvori tako imenovane kaste, tj. manj\u0161e in ve\u010dje delavke).<\/p>\n<p>V naravi lahko tvorijo kolonije z ve\u010d kot 10.000 osebki. Camponotus barbaricus agresivno brani svoje gnezdo in lovi\u0161\u010de ter je pri tem zaradi svoje velikosti zelo uspe\u0161en. Glavne delavke (najve\u010dja kasta delavk) dose\u017eejo velikost pribli\u017eno 17 mm.<\/p>\n<p><strong>Gnezdo za Camponotus barbaricus<\/strong><br \/>\nCamponotus barbaricus najraje gnezdi v pe\u0161\u010denih tleh. Za razliko od ve\u010dine vrst Camponotus jih le redko najdemo v gnilem lesu. Pu\u0161\u010davski za\u010detni set, vklju\u010den v paket, je zato popolnoma prilagojen potrebam te vrste.<\/p>\n<p><strong>Hrana za Camponotus barbaricus<\/strong><br \/>\nV naravi se Camponotus barbaricus hrani predvsem z \u017eu\u017eelkami in medeno roso. Zato smo v ta sve\u017eenj vklju\u010dili tako na\u0161e blan\u0161irane \u010dri\u010dke kot beljakovinsko hrano kot me\u0161anico medi\u010dine, da lahko svojim mravljam ponudite prehrano, ki je \u010dim bolj prilagojena vrsti.<\/p>\n<p><strong>Optimalni podnebni pogoji za Camponotus barbaricus so naslednji:<\/strong><br \/>\n<strong>Vlaga:<\/strong><br \/>\nArena: Obmo\u010dje gnezda: 30 - 50%: 50 - 60%<br \/>\n<strong>Temperatura:<\/strong><br \/>\nArena: 18 - 28 \u00b0C Obmo\u010dje gnezda: 21 - 26\u00b0C<\/p>\n<p><strong>Vsebina:<\/strong><\/p>\n<p>1x Camponotus barbaricus (kraljica z 1-4 delavci + mladi\u010di)<br \/>\n1x Cvr\u010dkova marmelada 25g<br \/>\n1x Medena me\u0161anica (HT) - polnilno pakiranje 10ml<br \/>\n1x podstavek za formikarij - 20x20cm<br \/>\n1x podstavek za formikarij - 20x6cm<\/p>\n<p>1x ANTCUBE - arena 20x20x10 - ravna<br \/>\n1x okvir za mravlji\u0161\u010de 20\u00d720<br \/>\n1x pokrov za mravlji\u0161\u010de 20\u00d720<br \/>\n4x pritrdilna to\u010dka za pokrov arene<br \/>\n1x ANTCUBE - mravlji\u0161\u010de - L - 20\u00d720 - pokon\u010den<\/p>\n<p>1x 0,5 m prozorna cev 20\/16 mm<br \/>\n1x ANTCUBE - Rde\u010da folija 20\u00d720 - filter<br \/>\n1x samolepilne sponke - prozorne 2 kosa.<br \/>\n1x substrat - pu\u0161\u010davski - 1 kg<br \/>\n1x Formicarium granule 200ml - be\u017e<\/p>\n<p>2x Grid insert acrylic &#8211; 50 mm with sealing ring<br \/>\n1x Grid insert acrylic &#8211; 27 mm with sealing ring<br \/>\n1x mre\u017easti pokrov\u010dek - 16 mm - nerjave\u010de jeklo<\/p>\n<p>1x priklju\u010dek za cev rezervoarja 27-14,16,20 mm - prozoren<br \/>\n1x Foil thermometer &#8211; farm<br \/>\n1x Foil thermometer Display<br \/>\n1x drinking clear 5ml &#8211; sponge<br \/>\n1x Feeding dish white rectangle &#8211; 3 compartments<br \/>\n1x Drinking trough 2ml &#8211; 360 Degrees<br \/>\n1x Olje za za\u0161\u010dito pred pobegom mravelj 10ml<br \/>\n1x pinceta iz vzmetnega jekla - \u0161iroka - mehka<br \/>\n1x pinceta plasti\u010dna prozorna<br \/>\n1x plasti\u010dna pipeta 3ml<br \/>\n1x ro\u010dna lupa - 2x - 30 mm<br \/>\n1x penasti brisalec 150x18x2,5 mm<br \/>\n1x hrbtna stran fotografije - pu\u0161\u010dava - 20\u00d710<\/p>\n<p><strong>Opis:<\/strong><br \/>\nTa za\u010detni set je primeren za vse vrste mravelj, ki \u017eivijo v pu\u0161\u010davah, stepah ali sredozemskem podnebju.<\/p>\n<p>V popolnoma pregledni kmetiji (gnezdo) se za zapolnitev kmetije uporabi \"zemlja - pu\u0161\u010dava\". Po potrebi lahko prek 50 mm lukenj v pokrovu priklju\u010dite dodatne module, npr. lo\u010deno dostopne meglenke, ventilatorje ali lu\u010di. Alternativno so prilo\u017eeni ustrezni formikarijski \u010depi za zapiranje odprtin. Po \u017eelji lahko formikarij deluje tudi odprt, tako da preprosto pritrdite odstranljivi okvir in na rob nanesete olje za za\u0161\u010dito pred pobegom mravelj. \"Napajalnik 2 ml - 360 stopinj\" je namenjen za medeno me\u0161anico, \"Napajalnik prozoren 20 ml - goba\" za vodo in \"Mi\u0161ka prozorna 1 \u00d7 20 - goba\" za beljakovinsko hrano. \"Mini termohigrometer analogni - prikazovalnik - vise\u010di\" je mogo\u010de pritrditi na okvir ali pokrov in prikazuje klimatske vrednosti.<\/p>\n<p><strong>Pomembno:<\/strong> Pred uporabo substrat navla\u017eite, da se me\u0161anica lahko pove\u017ee in trdno oprime v mravlji\u0161\u010du. \u010ce je substrat presuh in pra\u0161en, se lahko dihalne poti mravelj zama\u0161ijo, v najslab\u0161em primeru pa se lahko \u017eivali zadu\u0161ijo.<\/p>\n<p><strong>Priporo\u010dilo:<\/strong> Priporo\u010damo plast substrata vi\u0161ine 2 mm, da se \u017eivali ne morejo zakopati v areno in namesto tega uporabljajo v ta namen predvideno farmo. Priporo\u010damo tudi, da je gnezdilni material v farmi (pesek\/glina, Digfix itd.) na enem mestu rahlo naboden, da \u017eivali la\u017eje kopljejo.<\/p>\n<p><strong>Opombe o proizvodnji<\/strong><br \/>\nSteklo se re\u017ee po velikosti v skladu z DIN 1249 s toleranco +\/- 1 mm. Za izjemno majhne vrste mravelj je nujna dodatna za\u0161\u010dita pred razbitjem.<\/p>\n<p><strong>Opombe o kmetiji<\/strong><br \/>\nPri name\u0161\u010danju ali odstranjevanju cevi upo\u0161tevajte naslednje:<br \/>\n\u010ce se cev zelo te\u017eko prilega priklju\u010dni vti\u010dnici, vti\u010dnico rahlo natrite s kapljico na\u0161ega olja ali pra\u0161ka proti razbijanju. Nato je treba cev potisniti na vti\u010dnico z vrtenjem ali vija\u010denjem, ne da bi vti\u010dnico obremenjevali z gibi navzgor in navzdol. Enako velja za odstranjevanje cevi iz priklju\u010dne vti\u010dnice na kmetiji. Ne potegnite je preprosto s sebe!<\/p>\n<p><strong>Navodila:<\/strong> (Razli\u010dica 2023, posodobljena razli\u010dica za leto 2024 bo na voljo najpozneje do 04\/2024)<\/p>\n<p>- DE <a href=\"https:\/\/www.antstore.net\/shop\/images\/info\/de\/Gebrauchsanweisung%20Starter%20Set%20Habitat.pdf\">Za\u010detni komplet Habitat<\/a> (PDF 3,21 MB)<\/p>\n<p>- SL <a href=\"https:\/\/www.antstore.net\/shop\/images\/info\/en\/Instructions%20for%20use%20-%20Starter%20Set%20Habitat.pdf\">Navodila za uporabo - za\u010detni komplet Habitat<\/a> (PDF 3,21 MB)<\/p>\n<p>- ES <a href=\"https:\/\/www.antstore.net\/shop\/images\/info\/es\/Manual%20de%20instrucciones%20-%20Set%20de%20inicio%20H%C3%A1bitat.pdf\">Priro\u010dnik z navodili - Set de inicio H\u00e1bitat<\/a> (PDF 3,21 MB)<\/p>\n<p>- FR <a href=\"https:\/\/www.antstore.net\/shop\/images\/info\/fr\/Manuel%20d'instruction%20-%20Kit%20de%20d%C3%A9marrage%20Habitat.pdf\">Manuel d'instruction - Kit de d\u00e9marrage Habitat<\/a> (PDF 3,21 MB)<\/p>\n<p><strong>Opomba o medeni rosnici:<\/strong><br \/>\nVsebina: Vsebnost: 10 ml<br \/>\nTo je naravni proizvod, ki smo ga po obse\u017enih testiranjih v na\u0161em laboratoriju izpopolnili in razvili v hrano, ki jo mravlje zelo dobro sprejemajo. Razlog za to je, da nepredelanega medu v njegovi koncentrirani prvotni obliki mravlje in njihova presnova ne sprejemajo dobro.<br \/>\nNa\u0161a medi\u010dina je bila nabrana v neonesna\u017eenih divjih gorskih gozdovih Bolgarije. Medena rosa se proizvaja le zelo omejen \u010das, pribli\u017eno dva meseca poleti. Zato je zelo redek. Zaradi posebnih zna\u010dilnosti tal v gozdovih in podnebja se v listih dreves shranjujejo bistvena hranila, ki jih absorbirajo afide. Zato je ta me\u0161anica medi\u010dine tako za\u017eelena za mravlje.<\/p>\n<p><strong>Uporaba:<\/strong><br \/>\nKoli\u010dino hrane je treba zau\u017eiti v pribli\u017eno 3 dneh.<\/p>\n<p><strong>Opis:<\/strong><br \/>\nMedena rosa se v nasprotju s cvetli\u010dnim medom pridobiva iz izlo\u010dkov \u017eu\u017eelk, ki sesajo na rastlinah, na primer m\u0161ic. Medena rosa je priljubljen vir hrane za \u0161tevilne \u017eu\u017eelke, kot so mravlje, \u010debele in \u010dmrlji. \u010cebele in \u010dmrlji ga li\u017eejo z listov ali iglic razli\u010dnih dreves. Mravlje, kot je Lasius niger, dobesedno hranijo afide. Branijo jih celo pred plenilci in jih prena\u0161ajo na sve\u017ee poganjke.<\/p>\n<p>Medena rosa je pri mravljah \u0161e posebej priljubljena zaradi nekoliko druga\u010dnih sestavin. Glavna sladkorja v medici sta saharoza in fruktoza, v manj\u0161ih koli\u010dinah pa najdemo tudi maltozo, trehalozo, melezitozo, rafinozo in druge oligosaharide. Poleg sladkorja in vode vsebuje tudi esencialne aminokisline, minerale, elemente v sledovih, adenozine, fosfate in druge sestavine, kot so vitamini.<\/p>\n<p><strong>Uporaba:<\/strong><br \/>\nZa vrste medojedih mravelj (Meliphagidae)<br \/>\nTo je dopolnilna krma<br \/>\n\u017divalim ga lahko ponudite kot zalogo. Ker se koncentracija sladkorja zaradi vlage zmanj\u0161a in se za\u010dne proces fermentacije, je treba hrano zamenjati vsake tri dni. Pred ponovno uporabo temeljito o\u010distite posodo\/teko\u010dinko za hranjenje.<br \/>\nPo odprtju je treba embala\u017eo hraniti tesno zaprto do izteka roka uporabnosti.<\/p>\n<p><strong>Hranilne vrednosti na 100 g:<\/strong><br \/>\npribli\u017eno 2,7 % ma\u0161\u010dobe<br \/>\nod tega nasi\u010denih pribli\u017eno 0,45 %<br \/>\npribli\u017eno 95 % ogljikovih hidratov<br \/>\nod tega pribli\u017eno 71 % sladkorja<br \/>\npribli\u017eno 2,85% beljakovin<br \/>\nMinerali (kalij, kalcij, baker, \u017eelezo, natrij, magnezij, fosfor, cink in drugi elementi v sledovih) Aminokisline (prolin, levcin, fenilalanin, alanin, histidin, izolevcin, glutaminska kislina, arginin, asparaginska kislina itd.) Organske kisline Encimi (fermenti) Arome Inhibini (antibakterijske snovi) Cvetovi Cvetni prah<\/p>\n<p><strong>Shranjevanje:<\/strong><br \/>\nDa bi zagotovili kakovost krme, jo je treba hraniti v temnem in suhem prostoru.<\/p>\n<p><strong>Opomba:<\/strong><br \/>\nInformacije o uporabi hranilnih cevk so na voljo tukaj: Povezava:<br \/>\nDopolnilna krma za mravlje, ki se prehranjujejo z medom.<br \/>\nSestavo, analiti\u010dne sestavine, datum uporabnosti in \u0161tevilko serije najdete v navodilih za uporabo.<\/p>\n<p>Informacijska telefonska \u0161tevilka +49 30 439703870<\/p>\n<p>Pristojni veterinarski in \u017eivilski in\u0161pektorat:<br \/>\nVeterinarski urad Steglitz<br \/>\nK\u00f6nigin-Luise-Str. 92<br \/>\n14195 Berlin<\/p>\n<p><strong>Opomba o blan\u0161iranih \u010dri\u010dkih:<\/strong><br \/>\nNa\u0161a marmelada za \u010dri\u010dke je enostaven na\u010din, kako mravljam zagotoviti sve\u017ee konzervirano beljakovinsko hrano, ne da bi jim bilo treba hraniti \u017eive \u017eu\u017eelke. Vsebovani \u010dri\u010dki (Acheta domesticus) so bili ne\u017eno kuhani, da se ohranijo hranilne vrednosti, okus in aroma. Poleg tega se na ta na\u010din zmeh\u010da hitinska lupina \u017eu\u017eelk, da se la\u017eje prebavi. Veziva kolagenskih beljakovin se razgradi, tako da jih mravlje lahko bolje izkoristijo. Konzerve Acheta domesticus imajo enako hranilno vrednost kot \u017eivi \u010dri\u010dki, vendar so la\u017eje prebavljive.<\/p>\n<p>Blan\u0161irani cvr\u010dki niso primerni za lov na vrste mravelj, ki potrebujejo \u017eivo hrano (npr. ponirki (velike mravlje), kot sta Harpegnathos ali Odontomachus).<\/p>\n<p><strong>Dodatne prednosti:<\/strong><br \/>\nZagotovljeno brez pr\u0161ic<br \/>\nLahko se razdeli na porcije<br \/>\nSterilizirano in vakuumirano<br \/>\nBrez dodatkov<br \/>\nCvr\u010dki iz trajnostne ekolo\u0161ke vzreje, hranjeni z organskimi odpadki<\/p>\n<p><strong>Upo\u0161tevajte:<\/strong><br \/>\nV hladilniku lahko hranite pribli\u017eno \u0161tiri dni po odprtju. \u010ce je zamrznjen, je rok trajanja dalj\u0161i.<\/p>","protected":false},"excerpt":{"rendered":"<p>Komplet je sestavljen iz 34 delov<\/p>\n<p>Velikost: <span style=\"color: #0000ff;\"><strong>L<\/strong><\/span><\/p>","protected":false},"featured_media":7132,"comment_status":"open","ping_status":"closed","template":"","meta":{"_acf_changed":false,"content-type":"","_monsterinsights_skip_tracking":false,"_monsterinsights_sitenote_active":false,"_monsterinsights_sitenote_note":"","_monsterinsights_sitenote_category":0},"product_brand":[],"product_cat":[355,73,74],"product_tag":[],"class_list":{"0":"post-6561","1":"product","2":"type-product","3":"status-publish","4":"has-post-thumbnail","6":"product_cat-bundle-offers","7":"product_cat-starter-sets","8":"product_cat-starter-sets-habitat","10":"first","11":"instock","12":"taxable","13":"shipping-taxable","14":"purchasable","15":"product-type-simple"},"acf":[],"aioseo_notices":[],"jetpack_sharing_enabled":true,"_links":{"self":[{"href":"https:\/\/antcube.shop\/sl\/wp-json\/wp\/v2\/product\/6561","targetHints":{"allow":["GET"]}}],"collection":[{"href":"https:\/\/antcube.shop\/sl\/wp-json\/wp\/v2\/product"}],"about":[{"href":"https:\/\/antcube.shop\/sl\/wp-json\/wp\/v2\/types\/product"}],"replies":[{"embeddable":true,"href":"https:\/\/antcube.shop\/sl\/wp-json\/wp\/v2\/comments?post=6561"}],"wp:featuredmedia":[{"embeddable":true,"href":"https:\/\/antcube.shop\/sl\/wp-json\/wp\/v2\/media\/7132"}],"wp:attachment":[{"href":"https:\/\/antcube.shop\/sl\/wp-json\/wp\/v2\/media?parent=6561"}],"wp:term":[{"taxonomy":"product_brand","embeddable":true,"href":"https:\/\/antcube.shop\/sl\/wp-json\/wp\/v2\/product_brand?post=6561"},{"taxonomy":"product_cat","embeddable":true,"href":"https:\/\/antcube.shop\/sl\/wp-json\/wp\/v2\/product_cat?post=6561"},{"taxonomy":"product_tag","embeddable":true,"href":"https:\/\/antcube.shop\/sl\/wp-json\/wp\/v2\/product_tag?post=6561"}],"curies":[{"name":"wp","href":"https:\/\/api.w.org\/{rel}","templated":true}]}}