{"id":6559,"date":"2023-12-04T11:33:22","date_gmt":"2023-12-04T10:33:22","guid":{"rendered":"https:\/\/antcube.shop\/product\/heizmatte-26x28cm-14w\/"},"modified":"2026-03-30T10:31:01","modified_gmt":"2026-03-30T08:31:01","slug":"grelna-podloga-26x28cm-14w","status":"publish","type":"product","link":"https:\/\/antcube.shop\/sl\/izdelek\/grelna-podloga-26x28cm-14w\/","title":{"rendered":"Grelna podloga 26x28cm - 14W"},"content":{"rendered":"<p><strong>Dimenzije:<\/strong> 26 x 28 cm<\/p>\n<p><strong>Mo\u010d:<\/strong> 14 vatov<\/p>\n<p><strong>Povr\u0161inska temperatura:<\/strong> 28-32 \u00b0C<\/p>\n<p><strong>Opis:<\/strong> Grelna podloga za formikarij - posebej primerna za vrste iz toplej\u0161ih de\u017eel. Grelne preproge oddajajo infrarde\u010do toploto, podobno kot kerami\u010dni grelniki. \u017darki segrevajo predmete in \u017eivali, ne da bi bistveno pove\u010dali temperaturo zraka. Zato so idealne za zagotavljanje mest za \"son\u010denje\". Tako je mogo\u010de bolje dose\u010di in nadzorovati vsak potreben temperaturni gradient v formikariju. Te grelne preproge so samolepilne, zato jih je mogo\u010de enostavno pritrditi na formikarij.<\/p>\n<p><strong>Opomba:<\/strong> Grelnih elementov nikoli ne postavljajte neposredno pod formikarij, vedno je treba poskrbeti za odvajanje toplote, da se prepre\u010di kopi\u010denje toplote ali po\u0161kodbe formikarija.<\/p>","protected":false},"excerpt":{"rendered":"<p><strong>Dimenzije:<\/strong> 26 x 28 cm \/ Euro vti\u010d za 230 V<\/p>","protected":false},"featured_media":6619,"comment_status":"open","ping_status":"closed","template":"","meta":{"_acf_changed":false,"content-type":"","_monsterinsights_skip_tracking":false,"_monsterinsights_sitenote_active":false,"_monsterinsights_sitenote_note":"","_monsterinsights_sitenote_category":0},"product_brand":[],"product_cat":[359,119],"product_tag":[],"class_list":{"0":"post-6559","1":"product","2":"type-product","3":"status-publish","4":"has-post-thumbnail","6":"product_cat-light-heat-humidity","7":"product_cat-formicarium-components","9":"first","10":"instock","11":"taxable","12":"shipping-taxable","13":"purchasable","14":"product-type-simple"},"acf":[],"aioseo_notices":[],"jetpack_sharing_enabled":true,"_links":{"self":[{"href":"https:\/\/antcube.shop\/sl\/wp-json\/wp\/v2\/product\/6559","targetHints":{"allow":["GET"]}}],"collection":[{"href":"https:\/\/antcube.shop\/sl\/wp-json\/wp\/v2\/product"}],"about":[{"href":"https:\/\/antcube.shop\/sl\/wp-json\/wp\/v2\/types\/product"}],"replies":[{"embeddable":true,"href":"https:\/\/antcube.shop\/sl\/wp-json\/wp\/v2\/comments?post=6559"}],"wp:featuredmedia":[{"embeddable":true,"href":"https:\/\/antcube.shop\/sl\/wp-json\/wp\/v2\/media\/6619"}],"wp:attachment":[{"href":"https:\/\/antcube.shop\/sl\/wp-json\/wp\/v2\/media?parent=6559"}],"wp:term":[{"taxonomy":"product_brand","embeddable":true,"href":"https:\/\/antcube.shop\/sl\/wp-json\/wp\/v2\/product_brand?post=6559"},{"taxonomy":"product_cat","embeddable":true,"href":"https:\/\/antcube.shop\/sl\/wp-json\/wp\/v2\/product_cat?post=6559"},{"taxonomy":"product_tag","embeddable":true,"href":"https:\/\/antcube.shop\/sl\/wp-json\/wp\/v2\/product_tag?post=6559"}],"curies":[{"name":"wp","href":"https:\/\/api.w.org\/{rel}","templated":true}]}}