{"id":6555,"date":"2023-12-04T11:27:26","date_gmt":"2023-12-04T10:27:26","guid":{"rendered":"https:\/\/antcube.shop\/product\/ameisenarena-lampenfassung-e27\/"},"modified":"2026-04-16T09:54:56","modified_gmt":"2026-04-16T07:54:56","slug":"ameisenarena-lampenfassung-e27","status":"publish","type":"product","link":"https:\/\/antcube.shop\/sl\/izdelek\/ameisenarena-lampenfassung-e27\/","title":{"rendered":"Ant Arena - Vti\u010dnica za svetilko - E27"},"content":{"rendered":"<p><strong>Vsebina:<\/strong><br \/>\n- Plasti\u010dno dr\u017ealo za sijalko E27 z omre\u017enim kablom in stikalom<br \/>\n- prozoren akrilni obro\u010d za pritrditev v 50 mm luknje<\/p>\n<p><strong>Material:<\/strong> vti\u010dnica (plastika); nosilec (plastika); kabel (baker s plasti\u010dno prevleko); obro\u010d iz PMMA (za pritrditev v 50 mm luknje)<\/p>\n<p><strong>Barva:<\/strong> svetlo siva<\/p>\n<p><strong>Tehni\u010dne specifikacije:<\/strong><br \/>\nDimenzije vti\u010dnice: 4,5 \u00d7 4,5 \u00d7 6 cm<br \/>\nDol\u017eina kabla: 3,5 m<br \/>\nMo\u010d: najve\u010d 60 W<br \/>\nVti\u010dnica: E27<\/p>\n<p><strong>POZOR: <\/strong>pri uporabi z na\u0161imi hibridnimi pokrovi in 5 cm \u0161irokimi okvirji Arena se to dr\u017ealo za svetilke ne prilega. Za hibridni pokrov potrebujete okvir \u0161irine 3 cm.<\/p>\n<p><strong>Opis:<\/strong><br \/>\nZa osvetlitev mravlji\u0161\u010da lahko to vti\u010dnico priklju\u010dite neposredno na pokrov mravlji\u0161\u010da.<\/p>\n<p>&nbsp;<\/p>","protected":false},"excerpt":{"rendered":"<p>Vsebina: - Material: vti\u010dnica (plastika); dr\u017ealo (plastika); kabel (baker s plasti\u010dnim pla\u0161\u010dem); PMMA obro\u010d (za pritrditev v 50 mm luknje) Barva: svetlo siva Tehni\u010dne specifikacije: E27 plasti\u010dno dr\u017ealo z omre\u017enim kablom in stikalom Mere vti\u010dnice: 1: Dol\u017eina kabla: 3,5 m Mo\u010d: najve\u010d 60 W [...]","protected":false},"featured_media":7574,"comment_status":"open","ping_status":"closed","template":"","meta":{"_acf_changed":false,"content-type":"","_monsterinsights_skip_tracking":false,"_monsterinsights_sitenote_active":false,"_monsterinsights_sitenote_note":"","_monsterinsights_sitenote_category":0},"product_brand":[],"product_cat":[359,119],"product_tag":[],"class_list":{"0":"post-6555","1":"product","2":"type-product","3":"status-publish","4":"has-post-thumbnail","6":"product_cat-light-heat-humidity","7":"product_cat-formicarium-components","9":"first","10":"outofstock","11":"taxable","12":"shipping-taxable","13":"purchasable","14":"product-type-simple"},"acf":[],"aioseo_notices":[],"jetpack_sharing_enabled":true,"_links":{"self":[{"href":"https:\/\/antcube.shop\/sl\/wp-json\/wp\/v2\/product\/6555","targetHints":{"allow":["GET"]}}],"collection":[{"href":"https:\/\/antcube.shop\/sl\/wp-json\/wp\/v2\/product"}],"about":[{"href":"https:\/\/antcube.shop\/sl\/wp-json\/wp\/v2\/types\/product"}],"replies":[{"embeddable":true,"href":"https:\/\/antcube.shop\/sl\/wp-json\/wp\/v2\/comments?post=6555"}],"wp:featuredmedia":[{"embeddable":true,"href":"https:\/\/antcube.shop\/sl\/wp-json\/wp\/v2\/media\/7574"}],"wp:attachment":[{"href":"https:\/\/antcube.shop\/sl\/wp-json\/wp\/v2\/media?parent=6555"}],"wp:term":[{"taxonomy":"product_brand","embeddable":true,"href":"https:\/\/antcube.shop\/sl\/wp-json\/wp\/v2\/product_brand?post=6555"},{"taxonomy":"product_cat","embeddable":true,"href":"https:\/\/antcube.shop\/sl\/wp-json\/wp\/v2\/product_cat?post=6555"},{"taxonomy":"product_tag","embeddable":true,"href":"https:\/\/antcube.shop\/sl\/wp-json\/wp\/v2\/product_tag?post=6555"}],"curies":[{"name":"wp","href":"https:\/\/api.w.org\/{rel}","templated":true}]}}