{"id":6388,"date":"2023-10-13T17:39:36","date_gmt":"2023-10-13T15:39:36","guid":{"rendered":"https:\/\/antcube.shop\/product\/kaktus-vuka-holz-klein-15cm\/"},"modified":"2026-01-14T23:42:10","modified_gmt":"2026-01-14T22:42:10","slug":"kaktus-vuka-holz-klein-15cm","status":"publish","type":"product","link":"https:\/\/antcube.shop\/sl\/izdelek\/kaktus-vuka-holz-klein-15cm\/","title":{"rendered":"Kaktus Vuka Wood majhen 15cm"},"content":{"rendered":"<p><strong>Velikost:<\/strong> dol\u017eina 15 cm - \u00d8 pribli\u017eno 30 - 70 mm<\/p>\n<p><strong>Opis:<\/strong><br \/>\nTa naravni les kaktusa Vuka je peskan in slu\u017ei kot estetski okras v formikariju.<br \/>\nZaradi \u0161tevilnih majhnih odprtin ta les \u017eivalim omogo\u010da plezanje in skrivanje.<\/p>\n<p>Ker gre za naravni izdelek, se lahko velikost, barva in oblika razlikujejo.<\/p>","protected":false},"excerpt":{"rendered":"<p><strong>Velikost:<\/strong> dol\u017eina 15 cm - \u00d8 pribli\u017eno 30 - 70 mm<\/p>","protected":false},"featured_media":6390,"comment_status":"open","ping_status":"closed","template":"","meta":{"_acf_changed":false,"content-type":"","_monsterinsights_skip_tracking":false,"_monsterinsights_sitenote_active":false,"_monsterinsights_sitenote_note":"","_monsterinsights_sitenote_category":0},"product_brand":[],"product_cat":[95,98,99],"product_tag":[],"class_list":{"0":"post-6388","1":"product","2":"type-product","3":"status-publish","4":"has-post-thumbnail","6":"product_cat-accessories-for-ants","7":"product_cat-decoration","8":"product_cat-desert","10":"first","11":"outofstock","12":"taxable","13":"shipping-taxable","14":"purchasable","15":"product-type-simple"},"acf":[],"aioseo_notices":[],"jetpack_sharing_enabled":true,"_links":{"self":[{"href":"https:\/\/antcube.shop\/sl\/wp-json\/wp\/v2\/product\/6388","targetHints":{"allow":["GET"]}}],"collection":[{"href":"https:\/\/antcube.shop\/sl\/wp-json\/wp\/v2\/product"}],"about":[{"href":"https:\/\/antcube.shop\/sl\/wp-json\/wp\/v2\/types\/product"}],"replies":[{"embeddable":true,"href":"https:\/\/antcube.shop\/sl\/wp-json\/wp\/v2\/comments?post=6388"}],"wp:featuredmedia":[{"embeddable":true,"href":"https:\/\/antcube.shop\/sl\/wp-json\/wp\/v2\/media\/6390"}],"wp:attachment":[{"href":"https:\/\/antcube.shop\/sl\/wp-json\/wp\/v2\/media?parent=6388"}],"wp:term":[{"taxonomy":"product_brand","embeddable":true,"href":"https:\/\/antcube.shop\/sl\/wp-json\/wp\/v2\/product_brand?post=6388"},{"taxonomy":"product_cat","embeddable":true,"href":"https:\/\/antcube.shop\/sl\/wp-json\/wp\/v2\/product_cat?post=6388"},{"taxonomy":"product_tag","embeddable":true,"href":"https:\/\/antcube.shop\/sl\/wp-json\/wp\/v2\/product_tag?post=6388"}],"curies":[{"name":"wp","href":"https:\/\/api.w.org\/{rel}","templated":true}]}}