{"id":6377,"date":"2023-10-06T18:09:26","date_gmt":"2023-10-06T16:09:26","guid":{"rendered":"https:\/\/antcube.shop\/product\/bundle-offer-polyrhachis-dives\/"},"modified":"2026-03-27T18:08:09","modified_gmt":"2026-03-27T17:08:09","slug":"bundle-offer-polyrhachis-dives","status":"publish","type":"product","link":"https:\/\/antcube.shop\/sl\/izdelek\/bundle-offer-polyrhachis-dives\/","title":{"rendered":"Ponudba sve\u017enja - Polyrhachis potaplja"},"content":{"rendered":"<p dir=\"ltr\"><span data-text-color=\"alert\"><strong><span data-text-color=\"secondary\">Paketna ponudba vklju\u010duje kolonijo mravelj Polyrhachis dives (kraljica s 26-50 delavkami + mladi\u010di), za\u010detni set za tkalske mravlje z 1x formikarij, 1x okrasni grm in 1x krogla za gnezdo kot gnezdi\u0161\u010de ter 1x magnetna plo\u0161\u010dad za la\u017eje hranjenje.<\/span><br \/>\n<\/strong><\/span><\/p>\n<p><span data-text-color=\"alert\"><strong>Samo do porabe zalog.<\/strong><\/span><\/p>\n<p><strong>Vse, kar potrebujete za kolonijo mravelj Polyrhachis dives<\/strong><br \/>\nTa paket vsebuje vse, kar potrebujete za uspe\u0161no pre\u017eivetje kolonije Polyrhachis dives v prvih mesecih. Je prilagodljivo raz\u0161irljiv in izrecno primeren za za\u010detnike v gojenju mravelj.<\/p>\n<p><strong>Vrsta mravelj Polyrhachis se potaplja:<\/strong><br \/>\nPolyrhachis dives prihaja iz Azije in Avstralije in ima nekoliko ve\u010dje obmo\u010dje raz\u0161irjenosti. Za to vrsto je zna\u010dilna srebrna do zlata obarvanost na sicer \u010drnorjavem telesu \u017eivali. So nekoliko manj\u0161e od vrste Oecophylla, pogosto \u017eivijo blizu tal in si gnezda najraje gradijo na kamnih ali drevesnem lubju. Za predenje gnezda uporabljajo svoje li\u010dinke, vendar z znanstvenega vidika ne spadajo med \"prave tkalske mravlje\", kot je Oecophylla, \u010deprav v osnovi uporabljajo skoraj enako tehniko tkanja. Vrste iz rodu Polyrhachis imajo v\u010dasih precej majhne kolonije, ki \u0161tejejo najve\u010d nekaj tiso\u010d \u017eivali. Po poro\u010dilih lahko Polyrhachis dives v popolnih razmerah oblikuje celo kolonije z ve\u010d sto kraljicami in do ve\u010d sto tiso\u010d delavkami. Vendar se to ne bo zgodilo, \u010de jih boste gojili doma.<\/p>\n<p>Polyrhachis dives je poligenski, kar pomeni, da ima lahko ve\u010d matic hkrati. To pomeni, da lahko kolonija zelo hitro zraste, zato potrebuje veliko hrane in prostora. Zato mora biti formikarij mogo\u010de raz\u0161iriti. Zaradi velikosti kolonije so precej okretni in so pravi specialisti za pobege. Zato je treba poskrbeti za dobro za\u0161\u010dito pred pobegom.<\/p>\n<p><strong>Gnezdo za Polyrhachis dives<\/strong><br \/>\nV formikariju bo Polyrhachis dives sprejel skoraj vsak gradbeni material, ki mu ga ponudite. Od peska, drobnih \u017eivalskih iztrebkov ali listov do plute in ko\u0161\u010dkov lesa ter majhnih kamnov - v svoja gnezda vpletajo vse, kar jim nudi narava v okolici njihovega doma. Na\u0161e kolonije polihahisov \u017ee vrsto let gojimo s tako imenovanimi gnezditvenimi kroglicami. V ta komplet smo vklju\u010dili tudi okrasni grm, da lahko gnezditveno kroglo postavimo nekoliko nad tlemi, kot je to obi\u010dajno v naravi.<\/p>\n<p><strong>Hrana za Polyrhachis dives<\/strong><br \/>\nKot hrano smo v ta komplet vklju\u010dili cele blan\u0161irane \u010dri\u010dke in medeno rosico. Oboje Polyrhachis dives zelo dobro sprejema in zaradi vsebovanih hranil podpira naravni in pozitivni razvoj kolonije.<\/p>\n<p><strong>Optimalni podnebni pogoji za potope z vrsto Polyrhachis so naslednji:<\/strong><br \/>\nVlaga:<br \/>\nArena: 50 - 70% Obmo\u010dje gnezda: 60 - 80%<br \/>\nTemperatura:<br \/>\nArena: Podnevi: 28 - 30\u00b0C Pono\u010di: 24 - 28\u00b0C Obmo\u010dje gnezda: 28- 30\u00b0C<\/p>\n<p><strong>Vsebina:<\/strong><\/p>\n<p>1x Polyrhachis dives (2 queens + 26-50 workers + brood)<br \/>\n1x kroglica za gnezdo naravna 10 cm - groba<br \/>\n1x ANTCUBE vogalna platforma 8\u00d78 - magnet<br \/>\n1x Okrasni pu\u0161\u010davski grm 30x15cm - temno rjav<br \/>\n1x polnilno pakiranje z me\u0161anico medene rose 10ml<br \/>\n1x Cvr\u010dkova marmelada 25g<br \/>\n1x podstavek za formikarij 20\u00d720<\/p>\n<p>1x ANTCUBE - Arena 20x20x40 - visoka<br \/>\n1x okvir za mravlji\u0161\u010de 20\u00d720<br \/>\n1x pokrov za mravlji\u0161\u010de 20\u00d720<br \/>\n4x pritrdilna to\u010dka za pokrov arene<\/p>\n<p>1x substrat - de\u017eevni gozd - 1 kg<br \/>\n1x foto stena - de\u017eevni gozd - 20\u00d740 - visoka<br \/>\nRazpr\u0161ilna steklenica z razpr\u0161ilnikom 0,5 litra - medeninasta \u0161oba<\/p>\n<p>2x Grid insert acrylic &#8211; 50 mm with sealing ring<br \/>\n2x Grid insert acrylic &#8211; 27 mm with sealing ring<\/p>\n<p>1x pinceta iz vzmetnega jekla \u0161iroka - mehka<br \/>\n1x standardna plasti\u010dna pinceta<br \/>\n1x plasti\u010dna pipeta 3ml<br \/>\n1x Olje za za\u0161\u010dito pred izbruhom mravelj 10ml<br \/>\n1x drinking clear 5ml &#8211; sponge<br \/>\n1x Feeding dish white rectangle &#8211; 3 compartments<br \/>\n1x Drinking trough 2ml &#8211; 360 Degrees<br \/>\n1x Ro\u010dna lupa - 2x - 30 mm<br \/>\n1x penasti brisalec 150x18x2,5 mm<\/p>\n<p>&nbsp;<\/p>\n<p><strong>Opis Za\u010detni set tkalskih mravelj:<\/strong><br \/>\nTa raz\u0161irljivi za\u010detni set za razli\u010dne vrste tkalskih mravelj, kot sta Polyrhachis spec. ali Oecophylla spec., vklju\u010duje ne le optimalno prilagojen formikarij, temve\u010d tudi ustrezne pripomo\u010dke za gojenje teh vrst mravelj. Primeren za kolonije do pribli\u017eno 500-1000 \u017eivali. Za ve\u010dje kolonije priporo\u010damo formikarij velikosti 30x30x60 cm. Napajalnik \"prozoren 20 ml - goba\" je namenjen vodi, napajalnik \"2 ml - 360 stopinj\" pa me\u0161anici medi\u010dine.<\/p>\n<p><strong>Pomembno:<\/strong> Pred uporabo substrat navla\u017eite, da se me\u0161anica lahko pove\u017ee in trdno oprime v mravlji\u0161\u010du. Poleg tega lahko suha in pra\u0161na podlaga povzro\u010di, da se dihalne poti mravelj zama\u0161ijo in v najslab\u0161em primeru povzro\u010dijo zadu\u0161itev \u017eivali.<\/p>\n<p><strong>Opombe o proizvodnji<\/strong><br \/>\nSteklo je rezano po velikosti v skladu z DIN 1249 s toleranco +\/- 1 mm. Za izjemno majhne vrste mravelj je nujna dodatna za\u0161\u010dita pred razbitjem.<\/p>\n<p><strong>Opomba o blan\u0161iranih \u010dri\u010dkih:<\/strong><br \/>\nNa\u0161a marmelada za \u010dri\u010dke je enostaven na\u010din, kako mravljam zagotoviti sve\u017ee konzervirano beljakovinsko hrano, ne da bi jim bilo treba hraniti \u017eive \u017eu\u017eelke. Vsebovani \u010dri\u010dki (Acheta domesticus) so bili ne\u017eno kuhani, da se ohranijo hranilne vrednosti, okus in aroma. Poleg tega se na ta na\u010din zmeh\u010da hitinska lupina \u017eu\u017eelk, da se la\u017eje prebavi. Veziva kolagenskih beljakovin se razgradi, tako da jih mravlje lahko bolje izkoristijo. Konzerve Acheta domesticus imajo enako hranilno vrednost kot \u017eivi \u010dri\u010dki, vendar so la\u017eje prebavljive.<\/p>\n<p>Blan\u0161irani cvr\u010dki niso primerni za lov na vrste mravelj, ki potrebujejo \u017eivo hrano (npr. ponirki (velike mravlje), kot sta Harpegnathos ali Odontomachus).<\/p>\n<p>Dodatne prednosti:<br \/>\nZagotovljeno brez pr\u0161ic<br \/>\nLahko se razdeli na porcije<br \/>\nSterilizirano in vakuumirano<br \/>\nBrez dodatkov<br \/>\nCvr\u010dki iz trajnostne ekolo\u0161ke vzreje, hranjeni z organskimi odpadki<\/p>\n<p><strong>Upo\u0161tevajte:<\/strong><br \/>\nV hladilniku lahko hranite pribli\u017eno \u0161tiri dni po odprtju. \u010ce je zamrznjen, je rok trajanja dalj\u0161i.<\/p>\n<p><strong>Opomba o medeni rosnici:<\/strong><br \/>\nVsebina: 10 ml<br \/>\nTo je naravni proizvod, ki smo ga po obse\u017enih testiranjih v na\u0161em laboratoriju izpopolnili in razvili v hrano, ki jo mravlje zelo dobro sprejemajo. Razlog za to je, da nepredelanega medu v njegovi koncentrirani prvotni obliki mravlje in njihova presnova ne sprejemajo dobro.<br \/>\nNa\u0161a medi\u010dina je bila nabrana v neonesna\u017eenih divjih gorskih gozdovih Bolgarije. Medena rosa se proizvaja le zelo omejen \u010das, pribli\u017eno dva meseca poleti. Zato je zelo redek. Zaradi posebnih zna\u010dilnosti tal v gozdovih in podnebja se v listih dreves shranjujejo bistvena hranila, ki jih absorbirajo afide. Zato je ta me\u0161anica medi\u010dine tako za\u017eelena za mravlje.<\/p>\n<p><strong>Uporaba:<\/strong><br \/>\nKoli\u010dino hrane je treba zau\u017eiti v pribli\u017eno 3 dneh.<\/p>\n<p><strong>Opis:<\/strong><br \/>\nMedena rosa se v nasprotju s cvetli\u010dnim medom pridobiva iz izlo\u010dkov \u017eu\u017eelk, ki sesajo na rastlinah, na primer m\u0161ic. Medena rosa je priljubljen vir hrane za \u0161tevilne \u017eu\u017eelke, kot so mravlje, \u010debele in \u010dmrlji. \u010cebele in \u010dmrlji ga li\u017eejo z listov ali iglic razli\u010dnih dreves. Mravlje, kot je Lasius niger, dobesedno hranijo afide. Branijo jih celo pred plenilci in jih prena\u0161ajo na sve\u017ee poganjke.<\/p>\n<p>Medena rosa je pri mravljah \u0161e posebej priljubljena zaradi nekoliko druga\u010dnih sestavin. Glavna sladkorja v medici sta saharoza in fruktoza, v manj\u0161ih koli\u010dinah pa najdemo tudi maltozo, trehalozo, melezitozo, rafinozo in druge oligosaharide. Poleg sladkorja in vode vsebuje tudi esencialne aminokisline, minerale, elemente v sledovih, adenozine, fosfate in druge sestavine, kot so vitamini.<\/p>\n<p><strong>Uporaba:<\/strong><br \/>\nZa vrste medojedih mravelj (Meliphagidae)<br \/>\nTo je dopolnilna krma<br \/>\n\u017divalim ga lahko ponudite kot zalogo. Ker se koncentracija sladkorja zaradi vlage zmanj\u0161a in se za\u010dne proces fermentacije, je treba hrano zamenjati vsake tri dni. Pred ponovno uporabo temeljito o\u010distite posodo\/teko\u010dinko za hranjenje.<br \/>\nPo odprtju embala\u017ee jo je treba hraniti tesno zaprto do izteka roka uporabnosti.<br \/>\nHranilne vrednosti na 100 g:<br \/>\npribli\u017eno 2,7 % ma\u0161\u010dobe<br \/>\nod tega nasi\u010denih pribli\u017eno 0,45 %<br \/>\npribli\u017eno 95 % ogljikovih hidratov<br \/>\nod tega pribli\u017eno 71 % sladkorja<br \/>\npribli\u017eno 2,85% beljakovin<\/p>\n<p>Minerali (kalij, kalcij, baker, \u017eelezo, natrij, magnezij, fosfor, cink in drugi elementi v sledovih) Aminokisline (prolin, levcin, fenilalanin, alanin, histidin, izolevcin, glutaminska kislina, arginin, asparaginska kislina itd.) Organske kisline Encimi (fermenti) Arome Inhibini (antibakterijske snovi) Cvetovi Cvetni prah<\/p>\n<p><strong>Shranjevanje:<\/strong><br \/>\nDa bi zagotovili kakovost krme, jo je treba hraniti v temnem in suhem prostoru.<\/p>\n<p><strong>Opomba:<\/strong><br \/>\nInformacije o uporabi hranilnih cevk so na voljo tukaj: Povezava:<br \/>\nDopolnilna krma za mravlje, ki se prehranjujejo z medom.<br \/>\nSestavo, analiti\u010dne sestavine, datum uporabnosti in \u0161tevilko serije najdete v navodilih za uporabo.<\/p>\n<p>Informacijska telefonska \u0161tevilka +49 30 439703870<\/p>\n<p>Pristojni veterinarski in \u017eivilski in\u0161pektorat:<br \/>\nVeterinarski urad Steglitz<br \/>\nK\u00f6nigin-Luise-Str. 92<br \/>\n14195 Berlin<\/p>\n<p><strong>Opis Okrasni grm<\/strong><\/p>\n<p>Velikost \/ vi\u0161ina 17 cm do 19 cm, premer ~ 10 cm do 12 cm, idealno za arene 30x30x30 cm in ve\u010dje.<br \/>\nTe\u017ea se giblje med 50 in 80 grami<\/p>\n<p>Okrasni predmet, sestavljen iz naravno posu\u0161enega lesenega grma in podlage iz umetne smole (osnovna plo\u0161\u010da).<br \/>\nTo okrasno grmovje je bilo ro\u010dno izdelano v Nem\u010diji, zato ga odlikuje trajnost.<\/p>\n<p><strong>POZOR:<\/strong> Ne postavljajte ga v zelo vla\u017eno okolje (nad 60% vlage). Grm bi lahko za\u010del plesneti. Z zelo dobrim prezra\u010devanjem lahko grm postavite tudi v bolj vla\u017ene formikarije.<\/p>\n<p>Nekatere okrasne grmovnice zaradi svoje vi\u0161ine ne stojijo samostojno v formikariju. V tem primeru pomaga, \u010de podlago nekoliko prekrijete s substratom ali pa izdelek postavite v bli\u017eino zunanjih stekel.<\/p>\n<p><span data-text-color=\"alert\"><strong>POMEMBNA OPOMBA O \u010cLANKU:<\/strong><\/span><br \/>\nKer gre za naravni izdelek \/ edinstven izdelek, ilustracije na tem mestu niso popolnoma enake izdelku, ki ga prejmete. Mo\u017ena so odstopanja v velikosti, obliki in barvi mini drevesa in osnovne plo\u0161\u010de iz kamnitega skrilavca. Zagotavljamo le najve\u010djo vi\u0161ino izdelka.<\/p>\n<p>Z naro\u010dilom tega izdelka se strinjate in sogla\u0161ate z zgoraj navedenimi mo\u017enimi odstopanji izdelka v velikosti, obliki in barvi ob nakupu.<\/p>","protected":false},"excerpt":{"rendered":"<p>Komplet je sestavljen iz 31 delov.<br \/>\nVelikost: <strong>XL<\/strong><\/p>","protected":false},"featured_media":7116,"comment_status":"open","ping_status":"closed","template":"","meta":{"_acf_changed":false,"content-type":"","_monsterinsights_skip_tracking":false,"_monsterinsights_sitenote_active":false,"_monsterinsights_sitenote_note":"","_monsterinsights_sitenote_category":0},"product_brand":[],"product_cat":[355,354,73],"product_tag":[],"class_list":{"0":"post-6377","1":"product","2":"type-product","3":"status-publish","4":"has-post-thumbnail","6":"product_cat-bundle-offers","7":"product_cat-starter-sets-for-weaver-ants","8":"product_cat-starter-sets","10":"first","11":"instock","12":"taxable","13":"shipping-taxable","14":"purchasable","15":"product-type-simple"},"acf":[],"aioseo_notices":[],"jetpack_sharing_enabled":true,"_links":{"self":[{"href":"https:\/\/antcube.shop\/sl\/wp-json\/wp\/v2\/product\/6377","targetHints":{"allow":["GET"]}}],"collection":[{"href":"https:\/\/antcube.shop\/sl\/wp-json\/wp\/v2\/product"}],"about":[{"href":"https:\/\/antcube.shop\/sl\/wp-json\/wp\/v2\/types\/product"}],"replies":[{"embeddable":true,"href":"https:\/\/antcube.shop\/sl\/wp-json\/wp\/v2\/comments?post=6377"}],"wp:featuredmedia":[{"embeddable":true,"href":"https:\/\/antcube.shop\/sl\/wp-json\/wp\/v2\/media\/7116"}],"wp:attachment":[{"href":"https:\/\/antcube.shop\/sl\/wp-json\/wp\/v2\/media?parent=6377"}],"wp:term":[{"taxonomy":"product_brand","embeddable":true,"href":"https:\/\/antcube.shop\/sl\/wp-json\/wp\/v2\/product_brand?post=6377"},{"taxonomy":"product_cat","embeddable":true,"href":"https:\/\/antcube.shop\/sl\/wp-json\/wp\/v2\/product_cat?post=6377"},{"taxonomy":"product_tag","embeddable":true,"href":"https:\/\/antcube.shop\/sl\/wp-json\/wp\/v2\/product_tag?post=6377"}],"curies":[{"name":"wp","href":"https:\/\/api.w.org\/{rel}","templated":true}]}}