{"id":5936,"date":"2023-06-24T12:30:54","date_gmt":"2023-06-24T10:30:54","guid":{"rendered":"https:\/\/antcube.shop\/product\/antcube-starter-set-fur-ernteameisen-l-popcorn\/"},"modified":"2026-04-01T09:56:03","modified_gmt":"2026-04-01T07:56:03","slug":"antcube-starter-set-for-harvester-ants-l-popcorn-2","status":"publish","type":"product","link":"https:\/\/antcube.shop\/sl\/izdelek\/antcube-starter-set-for-harvester-ants-l-popcorn-2\/","title":{"rendered":"ANTCUBE Starter Set for Harvester Ants &#8211; L"},"content":{"rendered":"<div class=\"tab-body active\">\n<p><strong>Vsebina:<\/strong><br \/>\n1x ANTCUBE - Arena 20x20x10 - ravna<br \/>\n1x okvir za mravlji\u0161\u010de 20\u00d720<br \/>\n1x pokrov za mravlji\u0161\u010de 20\u00d720<br \/>\n1x pritrdilne to\u010dke za pokrov arene 4 kosi.<br \/>\n1x ANTCUBE - mravlji\u0161\u010de - L - 20\u00d720 - pokon\u010den<\/p>\n<p>2x ANTCUBE - Digfix Terra nidum 20\u00d720 - L - be\u017e<\/p>\n<p>1x 1m prozorna cev 20\/16 mm<br \/>\n2x ANTCUBE - Rde\u010da folija 20\u00d720 - filter<br \/>\n2x samolepilne sponke - prozorne 2 kosa.<br \/>\n1x substrat - pu\u0161\u010davski - 1 kg<\/p>\n<p>2x Grid insert acrylic &#8211; 50 mm with sealing ring<br \/>\n1x Grid insert acrylic &#8211; 27 mm with sealing ring<br \/>\n1x Grid cap &#8211; 10mm &#8211; stainless steel<\/p>\n<p>1x drinking clear 5ml &#8211; sponge<br \/>\n1x Feeding dish white rectangle &#8211; 3 compartments<\/p>\n<p>2x Foil thermometer &#8211; farm<br \/>\n1x Foil thermometer display<\/p>\n<p>1x priklju\u010dek za cev rezervoarja 27-14,16,20 mm - prozoren<br \/>\n1x Olje za za\u0161\u010dito pred pobegom mravelj 10ml<br \/>\n1x pinceta iz vzmetnega jekla - \u0161iroka - mehka<br \/>\n1x pinceta plasti\u010dna prozorna<br \/>\n1x plasti\u010dna pipeta 3ml<br \/>\n1x ro\u010dna lupa - 2x - 30 mm<br \/>\n1x penasti brisalec 150x18x2,5 mm<br \/>\n1x hrbtna stran fotografije - pu\u0161\u010dava - 20\u00d710<\/p>\n<p><strong>Opis:<\/strong><br \/>\nThis starter set is especially suitable for grain-collecting ant species of the genus Messor or Pogonomyrmex. One of these farms is intended for storing grains\/seeds and ant bread. To prevent the stored grains\/seeds from germinating or molding, it should be kept completely dry.<br \/>\nThe second farm is intended as a nest and breeding area for the ant colony. It should always be kept slightly moist.<\/p>\n<p><strong>Opis plo\u0161\u010de Terra nidum:<\/strong> Plo\u0161\u010da Terra nidum (latinsko gnezdo iz zemlje) iz materiala, ki ga je mogo\u010de kopati, je kot nala\u0161\u010d za na\u0161e mravlji\u0161\u010da ANTCUBE. Uporablja se lahko tako na suhem kot na mokrem. Primerna je tudi za \u0161tevilne vrste mravelj, zlasti za vrste, ki gnezdijo v pesku in (odmrlem) lesu. Uporablja se lahko namesto me\u0161anic peska in gline ali plutovinastih vlo\u017ekov za gnezda. Prednost tega gnezda je, da je vla\u017eenje plo\u0161\u010de zaradi jasno vidnega razbarvanja la\u017eje nadzorovati, obarvanost plo\u0161\u010de pa nudi super kontrast obi\u010dajno temnej\u0161im vrstam mravelj. Poleg tega notranjih plo\u0161\u010d mravlji\u0161\u010da ni mogo\u010de umazati s substratom, kot je to na primer pri me\u0161anicah peska in gline, kar omogo\u010da popoln pregled nad gnezdom. Na\u0161 material za gnezda ima tudi veliko trdnej\u0161o strukturo, zato se predori in komore, ki jih izkopljejo mravlje, ne zru\u0161ijo.<\/p>\n<p><strong>Pomembno: <\/strong>Pred uporabo substrat navla\u017eite, da se me\u0161anica lahko pove\u017ee in trdno oprime v mravlji\u0161\u010du. Poleg tega lahko suha in pra\u0161na podlaga povzro\u010di, da se dihalne poti mravelj zama\u0161ijo in v najslab\u0161em primeru povzro\u010dijo zadu\u0161itev \u017eivali.<\/p>\n<p><strong>Priporo\u010dilo:<\/strong> Priporo\u010damo plast substrata vi\u0161ine 2 mm, da se \u017eivali ne morejo zakopati v areno in namesto tega uporabljajo v ta namen predvideno farmo. Priporo\u010damo tudi, da je gnezdilni material v farmi (pesek\/glina, Digfix itd.) na enem mestu rahlo naboden, da \u017eivali la\u017eje kopljejo.<\/p>\n<p><strong>Opombe o proizvodnji<\/strong><br \/>\nSteklo je bru\u0161eno v skladu z DIN 1249 s toleranco +\/;- 1 mm. Pri izjemno majhnih vrstah mravelj je nujna dodatna za\u0161\u010dita pred pobegom mravelj.<\/p>\n<p><strong>Opombe o kmetiji<\/strong><br \/>\nPri name\u0161\u010danju ali odstranjevanju cevi upo\u0161tevajte naslednje:<br \/>\n\u010ce se cev zelo te\u017eko prilega priklju\u010dni vti\u010dnici, vti\u010dnico rahlo natrite s kapljico na\u0161ega olja ali pra\u0161ka proti razbijanju. Nato je treba cev potisniti na vti\u010dnico z vrtenjem ali vija\u010denjem, ne da bi vti\u010dnico obremenjevali z gibi navzgor in navzdol. Enako velja za odstranjevanje cevi iz priklju\u010dne vti\u010dnice na kmetiji. Ne potegnite je preprosto s sebe!<\/p>\n<p><strong>Opomba o Terra nidum:<\/strong> Naravni barvni odtenek je lahko od be\u017e\/pe\u0161\u010dene do svetlo rjave barve. Barvni odtenek ne vpliva na kakovost.<br \/>\nZaradi proizvodnega procesa se lahko mere razlikujejo za +\/- 1 mm.<\/p>\n<\/div>","protected":false},"excerpt":{"rendered":"<p>This set consists of 30 parts and is ideal for all grain-collecting ants species.<br \/>\nVelikost: <span style=\"color: #0000ff;\"><strong>L<\/strong><\/span><\/p>","protected":false},"featured_media":5926,"comment_status":"open","ping_status":"closed","template":"","meta":{"_acf_changed":false,"content-type":"","_monsterinsights_skip_tracking":false,"_monsterinsights_sitenote_active":false,"_monsterinsights_sitenote_note":"","_monsterinsights_sitenote_category":0},"product_brand":[],"product_cat":[344,353,73,75],"product_tag":[],"class_list":{"0":"post-5936","1":"product","2":"type-product","3":"status-publish","4":"has-post-thumbnail","6":"product_cat-popcorn","7":"product_cat-starter-sets-for-harvester-ants","8":"product_cat-starter-sets","9":"product_cat-starter-sets-digfix","11":"first","12":"instock","13":"taxable","14":"shipping-taxable","15":"purchasable","16":"product-type-simple"},"acf":[],"aioseo_notices":[],"jetpack_sharing_enabled":true,"_links":{"self":[{"href":"https:\/\/antcube.shop\/sl\/wp-json\/wp\/v2\/product\/5936","targetHints":{"allow":["GET"]}}],"collection":[{"href":"https:\/\/antcube.shop\/sl\/wp-json\/wp\/v2\/product"}],"about":[{"href":"https:\/\/antcube.shop\/sl\/wp-json\/wp\/v2\/types\/product"}],"replies":[{"embeddable":true,"href":"https:\/\/antcube.shop\/sl\/wp-json\/wp\/v2\/comments?post=5936"}],"wp:featuredmedia":[{"embeddable":true,"href":"https:\/\/antcube.shop\/sl\/wp-json\/wp\/v2\/media\/5926"}],"wp:attachment":[{"href":"https:\/\/antcube.shop\/sl\/wp-json\/wp\/v2\/media?parent=5936"}],"wp:term":[{"taxonomy":"product_brand","embeddable":true,"href":"https:\/\/antcube.shop\/sl\/wp-json\/wp\/v2\/product_brand?post=5936"},{"taxonomy":"product_cat","embeddable":true,"href":"https:\/\/antcube.shop\/sl\/wp-json\/wp\/v2\/product_cat?post=5936"},{"taxonomy":"product_tag","embeddable":true,"href":"https:\/\/antcube.shop\/sl\/wp-json\/wp\/v2\/product_tag?post=5936"}],"curies":[{"name":"wp","href":"https:\/\/api.w.org\/{rel}","templated":true}]}}