{"id":5935,"date":"2023-06-24T12:30:33","date_gmt":"2023-06-24T10:30:33","guid":{"rendered":"https:\/\/antcube.shop\/product\/bundle-offer-messor-angularis\/"},"modified":"2025-10-19T06:01:04","modified_gmt":"2025-10-19T04:01:04","slug":"paket-ponudba-messor-angularis","status":"publish","type":"product","link":"https:\/\/antcube.shop\/sl\/izdelek\/paket-ponudba-messor-angularis\/","title":{"rendered":"Ponudba sve\u017enja - Messor arenarius"},"content":{"rendered":"<div class=\"tab-body active\">\n<p><span data-text-color=\"secondary\"><strong>Paketna ponudba vklju\u010duje kolonijo mravelj Messor arenarius (kraljica + 5-10 delavk + mladi\u010di), za\u010detni set za mravlje \u017eanjice L Popcorn s 3x formikarijskimi blazinicami in posodo na\u0161ih posebnih blan\u0161iranih \u010dri\u010dkov (vla\u017ene beljakovine).<\/strong><\/span><\/p>\n<p><span data-text-color=\"alert\"><strong>Samo do porabe zalog.<\/strong><\/span><\/p>\n<p><strong>Vse, kar potrebujete za uspe\u0161no gojenje Messor arenarius<\/strong><br \/>\nTa paket vsebuje vse, kar potrebujete za uspe\u0161no gojenje kolonije Messor arenarius prvih nekaj mesecev. Lahko ga prilagodljivo raz\u0161irite in je idealen za za\u010detek gojenja mravelj.<\/p>\n<p><strong>Vrste mravelj: Messor arenarius<\/strong><br \/>\nMessor arenarius, znan tudi kot \"mravljin\u010dar sipin\", je v primerjavi z drugimi vrstami Messor zelo velika, granivorna vrsta mravlje, ki jo najdemo predvsem v suhih in toplih obmo\u010djih severne Afrike. Njihovi glavni delavci lahko dose\u017eejo osupljivo velikost 18 mm. Znana je po svoji prilagodljivosti na suhe habitate in spada med tako imenovane mravlje \u017eanjice, ki so znane po zanimivem na\u010dinu \u017eivljenja in impresivnih strukturah gnezd.<\/p>\n<p>Vizualno Messor arenarius izstopa s svojim svetle\u010dim \u010drnim telesom in mo\u010dno grajenimi ve\u010djimi mravljami delavkami, ki so \u0161e posebej impresivne. Zaradi svoje robustne narave in preprostih zahtev za gojenje je idealna vrsta za za\u010detnike, zaradi svoje impresivne velikosti pa je zanimiva tudi za napredne mravljince.<\/p>\n<p><strong>Hrana za Messor arenarius<\/strong><br \/>\nMessor arenarius se hrani predvsem z zrni, ki jih uporablja za izdelavo tako imenovanega \"mravljin\u010djega kruha\". Poleg tega sprejema tudi sladko sadje, majhne \u017eu\u017eelke in beljakovinsko hrano. Ve\u010dino potreb po vlagi pokrijejo zrna, preostanek pa \u017eu\u017eelke in vse ponujene teko\u010dine, kot je medena voda.<\/p>\n<p><strong>V formikariju je treba zagotoviti naslednjo krmo:<\/strong><br \/>\nMe\u0161anice \u017eit<br \/>\nMajhne \u017eu\u017eelke (npr. sadne mu\u0161ice)<br \/>\nVedno poskrbite za sve\u017eo vodo<br \/>\npo potrebi uporabite medeno vodo (opomba: odprte teko\u010dine vedno pokrijte, da mravlje ne bi padle vanje).<\/p>\n<p><strong>Pravi formikarij za Messor arenarius<\/strong><br \/>\nTako kot vse mravlje \u017eanjice tudi Messor arenarius potrebuje gnezdo s suhimi in rahlo vla\u017enimi prostori. Vla\u017eni del je namenjen skrbi za mladi\u010de, medtem ko je suhi del idealen za shranjevanje zrn, da se prepre\u010di razvoj plesni. Na\u0161 za\u010detni set zato vsebuje dve mravlji\u0161\u010di (gnezdi), ki zadostujeta za prvi 1-2 leti. Nato je treba formikarij raz\u0161iriti, da se ustvari prostor za rast kolonije.<\/p>\n<p><strong>Optimalni podnebni pogoji za Messor arenarius:<\/strong><br \/>\n<strong>Vlaga:<\/strong><br \/>\nArena: 30-50 %<br \/>\nObmo\u010dje gnezda: 50-70 %<\/p>\n<p><strong>Temperatura:<\/strong><br \/>\nArena: 25-30 \u00b0C<br \/>\nObmo\u010dje gnezda: 22-28 \u00b0C<\/p>\n<p><strong>Gnezdilni material za Messor arenarius<\/strong><br \/>\nDigfix je \u0161e posebej primeren za gojenje Messor arenarius. Odporen je na vlago in omogo\u010da jasen pogled na strukture gnezda, ne da bi ga ovirali ostanki substrata, kot to velja za me\u0161anice peska in gline.<\/p>\n<p>Ker lahko majorji s\u010dasoma grizejo tudi tr\u0161e materiale, kot je Ytong, priporo\u010damo steklene gnezdilnice z vlo\u017ekom Digfix. Ta kombinacija ne zagotavlja le dolge \u017eivljenjske dobe, temve\u010d tudi optimalne pogoje za opazovanje in oskrbo kolonije.<\/p>\n<p>S to postavitvijo ustvarite idealno podlago za gojenje mravelj Messor arenarius in lahko te zanimive mravlje opazujete in zanje skrbite \u0161e vrsto let.<\/p>\n<p><strong>Vsebina:<\/strong><br \/>\n1x Messor arenarius (kraljica + 1-4 delavci + mladi\u010di)<br \/>\n1x blan\u0161irani cvr\u010dek 10g<br \/>\n1x zrnata hrana minor 100g<br \/>\n1x blazinica za formikarij - 20x20cm<br \/>\n2x blazinica za formikarij - 20x6cm<\/p>\n<p>1x ANTCUBE - arena 20x20x10 - ravna<br \/>\n1x okvir za mravlji\u0161\u010de 20\u00d720<br \/>\n1x pokrov za mravlji\u0161\u010de 20\u00d720<br \/>\n1x pritrdilne to\u010dke za pokrov arene 4 kosi.<br \/>\n1x ANTCUBE - mravlji\u0161\u010de - L - 20\u00d720 - pokon\u010den<\/p>\n<p>2x ANTCUBE - Digfix Terra nidum 20\u00d720 - L - be\u017e<br \/>\n1x gnezdo za popcorn 20\u00d720 - L<br \/>\n1x 1m prozorna cev 20\/16 mm<br \/>\n2x ANTCUBE - Rde\u010da folija 20\u00d720 - filter<br \/>\n2x samolepilne sponke - prozorne 2 kosa.<br \/>\n1x substrat - pu\u0161\u010davski - 1 kg<\/p>\n<p>2x mre\u017eni vlo\u017eek - 50 mm - nerjave\u010de jeklo<br \/>\n1x mre\u017eni vlo\u017eek - 27 mm - nerjave\u010de jeklo<br \/>\n1x mre\u017easti pokrov\u010dek - 16 mm - nerjave\u010de jeklo<\/p>\n<p>1x priklju\u010dek za cev rezervoarja 27-14,16,20 mm - prozoren<br \/>\n1x dozirnik za krmo 2ml - dozirno<br \/>\n1x pitnik prozoren 20ml - goba<br \/>\n1x skleda brezbarvna 1\u00d720 - gobica<br \/>\n1x Mini termometer analogni - prikazovalnik - vise\u010di<br \/>\n1x Olje za za\u0161\u010dito pred pobegom mravelj 10ml<br \/>\n1x pinceta iz vzmetnega jekla - \u0161iroka - mehka<br \/>\n1x pinceta plasti\u010dna prozorna<br \/>\n1x plasti\u010dna pipeta 3ml<br \/>\n1x ro\u010dna lupa - 2x - 30 mm<br \/>\n1x penasti brisalec 150x18x2,5 mm<br \/>\n1x hrbtna stran fotografije - pu\u0161\u010dava - 20\u00d710<\/p>\n<p><strong>Opis Za\u010detni komplet:<\/strong><br \/>\nTa za\u010detni set je posebej primeren za vrste mravelj iz rodu Messor ali Pogonomyrmex, ki zbirajo zrnje. Farma s kro\u017enikom za popcorn je namenjena shranjevanju semen in mravljin\u010djega kruha, zato mora biti popolnoma suha, da semena\/zrna, ki jih mravlje shranjujejo v njej, ne vzklijejo ali splesnijo.<br \/>\nDruga kmetija s plo\u0161\u010do \"Terra nidum\" je namenjena gnezdenju in razmno\u017eevanju mravelj. Ta mora biti vedno rahlo vla\u017ena.<br \/>\nZa ve\u010djo prilagodljivost pri postavitvi formikarija smo vam prilo\u017eili drugo plo\u0161\u010do \"Terra nidum\", ki jo lahko uporabite namesto gnezda iz popkorna.<\/p>\n<p><strong>Opis plo\u0161\u010de Terra nidum:<\/strong> Plo\u0161\u010da Terra nidum (latinsko gnezdo iz zemlje) iz materiala, ki ga je mogo\u010de kopati, je kot nala\u0161\u010d za na\u0161e mravlji\u0161\u010da ANTCUBE. Uporablja se lahko tako na suhem kot na mokrem. Primerna je tudi za \u0161tevilne vrste mravelj, zlasti za vrste, ki gnezdijo v pesku in (odmrlem) lesu. Uporablja se lahko namesto me\u0161anic peska in gline ali plutovinastih vlo\u017ekov za gnezda. Prednost tega gnezda je, da je vla\u017eenje plo\u0161\u010de zaradi jasno vidnega razbarvanja la\u017eje nadzorovati, obarvanost plo\u0161\u010de pa nudi super kontrast obi\u010dajno temnej\u0161im vrstam mravelj. Poleg tega notranjih plo\u0161\u010d mravlji\u0161\u010da ni mogo\u010de umazati s substratom, kot je to na primer pri me\u0161anicah peska in gline, kar omogo\u010da popoln pregled nad gnezdom. Na\u0161 material za gnezda ima tudi veliko trdnej\u0161o strukturo, zato se predori in komore, ki jih izkopljejo mravlje, ne zru\u0161ijo.<\/p>\n<p><strong>Opis gnezda popcorn:<\/strong> To gnezdo iz popkorna s pripravljenimi prehodi in komorami je popolnoma primerno za mravlje Messor, na primer, pa tudi za druge vrste mravelj, ki zbirajo zrnje. Ima luknjo za dostop do gnezda. Gnezdo iz popkorna vpija vlago in se lahko zaradi tega raz\u0161iri, zato ga je treba vedno hraniti na suhem. Messor barbarus zelo dobro sprejema na\u0161e gnezdo ANTCUBE iz popkorna kot hranilnico za zrnje. S\u010dasoma za\u010dnejo mravlje gnezdo iz popkorna \u0161iriti in se prehranjujejo z materialom za gnezdo. Ta di\u0161i po karameliziranem medu in je zato zelo privla\u010den.<\/p>\n<p>Gnezdo iz popkorna lahko uporabljate le za vrste mravelj, ki potrebujejo zelo malo ali ni\u010d vlage v obmo\u010dju gnezda.<\/p>\n<p><strong>Pomembno:<\/strong> Pred uporabo substrat navla\u017eite, da se me\u0161anica lahko pove\u017ee in trdno oprime v mravlji\u0161\u010du. Poleg tega lahko suha in pra\u0161na podlaga povzro\u010di, da se dihalne poti mravelj zama\u0161ijo in v najslab\u0161em primeru povzro\u010dijo zadu\u0161itev \u017eivali.<\/p>\n<p><strong>Priporo\u010dilo:<\/strong> Priporo\u010damo plast substrata vi\u0161ine 2 mm, da se \u017eivali ne morejo zakopati v areno in namesto tega uporabljajo v ta namen predvideno farmo. Priporo\u010damo tudi, da je gnezdilni material v farmi (pesek\/glina, Digfix itd.) na enem mestu rahlo naboden, da \u017eivali la\u017eje kopljejo.<\/p>\n<p><strong>Opombe o proizvodnji<\/strong><br \/>\nSteklo je bru\u0161eno v skladu z DIN 1249 s toleranco +\/;- 1 mm. Pri izjemno majhnih vrstah mravelj je nujna dodatna za\u0161\u010dita pred pobegom mravelj.<\/p>\n<p><strong>Opombe o kmetiji<\/strong><br \/>\nPri name\u0161\u010danju ali odstranjevanju cevi upo\u0161tevajte naslednje:<br \/>\n\u010ce se cev zelo te\u017eko prilega priklju\u010dni vti\u010dnici, vti\u010dnico rahlo natrite s kapljico na\u0161ega olja ali pra\u0161ka proti razbijanju. Nato je treba cev potisniti na vti\u010dnico z vrtenjem ali vija\u010denjem, ne da bi vti\u010dnico obremenjevali z gibi navzgor in navzdol. Enako velja za odstranjevanje cevi iz priklju\u010dne vti\u010dnice na kmetiji. Ne potegnite je preprosto s sebe!<\/p>\n<p><strong>Opomba o Terra nidum:<\/strong> Naravni barvni odtenek je lahko od be\u017e\/pe\u0161\u010dene do svetlo rjave barve. Barvni odtenek ne vpliva na kakovost.<br \/>\nZaradi proizvodnega procesa se lahko mere razlikujejo za +\/- 1 mm.<\/p>\n<p><strong>Opomba o blan\u0161iranih \u010dri\u010dkih:<\/strong><br \/>\nNa\u0161a marmelada za \u010dri\u010dke je enostaven na\u010din, kako mravljam zagotoviti sve\u017ee konzervirano beljakovinsko hrano, ne da bi jim bilo treba hraniti \u017eive \u017eu\u017eelke. Vsebovani \u010dri\u010dki (Acheta domesticus) so bili ne\u017eno kuhani, da se ohranijo hranilne vrednosti, okus in aroma. Poleg tega se na ta na\u010din zmeh\u010da hitinska lupina \u017eu\u017eelk, da se la\u017eje prebavi. Veziva kolagenskih beljakovin se razgradi, tako da jih mravlje lahko bolje izkoristijo. Konzerve Acheta domesticus imajo enako hranilno vrednost kot \u017eivi \u010dri\u010dki, vendar so la\u017eje prebavljive.<\/p>\n<p>Blan\u0161irani cvr\u010dki niso primerni za lov na vrste mravelj, ki potrebujejo \u017eivo hrano (npr. ponirki, kot sta Harpegnathos ali Odontomachus).<\/p>\n<p><strong>Dodatne prednosti:<\/strong><br \/>\nZagotovljeno brez pr\u0161ic<br \/>\nLahko se razdeli na porcije<br \/>\nSterilizirano in vakuumirano<br \/>\nBrez dodatkov<br \/>\nCvr\u010dki iz trajnostne ekolo\u0161ke vzreje, hranjeni z organskimi odpadki<\/p>\n<p><strong>Upo\u0161tevajte:<\/strong><br \/>\nV hladilniku lahko hranite pribli\u017eno \u0161tiri dni po odprtju. \u010ce je zamrznjen, je rok trajanja dalj\u0161i.<\/p>\n<\/div>","protected":false},"excerpt":{"rendered":"<p>Paketna ponudba vklju\u010duje kolonijo mravelj Messor arenarius (kraljica + 5-10 delavk + mladi\u010di), za\u010detni set za mravlje \u017eanjice L Popcorn s 3x formikarijskimi blazinicami in posodo na\u0161ih posebnih blan\u0161iranih \u010dri\u010dkov (vla\u017ene beljakovine). Samo do porabe zalog. Vse, kar potrebujete za uspe\u0161no gojenje Messor arenarius Ta sve\u017eenj vsebuje vse, kar potrebujete za","protected":false},"featured_media":10873,"comment_status":"open","ping_status":"closed","template":"","meta":{"_acf_changed":false,"content-type":"","_monsterinsights_skip_tracking":false,"_monsterinsights_sitenote_active":false,"_monsterinsights_sitenote_note":"","_monsterinsights_sitenote_category":0},"product_brand":[],"product_cat":[355,344,353,73],"product_tag":[],"class_list":{"0":"post-5935","1":"product","2":"type-product","3":"status-publish","4":"has-post-thumbnail","6":"product_cat-bundle-offers","7":"product_cat-popcorn","8":"product_cat-starter-sets-for-harvester-ants","9":"product_cat-starter-sets","11":"first","12":"outofstock","13":"taxable","14":"shipping-taxable","15":"purchasable","16":"product-type-simple"},"acf":[],"aioseo_notices":[],"jetpack_sharing_enabled":true,"_links":{"self":[{"href":"https:\/\/antcube.shop\/sl\/wp-json\/wp\/v2\/product\/5935","targetHints":{"allow":["GET"]}}],"collection":[{"href":"https:\/\/antcube.shop\/sl\/wp-json\/wp\/v2\/product"}],"about":[{"href":"https:\/\/antcube.shop\/sl\/wp-json\/wp\/v2\/types\/product"}],"replies":[{"embeddable":true,"href":"https:\/\/antcube.shop\/sl\/wp-json\/wp\/v2\/comments?post=5935"}],"wp:featuredmedia":[{"embeddable":true,"href":"https:\/\/antcube.shop\/sl\/wp-json\/wp\/v2\/media\/10873"}],"wp:attachment":[{"href":"https:\/\/antcube.shop\/sl\/wp-json\/wp\/v2\/media?parent=5935"}],"wp:term":[{"taxonomy":"product_brand","embeddable":true,"href":"https:\/\/antcube.shop\/sl\/wp-json\/wp\/v2\/product_brand?post=5935"},{"taxonomy":"product_cat","embeddable":true,"href":"https:\/\/antcube.shop\/sl\/wp-json\/wp\/v2\/product_cat?post=5935"},{"taxonomy":"product_tag","embeddable":true,"href":"https:\/\/antcube.shop\/sl\/wp-json\/wp\/v2\/product_tag?post=5935"}],"curies":[{"name":"wp","href":"https:\/\/api.w.org\/{rel}","templated":true}]}}