{"id":5934,"date":"2023-06-24T12:30:09","date_gmt":"2023-06-24T10:30:09","guid":{"rendered":"https:\/\/antcube.shop\/product\/antcube-terra-nidum-20x20-l-beige\/"},"modified":"2026-04-07T16:26:43","modified_gmt":"2026-04-07T14:26:43","slug":"antcube-terra-nidum-20x20-l-beige","status":"publish","type":"product","link":"https:\/\/antcube.shop\/sl\/izdelek\/antcube-terra-nidum-20x20-l-beige\/","title":{"rendered":"ANTCUBE - Digfix Terra nidum 20\u00d720 - L - be\u017e"},"content":{"rendered":"<p><strong>Dimenzije:<\/strong> 183x160x20 mm<\/p>\n<p><strong>Material:<\/strong> material, ki ga je mogo\u010de kopati, na podlagi smole.<\/p>\n<p><strong>Opis:<\/strong> Plo\u0161\u010da Terra nidum (lat. earth nest) iz materiala, ki ga je mogo\u010de kopati, je idealna za na\u0161e mravlji\u0161\u010da ANTCUBE. Uporablja se lahko tako na suhem kot na mokrem. Primerna je tudi za \u0161tevilne vrste mravelj, zlasti za tiste, ki gnezdijo v pesku in (odmrlem) lesu. Uporablja se lahko namesto me\u0161anic peska in gline ali vlo\u017ekov za gnezda iz plute. Prednost tega gnezda je, da je vla\u017eenje plo\u0161\u010de zaradi dobro vidnega razbarvanja la\u017eje nadzorovati, barva plo\u0161\u010de pa predstavlja velik kontrast obi\u010dajno temneje obarvanim vrstam mravelj. Poleg tega notranjih plo\u0161\u010d mravlji\u0161\u010da ni mogo\u010de umazati s substratom, kot je to na primer pri me\u0161anicah peska in gline, kar omogo\u010da popoln pregled nad gnezdom. Na\u0161 material za gnezda ima tudi veliko trdnej\u0161o strukturo, zato se predori in komore, ki jih izkopljejo mravlje, ne zru\u0161ijo.<\/p>\n<p><strong>Opomba:<\/strong> Naravni barvni odtenek lahko variira med be\u017e\/pe\u0161\u010deno in svetlo rjavo barvo. Barvni odtenek ne vpliva na kakovost.<br \/>\nZaradi izdelave se lahko mere razlikujejo za +\/- 1 mm.<\/p>","protected":false},"excerpt":{"rendered":"<p>Gr\u00f6\u00dfe: <strong>L<\/strong><\/p>","protected":false},"featured_media":5928,"comment_status":"open","ping_status":"closed","template":"","meta":{"_acf_changed":false,"content-type":"","_monsterinsights_skip_tracking":false,"_monsterinsights_sitenote_active":false,"_monsterinsights_sitenote_note":"","_monsterinsights_sitenote_category":0},"product_brand":[],"product_cat":[257,87,88],"product_tag":[],"class_list":{"0":"post-5934","1":"product","2":"type-product","3":"status-publish","4":"has-post-thumbnail","6":"product_cat-new-innovatve-products","7":"product_cat-nest-insets","8":"product_cat-digfix","10":"first","11":"instock","12":"taxable","13":"shipping-taxable","14":"purchasable","15":"product-type-simple"},"acf":[],"aioseo_notices":[],"jetpack_sharing_enabled":true,"_links":{"self":[{"href":"https:\/\/antcube.shop\/sl\/wp-json\/wp\/v2\/product\/5934","targetHints":{"allow":["GET"]}}],"collection":[{"href":"https:\/\/antcube.shop\/sl\/wp-json\/wp\/v2\/product"}],"about":[{"href":"https:\/\/antcube.shop\/sl\/wp-json\/wp\/v2\/types\/product"}],"replies":[{"embeddable":true,"href":"https:\/\/antcube.shop\/sl\/wp-json\/wp\/v2\/comments?post=5934"}],"wp:featuredmedia":[{"embeddable":true,"href":"https:\/\/antcube.shop\/sl\/wp-json\/wp\/v2\/media\/5928"}],"wp:attachment":[{"href":"https:\/\/antcube.shop\/sl\/wp-json\/wp\/v2\/media?parent=5934"}],"wp:term":[{"taxonomy":"product_brand","embeddable":true,"href":"https:\/\/antcube.shop\/sl\/wp-json\/wp\/v2\/product_brand?post=5934"},{"taxonomy":"product_cat","embeddable":true,"href":"https:\/\/antcube.shop\/sl\/wp-json\/wp\/v2\/product_cat?post=5934"},{"taxonomy":"product_tag","embeddable":true,"href":"https:\/\/antcube.shop\/sl\/wp-json\/wp\/v2\/product_tag?post=5934"}],"curies":[{"name":"wp","href":"https:\/\/api.w.org\/{rel}","templated":true}]}}