{"id":5475,"date":"2023-02-10T13:18:16","date_gmt":"2023-02-10T12:18:16","guid":{"rendered":"https:\/\/antcube.shop\/produkt\/popcorn-nest-20x20-l\/"},"modified":"2026-03-09T17:50:04","modified_gmt":"2026-03-09T16:50:04","slug":"popcorn-nest-20x20-l","status":"publish","type":"product","link":"https:\/\/antcube.shop\/sl\/izdelek\/popcorn-nest-20x20-l\/","title":{"rendered":"Gnezdo za popcorn 20\u00d720 - L"},"content":{"rendered":"<p><strong>Dimenzije:<\/strong> 184 x 160 x 18 mm<\/p>\n<p><strong>Material:<\/strong> popcorn, stisnjen s saharozo in beljakovinami<\/p>\n<p><strong>Prilega se samo<\/strong> v na\u0161ih mravlji\u0161\u010dih velikost <strong>L<\/strong><\/p>\n<p><strong>Opis:<\/strong> To gnezdo iz popkorna z vnaprej pripravljenimi prehodi in komorami je kot nala\u0161\u010d za komoro za zrnje za na primer mravlje vrste Messor, pa tudi za druge vrste mravelj, ki pobirajo zrnje. Ima luknjo za dostop do gnezda. Gnezdo iz popkorna absorbira vlago in se zato lahko raz\u0161iri, zato<strong> vsekakor ga je treba hraniti na suhem<\/strong>. Messor barbarus zelo dobro sprejema na\u0161e gnezdo ANTCUBE Popcorn Nest kot komoro za zrnje. S\u010dasoma bodo mravlje za\u010dele \u0161iriti gnezdo iz popkorna in si utrle pot skozi gnezditveni material.<\/p>\n<p>Popcorn Nest lahko uporabljate le za vrste mravelj, ki potrebujejo zelo malo ali ni\u010d vlage v obmo\u010dju gnezda.<\/p>","protected":false},"excerpt":{"rendered":"<p>Dimenzije: Velikost: 184 x 160 x 18 mm Material: popkorn, stisnjen s saharozo in beljakovinami Primeren samo za na\u0161e mravlji\u0161\u010da, velikost L Opis: To gnezdo iz popkorna z monta\u017enimi prehodi in komorami je kot nala\u0161\u010d za mravlje Messor, pa tudi za druge vrste mravelj, ki zbirajo zrnje. Ima luknjo kot gnezdo","protected":false},"featured_media":5459,"comment_status":"open","ping_status":"closed","template":"","meta":{"_acf_changed":false,"content-type":"","_monsterinsights_skip_tracking":false,"_monsterinsights_sitenote_active":false,"_monsterinsights_sitenote_note":"","_monsterinsights_sitenote_category":0},"product_brand":[],"product_cat":[257,344,87],"product_tag":[],"class_list":{"0":"post-5475","1":"product","2":"type-product","3":"status-publish","4":"has-post-thumbnail","6":"product_cat-new-innovatve-products","7":"product_cat-popcorn","8":"product_cat-nest-insets","10":"first","11":"instock","12":"taxable","13":"shipping-taxable","14":"purchasable","15":"product-type-simple"},"acf":[],"aioseo_notices":[],"jetpack_sharing_enabled":true,"_links":{"self":[{"href":"https:\/\/antcube.shop\/sl\/wp-json\/wp\/v2\/product\/5475","targetHints":{"allow":["GET"]}}],"collection":[{"href":"https:\/\/antcube.shop\/sl\/wp-json\/wp\/v2\/product"}],"about":[{"href":"https:\/\/antcube.shop\/sl\/wp-json\/wp\/v2\/types\/product"}],"replies":[{"embeddable":true,"href":"https:\/\/antcube.shop\/sl\/wp-json\/wp\/v2\/comments?post=5475"}],"wp:featuredmedia":[{"embeddable":true,"href":"https:\/\/antcube.shop\/sl\/wp-json\/wp\/v2\/media\/5459"}],"wp:attachment":[{"href":"https:\/\/antcube.shop\/sl\/wp-json\/wp\/v2\/media?parent=5475"}],"wp:term":[{"taxonomy":"product_brand","embeddable":true,"href":"https:\/\/antcube.shop\/sl\/wp-json\/wp\/v2\/product_brand?post=5475"},{"taxonomy":"product_cat","embeddable":true,"href":"https:\/\/antcube.shop\/sl\/wp-json\/wp\/v2\/product_cat?post=5475"},{"taxonomy":"product_tag","embeddable":true,"href":"https:\/\/antcube.shop\/sl\/wp-json\/wp\/v2\/product_tag?post=5475"}],"curies":[{"name":"wp","href":"https:\/\/api.w.org\/{rel}","templated":true}]}}