{"id":5380,"date":"2023-02-01T17:57:19","date_gmt":"2023-02-01T16:57:19","guid":{"rendered":"https:\/\/antcube.shop\/produkt\/bundle-offer-lasius-niger\/"},"modified":"2026-04-05T17:41:09","modified_gmt":"2026-04-05T15:41:09","slug":"paket-ponudba-lasius-niger","status":"publish","type":"product","link":"https:\/\/antcube.shop\/sl\/izdelek\/paket-ponudba-lasius-niger\/","title":{"rendered":"Ponudba sve\u017enja - Lasius niger"},"content":{"rendered":"<p><span data-text-color=\"secondary\"><strong>Paketna ponudba vklju\u010duje kolonijo mravelj Lasius niger (matica + 26-50 delavk + mladice), za\u010detni set Combi M z okvirjem za za\u0161\u010dito pred pobegom, re\u0161etko 50 mm, podstavkom za formikarij - 20x20 cm, prozornim napajalnikom 20 ml - goba, kozarcem na\u0161ih posebnih celih blan\u0161iranih \u010dri\u010dkov 10 g (vla\u017ene beljakovine) in polnilno embala\u017eo medene rose 10 ml.<\/strong><\/span><\/p>\n<p><span data-text-color=\"alert\"><strong>Samo do porabe zalog.<\/strong><\/span><\/p>\n<p><strong>Vse, kar potrebujete za kolonijo mravelj Lasius niger<\/strong><br \/>\nTa paket vsebuje vse, kar potrebujete za uspe\u0161no vzgojo kolonije Lasius niger v prvih mesecih. Je prilagodljivo raz\u0161irljiv in izrecno primeren za za\u010detnike v gojenju mravelj.<\/p>\n<p>Vrsta mravelj Lasius niger Lasius niger, znana tudi kot \"\u010drna mravlja\", je ena izmed najbolj priljubljenih vrst za za\u010detnike v mravlji\u0161\u010darstvu. Sodi med majhne do srednje velike mravlje in je zelo var\u010dna. Raz\u0161irjena je po vsej Evropi, najdemo pa jo tudi v Aziji, Afriki in Severni Ameriki.<\/p>\n<p><strong>Hrana za Lasius niger<\/strong><br \/>\nLasius niger se v naravi pogosto zadr\u017euje pri m\u0161icah, da bi nabral njihovo medeno roso, ki se proizvaja iz rastlinskih sokov. Pri tem jih \u0161\u010diti in celo prena\u0161a na mlade poganjke.<br \/>\nV formikarij lahko preprosto polo\u017eite nekaj oku\u017eenih vejic (npr. vrtnic, bezga, ribeza) v vazo in opazujete, kako jih \u017eivali molzejo. V formikariju je najbolje dati raztopino medu in beljakovinsko hrano (\u017eive majhne \u017eu\u017eelke ali posu\u0161eno beljakovinsko hrano).<\/p>\n<p><strong>Hibernacija pri Lasius niger<\/strong><br \/>\nLasius niger prezimi med pribli\u017eno koncem oktobra in koncem marca pri temperaturi 5-8 stopinj. Formikarij lahko preprosto postavite v hladen prostor ali (\u010de ima formikarij odstranljiv vlo\u017eek za gnezdo) vlo\u017eek za gnezdo postavite na primer v hladilnik. Vendar je treba paziti, da mravlje niso izpostavljene temperaturam pod 0 stopinj, saj v formikariju niso nikoli tako dobro za\u0161\u010ditene pred mrazom kot v naravi. Obstajajo tudi poro\u010dila rejcev, ki gojijo mravlje Lasius niger brez hibernacije. Vendar lahko to privede do kraj\u0161e \u017eivljenjske dobe kolonije ali upo\u010dasni razvoj mladi\u010dev. Med hibernacijo \u017eivali ni treba hraniti ali pa jih je treba hraniti zelo malo, \u010de je to potrebno. Vendar pa morate redno preverjati vla\u017enost in paziti na plesen!<\/p>\n<p><strong>Vsebina:<\/strong><\/p>\n<p>1x Lasius niger (kraljica + 26-50 delavk + leglo)<br \/>\n1x Cvr\u010dkova marmelada 25g<br \/>\n1x Honeydew honey 10ml refill pack<\/p>\n<p>1x ANTCUBE - Arena 20x20x20 - Combi M<br \/>\n1x pokrov za mravlji\u0161\u010de 20\u00d720<br \/>\n4x pritrdilna to\u010dka za pokrov arene<br \/>\n1x okvir za mravlji\u0161\u010de 20\u00d720<br \/>\n1x pad for formicariums &#8211; 20x20cm<\/p>\n<p>2x grid insert &#8211; 50mm<br \/>\n2x grid insert &#8211; 27mm<br \/>\n1x ANTCUBE - Digfix plo\u0161\u010da 20\u00d720 - M<br \/>\n1x soil &#8211; Sand-loam red &#8211; 200g<\/p>\n<p>1x Foil thermometer display<br \/>\n1x drinking clear 5ml &#8211; sponge<br \/>\n1x pitnik 2ml - 360 stopinj<br \/>\n1x Feeding dish white rectangle &#8211; 3 compartments<br \/>\n1x Ro\u010dna lupa - 2x - 30 mm<br \/>\n1x Transparent plastic tweezers<br \/>\n1x pinceta iz vzmetnega jekla - \u0161iroka - mehka<br \/>\n1x plasti\u010dna pipeta 3ml<br \/>\n1x olje za za\u0161\u010dito pred pobegom mravelj 10ml<br \/>\n1x Foam wiper 150x18x2.5mm<\/p>\n<p><strong>Opis:<\/strong><br \/>\nTa za\u010detni komplet - Combi je primeren za ve\u010dino vrst mravelj, ki gnezdijo v zemlji.<br \/>\nKomplet je zelo kompakten, prilo\u017eeni dodatki pa so skr\u010deni na najnujnej\u0161e.<br \/>\nGre torej za cenovno ugoden komplet iz visokokakovostnih materialov, ki je idealen za za\u010detek gojenja mravelj.<br \/>\nPrilo\u017eeni pe\u0161\u010deno-glinasti substrat be\u017e barve dobro sprejme ve\u010dina vrst mravelj, ki kopljejo zemeljska gnezda.<\/p>\n<p>Vendar lahko v gnezditveno obmo\u010dje arene namestimo tudi druge talne podlage ali gnezditvene vlo\u017eke.<br \/>\nDodatne uporabne pripomo\u010dke najdete v razdelku Predlogi (glejte spodaj).<\/p>\n<p><strong>Priporo\u010dilo:<\/strong> Priporo\u010damo plast substrata vi\u0161ine 2 mm, da se \u017eivali ne morejo zakopati v areno in namesto tega uporabljajo v ta namen predvideno farmo. Priporo\u010damo tudi, da je gnezdilni material v farmi (pesek\/glina, Digfix itd.) na enem mestu rahlo naboden, da \u017eivali la\u017eje kopljejo.<\/p>\n<p><strong>Pomembno:<\/strong> Pred uporabo substrat navla\u017eite, da se me\u0161anica lahko pove\u017ee in trdno oprime v mravlji\u0161\u010du. Poleg tega lahko suha in pra\u0161na podlaga povzro\u010di, da se dihalne poti mravelj zama\u0161ijo in v najslab\u0161em primeru povzro\u010dijo zadu\u0161itev \u017eivali.<\/p>\n<p><strong>Opomba:<\/strong><br \/>\nPri uporabi na\u0161ih vlo\u017ekov za gnezda upo\u0161tevajte, da so ti za 8 mm o\u017eji, saj so bili prvotno zasnovani za na\u0161e o\u017eje mravlji\u0161\u010da in vlo\u017eke za arene! V tem primeru bi bilo treba vmesni prostor zapolniti s polnilom, kot sta omet ali glina.<\/p>\n<p><strong>Opombe o proizvodnji<\/strong><br \/>\nSteklo je bru\u0161eno v skladu z DIN 1249 s toleranco +\/;- 1 mm. Pri izjemno majhnih vrstah mravelj je nujna dodatna za\u0161\u010dita pred pobegom mravelj.<\/p>\n<p><strong>Navodila: <\/strong>(Razli\u010dica 2023, posodobljena razli\u010dica za leto 2024 bo na voljo najpozneje do 04\/2024)<strong><br \/>\n<\/strong><\/p>\n<p>- DE<a href=\"https:\/\/www.antstore.net\/shop\/images\/info\/de\/Gebrauchsanweisung%20Starter%20Set%20Combi.pdf\"> Zahtevek za nakup za\u010detnega kompleta Combi<\/a> (PDF 7,98 MB)<\/p>\n<p>- SL<a href=\"https:\/\/www.antstore.net\/shop\/images\/info\/en\/Instructions%20for%20use%20-%20Starter%20Set%20Combi.pdf\"> Navodila za uporabo - za\u010detni komplet Combi<\/a> (PDF 7,94 MB)<\/p>\n<p>- ES<a href=\"https:\/\/www.antstore.net\/shop\/images\/info\/es\/Manual%20de%20instrucciones%20-%20Set%20de%20inicio%20Combi.pdf\"> Priro\u010dnik z navodili - Set de inicio Combi<\/a> (PDF 7,94 MB)<\/p>\n<p>- FR<a href=\"https:\/\/www.antstore.net\/shop\/images\/info\/fr\/Manuel%20d'instruction%20-%20Kit%20de%20d%C3%A9marrage%20Combi.pdf\"> Navodila za uporabo - Komplet za popravilo Combi<\/a> (PDF 7,95 MB)<\/p>\n<p><strong>Opombe o d\u017eemu za kriket:<\/strong><br \/>\nNa\u0161a marmelada za \u010dri\u010dke je enostaven na\u010din, kako mravljam zagotoviti sve\u017ee konzervirano beljakovinsko hrano, ne da bi jim bilo treba hraniti \u017eive \u017eu\u017eelke. Vsebovani \u010dri\u010dki (Acheta domesticus) so bili ne\u017eno kuhani, da se ohranijo hranilne vrednosti, okus in aroma. Poleg tega se na ta na\u010din zmeh\u010da hitinska lupina \u017eu\u017eelk, da se la\u017eje prebavi. Veziva kolagenskih beljakovin se razgradi, tako da jih mravlje lahko bolje izkoristijo. Konzerve Acheta domesticus imajo enako hranilno vrednost kot \u017eivi \u010dri\u010dki, vendar so la\u017eje prebavljive.<\/p>\n<p>Cricket Jam ni primeren za lov na vrste mravelj, ki potrebujejo \u017eivo hrano (npr. ponirki (velike mravlje), kot sta Harpegnathos ali Odontomachus).<\/p>\n<p><strong>Dodatne prednosti:<\/strong><br \/>\nZagotovljeno brez pr\u0161ic<br \/>\nLahko se razdeli po porcijah in razred\u010di z vodo<br \/>\nSterilizirano in vakuumsko pakirano<br \/>\nBrez dodatkov<br \/>\nCvr\u010dki iz trajnostne ekolo\u0161ke vzreje, hranjeni z organskimi odpadki<\/p>\n<p><strong>Opomba:<\/strong><br \/>\nV hladilniku lahko hranite pribli\u017eno \u0161tiri dni po odprtju. \u010ce je zamrznjen, je rok trajanja dalj\u0161i.<br \/>\nPozornost: Najprej porcionirajte, nato zamrznite.<\/p>\n<p><strong>Opomba o medeni rosnici:<\/strong><br \/>\nVsebina: Vsebnost: 10 ml<br \/>\nTo je naravni proizvod, ki smo ga po obse\u017enih testih v na\u0161em laboratoriju izbolj\u0161ali in razvili v hrano, ki jo mravlje zelo dobro sprejemajo. Razlog za to je, da nepredelanega medu v njegovi koncentrirani prvotni obliki mravlje in njihova presnova ne sprejemajo dobro.<br \/>\nNa\u0161a medi\u010dina je bila nabrana v neonesna\u017eenih divjih gorskih gozdovih Bolgarije. Medena rosa se proizvaja le zelo omejen \u010das, pribli\u017eno dva meseca poleti. Zato je zelo redek. Zaradi posebnih zna\u010dilnosti tal v gozdovih in podnebja se v listih dreves shranjujejo bistvena hranila, ki jih absorbirajo afide. Zato je ta me\u0161anica medi\u010dine tako za\u017eelena za mravlje.<\/p>\n<p><strong>Uporaba:<\/strong><br \/>\nKoli\u010dino hrane je treba zau\u017eiti v pribli\u017eno 3 dneh.<\/p>\n<p><strong>Opis:<\/strong><br \/>\nMedena rosa se v nasprotju s cvetli\u010dnim medom pridobiva iz izlo\u010dkov \u017eu\u017eelk, ki sesajo na rastlinah, na primer m\u0161ic. Medena rosa je priljubljen vir hrane za \u0161tevilne \u017eu\u017eelke, kot so mravlje, \u010debele in \u010dmrlji. \u010cebele in \u010dmrlji ga li\u017eejo z listov ali iglic razli\u010dnih dreves. Mravlje, kot je Lasius niger, dobesedno hranijo afide. Branijo jih celo pred plenilci in jih prena\u0161ajo na sve\u017ee poganjke.<\/p>\n<p>Medena rosa je pri mravljah \u0161e posebej priljubljena zaradi nekoliko druga\u010dnih sestavin. Glavna sladkorja v medici sta saharoza in fruktoza, v manj\u0161ih koli\u010dinah pa najdemo tudi maltozo, trehalozo, melezitozo, rafinozo in druge oligosaharide. Poleg sladkorja in vode vsebuje tudi esencialne aminokisline, minerale, elemente v sledovih, adenozine, fosfate in druge sestavine, kot so vitamini.<\/p>\n<p><strong>Uporaba:<\/strong><br \/>\nZa vrste medojedih mravelj (Meliphagidae)<br \/>\nTo je dopolnilna krma<br \/>\n\u017divalim ga lahko ponudite kot zalogo. Ker se koncentracija sladkorja zaradi vlage zmanj\u0161a in se za\u010dne proces fermentacije, je treba hrano zamenjati vsake tri dni. Pred ponovno uporabo temeljito o\u010distite posodo\/teko\u010dinko za hranjenje.<br \/>\nPo odprtju je treba embala\u017eo hraniti tesno zaprto do izteka roka uporabnosti.<\/p>\n<p><strong>Hranilne vrednosti na 100 g:<\/strong><br \/>\npribli\u017eno 2,7 % ma\u0161\u010dobe<br \/>\nod tega nasi\u010denih pribli\u017eno 0,45 %<br \/>\npribli\u017eno 95 % ogljikovih hidratov<br \/>\nod tega pribli\u017eno 71 % sladkorja<br \/>\npribli\u017eno 2,85% beljakovin<br \/>\nMinerali (kalij, kalcij, baker, \u017eelezo, natrij, magnezij, fosfor, cink in drugi elementi v sledovih) Aminokisline (prolin, levcin, fenilalanin, alanin, histidin, izolevcin, glutaminska kislina, arginin, asparaginska kislina itd.) Organske kisline Encimi (fermenti) Arome Inhibini (antibakterijske snovi) Cvetovi Cvetni prah<\/p>\n<p><strong>Shranjevanje:<\/strong><br \/>\nDa bi zagotovili kakovost krme, jo je treba hraniti v temnem in suhem prostoru.<\/p>\n<p><strong>Opomba:<\/strong><br \/>\nDopolnilna krma za mravlje, ki se prehranjujejo z medom.<br \/>\nSestavo, analiti\u010dne sestavine, datum uporabnosti in \u0161tevilko serije najdete v navodilih za uporabo.<\/p>\n<p>Informacijska telefonska \u0161tevilka +49 30 439703870<\/p>\n<p>Pristojni veterinarski in \u017eivilski in\u0161pektorat:<br \/>\nVeterinarski urad Steglitz<br \/>\nK\u00f6nigin-Luise-Str. 92<br \/>\n14195 Berlin<\/p>","protected":false},"excerpt":{"rendered":"<p>Velikost: M<\/p>","protected":false},"featured_media":7115,"comment_status":"open","ping_status":"closed","template":"","meta":{"_acf_changed":false,"content-type":"","_monsterinsights_skip_tracking":false,"_monsterinsights_sitenote_active":false,"_monsterinsights_sitenote_note":"","_monsterinsights_sitenote_category":0},"product_brand":[],"product_cat":[355,73,78],"product_tag":[],"class_list":{"0":"post-5380","1":"product","2":"type-product","3":"status-publish","4":"has-post-thumbnail","6":"product_cat-bundle-offers","7":"product_cat-starter-sets","8":"product_cat-starter-sets-combi","10":"first","11":"instock","12":"taxable","13":"shipping-taxable","14":"purchasable","15":"product-type-simple"},"acf":[],"aioseo_notices":[],"jetpack_sharing_enabled":true,"_links":{"self":[{"href":"https:\/\/antcube.shop\/sl\/wp-json\/wp\/v2\/product\/5380","targetHints":{"allow":["GET"]}}],"collection":[{"href":"https:\/\/antcube.shop\/sl\/wp-json\/wp\/v2\/product"}],"about":[{"href":"https:\/\/antcube.shop\/sl\/wp-json\/wp\/v2\/types\/product"}],"replies":[{"embeddable":true,"href":"https:\/\/antcube.shop\/sl\/wp-json\/wp\/v2\/comments?post=5380"}],"wp:featuredmedia":[{"embeddable":true,"href":"https:\/\/antcube.shop\/sl\/wp-json\/wp\/v2\/media\/7115"}],"wp:attachment":[{"href":"https:\/\/antcube.shop\/sl\/wp-json\/wp\/v2\/media?parent=5380"}],"wp:term":[{"taxonomy":"product_brand","embeddable":true,"href":"https:\/\/antcube.shop\/sl\/wp-json\/wp\/v2\/product_brand?post=5380"},{"taxonomy":"product_cat","embeddable":true,"href":"https:\/\/antcube.shop\/sl\/wp-json\/wp\/v2\/product_cat?post=5380"},{"taxonomy":"product_tag","embeddable":true,"href":"https:\/\/antcube.shop\/sl\/wp-json\/wp\/v2\/product_tag?post=5380"}],"curies":[{"name":"wp","href":"https:\/\/api.w.org\/{rel}","templated":true}]}}