{"id":5347,"date":"2023-01-17T17:36:25","date_gmt":"2023-01-17T16:36:25","guid":{"rendered":"https:\/\/antcube.shop\/produkt\/bundle-offer-messor-barbarus\/"},"modified":"2026-04-13T09:28:50","modified_gmt":"2026-04-13T07:28:50","slug":"paket-ponudba-messor-barbarus","status":"publish","type":"product","link":"https:\/\/antcube.shop\/sl\/izdelek\/paket-ponudba-messor-barbarus\/","title":{"rendered":"Ponudba sve\u017enja - Messor barbarus"},"content":{"rendered":"<p><span data-text-color=\"secondary\"><strong>Paketna ponudba vklju\u010duje kolonijo mravelj Messor barbarus (kraljica + 11-25 delavk + mladi\u010di), za\u010detni set za Messor spec. s 3x formikarijskimi podlogami in kozarcem na\u0161ih posebnih celih blan\u0161iranih \u010dri\u010dkov 10 g (vla\u017ene beljakovine).<\/strong><\/span><\/p>\n<p><span data-text-color=\"alert\"><strong>Samo do porabe zalog.<\/strong><\/span><\/p>\n<p><strong>Vse, kar potrebujete za kolonijo mravelj Messor barbarus<\/strong><br \/>\nTa paket vsebuje vse, kar potrebujete za uspe\u0161no pre\u017eivetje kolonije Messor barbarus v prvih nekaj mesecih. Je prilagodljivo raz\u0161irljiv in izrecno primeren za za\u010detnike v gojenju mravelj.<\/p>\n<p><strong>Messor barbarus vrste mravelj:<\/strong><br \/>\nMessor barbarus je izrazito granivorna (zrnojedska) vrsta mravlje iz sredozemske regije. Spada v skupino tako imenovanih mravelj in je zaradi razmeroma preprostih zahtev glede podnebja in hrane ena od vstopnih vrst za mravlje. Zaradi svoje barve in oblikovanja manj\u0161ih, srednjih in ve\u010djih delavk (manj\u0161ih in ve\u010djih) je njeno opazovanje zelo zanimivo.<\/p>\n<p><strong>Hrana za Messor barbarus<\/strong><br \/>\nV naravi se Messor barbarus prehranjuje predvsem z zrni, ki jih uporablja za pripravo \"mravljin\u010djega kruha\", zlahka pa sprejme tudi sladko sadje in mrtve \u017eu\u017eelke. Messor barbarus pokriva velik del svojih potreb po vlagi z zrni, preostanek pa z \u017eu\u017eelkami. V formikariju se lahko dajejo zrna in po potrebi med, beljakovinska hrana, zelo majhne \u017eu\u017eelke ali \u017eele. Medena voda je sprejemljiva le v primeru pomanjkanja teko\u010dine. Ker se vrste Messor rade potopijo v odprte vodne vire, jih je treba vedno pokriti s kamni ali vpojnim bomba\u017eem.<\/p>\n<p>Messor barbarus hibernira pribli\u017eno od konca novembra do konca februarja. Vendar je to obdobje, v nasprotju z na primer Lasius niger, zelo zmanj\u0161ano. Obdobje hibernacije je treba pre\u017eiveti pri pribli\u017eno 15 \u00b0C, saj so temperature v regijah, od koder izvira Messor barbarus, zelo redko ni\u017eje tudi pozimi. V ta namen lahko mravlje preprosto namestite v neogrevano sobo. Obstajajo tudi poro\u010dila rejcev, ki gojijo Messor barbarus brez hibernacije. Vendar lahko to privede do kraj\u0161e \u017eivljenjske dobe kolonije ali upo\u010dasni razvoj mladi\u010dev. Med hibernacijo je treba \u017eivali le malo hraniti. Vendar pa morate redno preverjati vla\u017enost in paziti na plesen!<\/p>\n<p><strong>Formikarij za Messor barbarus<\/strong><br \/>\nMravlje \u017eanjice potrebujejo rahlo vla\u017eno gnezdo za mladi\u010de in suho gnezdo za shranjevanje zbranih zrn (suho, da se prepre\u010di razvoj plesni). To najbolje deluje z dvema lo\u010denima gnezdoma, ki sta vklju\u010dena v na\u0161 za\u010detni set. To bo zadostovalo za vsaj 1-2 leti. Po tem \u010dasu je treba tako obmo\u010dje gnezda kot obmo\u010dje arene raz\u0161iriti.<\/p>\n<p><strong>Optimalni podnebni pogoji za Messor barbarus so naslednji:<\/strong><br \/>\nVlaga:<br \/>\nArena: Obmo\u010dje gnezda: 30 - 50%: 50 - 70%<br \/>\nTemperatura:<br \/>\nArena: 25 - 30 \u00b0C Obmo\u010dje gnezda: 21 - 26\u00b0C<\/p>\n<p>Na\u0161 Digfix je najprimernej\u0161i material za gnezdenje. Je zelo odporen na vlago in zagotavlja, da pogled v gnezdo ter komore in prehode v njem ni moten zaradi ostankov substrata, kot pri me\u0161anicah peska in gline. Zaradi mo\u010dnih \u010deljusti lahko majorjeve delavke s\u010dasoma brez te\u017eav pre\u017erejo tudi Ytong. Steklena gnezda z vlo\u017eki Digfix so zato najbolj\u0161i in najvarnej\u0161i na\u010din za gojenje Messor angularis.<\/p>\n<p><strong>Vsebina:<\/strong><\/p>\n<p>1x Messor barbarus (kraljica + 11-25 delavk + mladi\u010di)<br \/>\n1x Cvr\u010dkova marmelada 25g<br \/>\n1x \u017ditna hrana manj\u0161a 100 g<br \/>\n1x pad for formicariums &#8211; 20x20cm<br \/>\n2x pad for formicariums &#8211; 20x6cm<\/p>\n<p>1x ANTCUBE - arena 20x20x10 - ravna<br \/>\n1x okvir za mravlji\u0161\u010de 20\u00d720<br \/>\n1x pokrov za mravlji\u0161\u010de 20\u00d720<br \/>\n4x pritrdilna to\u010dka za pokrov arene<br \/>\n2x ANTCUBE - mravlji\u0161\u010de - L - 20\u00d720 - pokon\u010den<\/p>\n<p>2x ANTCUBE - Digfix plo\u0161\u010da 20\u00d720 - M<br \/>\n1x 1m prozorna cev 14\/10 mm<br \/>\n2x ANTCUBE - Rde\u010da folija 20\u00d720 - filter<br \/>\n2x samolepilne sponke - prozorne 2 kosa.<br \/>\n1x substrat - pu\u0161\u010davski - 1 kg<\/p>\n<p>2x grid insert &#8211; 50mm<br \/>\n1x grid insert &#8211; 27mm<br \/>\n1x mre\u017easti pokrov\u010dek - 10 mm - nerjave\u010de jeklo<\/p>\n<p>1x priklju\u010dek za cev rezervoarja 27-14,16,20 mm - prozoren<br \/>\n1x drinking clear 5ml &#8211; sponge<br \/>\n1x Feeding dish white rectangle &#8211; 3 compartments<br \/>\n1x Foil thermometer display<br \/>\n2x Foil thermometer farm<br \/>\n1x Olje za za\u0161\u010dito pred pobegom mravelj 10ml<br \/>\n1x pinceta iz vzmetnega jekla - \u0161iroka - mehka<br \/>\n1x pinceta plasti\u010dna prozorna<br \/>\n1x plasti\u010dna pipeta 3ml<br \/>\n1x ro\u010dna lupa - 2x - 30 mm<br \/>\n1x penasti brisalec 150x18x2,5 mm<br \/>\n1x hrbtna stran fotografije - pu\u0161\u010dava - 20\u00d710<\/p>\n<p><strong>Opis Za\u010detni komplet:<\/strong><br \/>\nTa za\u010detni set je posebej primeren za razli\u010dne vrste iz rodu Messor ali Pogonomyrmex. Ena od dveh kmetij je namenjena shranjevanju semen in mravljin\u010djega kruha, zato mora biti popolnoma suha, da tam shranjena semena\/zrnca ne vzklijejo ali splesnijo.<br \/>\nPlo\u0161\u010de Digfix lahko vstavite v popolnoma prozorne kmetije. Druga mo\u017enost je, da kmetije napolnite z \"zemljo - pu\u0161\u010davo\". Po potrebi lahko prek 50 mm lukenj v pokrovu priklju\u010dite dodatne module, npr. lo\u010deno dostopne meglenke, ventilatorje ali lu\u010di. Druga mo\u017enost je, da so ustrezni mre\u017eni vlo\u017eki za zapiranje odprtin vklju\u010deni v obseg dobave. Po \u017eelji lahko formikarij deluje tudi odprt, tako da preprosto pritrdite odstranljivi okvir in na rob nanesete olje za za\u0161\u010dito pred ube\u017eanjem mravelj.<\/p>\n<p><strong>Pomembno:<\/strong> Pred uporabo substrat navla\u017eite, da se me\u0161anica lahko pove\u017ee in trdno oprime v mravlji\u0161\u010du. \u010ce je substrat presuh in pra\u0161en, se lahko dihalne poti mravelj zama\u0161ijo, v najslab\u0161em primeru pa se lahko \u017eivali zadu\u0161ijo.<\/p>\n<p><strong>Priporo\u010dilo:<\/strong> Priporo\u010damo plast substrata vi\u0161ine 2 mm, da se \u017eivali ne morejo zakopati v areno in namesto tega uporabljajo v ta namen predvideno farmo. Priporo\u010damo tudi, da je gnezdilni material v farmi (pesek\/glina, Digfix itd.) na enem mestu rahlo naboden, da \u017eivali la\u017eje kopljejo.<\/p>\n<p><strong>Opombe o proizvodnji<\/strong><br \/>\nSteklo je bru\u0161eno v skladu z DIN 1249 s toleranco +\/;- 1 mm. Pri izjemno majhnih vrstah mravelj je nujna dodatna za\u0161\u010dita pred pobegom mravelj.<\/p>\n<p><strong>Opombe o kmetiji<\/strong><br \/>\nPri name\u0161\u010danju ali odstranjevanju cevi upo\u0161tevajte naslednje:<br \/>\n\u010ce se cev zelo te\u017eko prilega priklju\u010dni vti\u010dnici, vti\u010dnico rahlo natrite s kapljico na\u0161ega olja ali pra\u0161ka proti razbijanju. Nato je treba cev potisniti na vti\u010dnico z vrtenjem ali vija\u010denjem, ne da bi vti\u010dnico obremenjevali z gibi navzgor in navzdol. Enako velja za odstranjevanje cevi iz priklju\u010dne vti\u010dnice na kmetiji. Ne potegnite je preprosto s sebe!<\/p>\n<p><strong>Opomba o Digfiksu:<\/strong> Naravna barva lahko variira med zeleno\/sivo-rjavo in zemeljsko rjavo. Barvni ton ne vpliva na kakovost.<\/p>\n<p><strong>Navodila: <\/strong>(Razli\u010dica 2023, posodobljena razli\u010dica za leto 2024 bo na voljo najpozneje do 04\/2024)<br \/>\n<span data-sheets-root=\"1\" data-sheets-value=\"{&quot;1&quot;:2,&quot;2&quot;:&quot;DE Gebrauchsanweisung Starter Set Ernteameisen (PDF 2,50 MB)&quot;}\" data-sheets-userformat=\"{&quot;2&quot;:513,&quot;3&quot;:{&quot;1&quot;:0},&quot;12&quot;:0}\" data-sheets-hyperlink=\"https:\/\/www.antstore.net\/shop\/images\/info\/de\/Gebrauchsanweisung Starter Set Ernteameisen.pdf\" data-sheets-hyperlinkruns=\"{&quot;1&quot;:3,&quot;2&quot;:&quot;https:\/\/www.antstore.net\/shop\/images\/info\/de\/Gebrauchsanweisung Starter Set Ernteameisen.pdf&quot;}\uee10{&quot;1&quot;:46}\"><a class=\"in-cell-link\" href=\"https:\/\/www.antstore.net\/shop\/images\/info\/de\/Gebrauchsanweisung Starter Set Ernteameisen.pdf\" target=\"_blank\" rel=\"noopener\">- DE <\/a><a class=\"in-cell-link\" href=\"https:\/\/www.antstore.net\/shop\/images\/info\/de\/Gebrauchsanweisung Starter Set Ernteameisen.pdf\" target=\"_blank\" rel=\"noopener\">Gebrauchsanweisung Starter Set Ernteameisen<\/a><a class=\"in-cell-link\" href=\"https:\/\/www.antstore.net\/shop\/images\/info\/de\/Gebrauchsanweisung Starter Set Ernteameisen.pdf\" target=\"_blank\" rel=\"noopener\"> (PDF 2,50 MB)<\/a><\/span><br \/>\n<a href=\"https:\/\/www.antstore.net\/shop\/images\/info\/en\/Instructions%20for%20use%20-%20Starter%20Set%20for%20Harvester%20Ants.pdf\">- SL Navodila za uporabo - za\u010detni set za \u017eitne mravlje (PDF 2,50 MB)<\/a><br \/>\n<a href=\"https:\/\/www.antstore.net\/shop\/images\/info\/es\/Manual%20de%20instrucciones%20-%20Set%20de%20inicio%20para%20las%20hormigas%20de%20la%20cosecha%20_%20messor.pdf\">- ES Manual de instrucciones - Set de inicio para las hormigas de la cosecha _ messor (PDF 2,50 MB)<\/a><br \/>\n<a href=\"https:\/\/www.antstore.net\/shop\/images\/info\/fr\/Manuel%20d'instruction%20-%20Kit%20de%20d%C3%A9marrage%20pour%20les%20fourmis%20moissonneuses_%20Messor.pdf\">- FR Navodila za uporabo - Komplet za odstranjevanje \u0161\u010durkov moissonneuses_ Messor (PDF 2,50 MB)<\/a><\/p>\n<p><strong>Opombe o d\u017eemu za kriket:<\/strong><br \/>\nNa\u0161a marmelada za \u010dri\u010dke je enostaven na\u010din, kako mravljam zagotoviti sve\u017ee konzervirano beljakovinsko hrano, ne da bi jim bilo treba hraniti \u017eive \u017eu\u017eelke. Vsebovani \u010dri\u010dki (Acheta domesticus) so bili ne\u017eno kuhani, da se ohranijo hranilne vrednosti, okus in aroma. Poleg tega se na ta na\u010din zmeh\u010da hitinska lupina \u017eu\u017eelk, da se la\u017eje prebavi. Veziva kolagenskih beljakovin se razgradi, tako da jih mravlje lahko bolje izkoristijo. Konzerve Acheta domesticus imajo enako hranilno vrednost kot \u017eivi \u010dri\u010dki, vendar so la\u017eje prebavljive.<\/p>\n<p>Cricket Jam ni primeren za lov na vrste mravelj, ki potrebujejo \u017eivo hrano (npr. ponirki (velike mravlje), kot sta Harpegnathos ali Odontomachus).<\/p>\n<p><strong>Dodatne prednosti:<\/strong><br \/>\nZagotovljeno brez pr\u0161ic<br \/>\nLahko se razdeli po porcijah in razred\u010di z vodo<br \/>\nSterilizirano in vakuumsko pakirano<br \/>\nBrez dodatkov<br \/>\nCvr\u010dki iz trajnostne ekolo\u0161ke vzreje, hranjeni z organskimi odpadki<\/p>\n<p><strong>Opomba:<\/strong><br \/>\nV hladilniku lahko hranite pribli\u017eno \u0161tiri dni po odprtju. \u010ce je zamrznjen, je rok trajanja dalj\u0161i.<br \/>\n<strong>Pozornost:<\/strong> Najprej jih razdelite, nato zamrznite.<\/p>","protected":false},"excerpt":{"rendered":"<p>Komplet je sestavljen iz 39 delov<br \/>\nVelikost: M<\/p>","protected":false},"featured_media":7113,"comment_status":"open","ping_status":"closed","template":"","meta":{"_acf_changed":false,"content-type":"","_monsterinsights_skip_tracking":false,"_monsterinsights_sitenote_active":false,"_monsterinsights_sitenote_note":"","_monsterinsights_sitenote_category":0},"product_brand":[],"product_cat":[355,353,73],"product_tag":[],"class_list":{"0":"post-5347","1":"product","2":"type-product","3":"status-publish","4":"has-post-thumbnail","6":"product_cat-bundle-offers","7":"product_cat-starter-sets-for-harvester-ants","8":"product_cat-starter-sets","10":"first","11":"outofstock","12":"taxable","13":"shipping-taxable","14":"purchasable","15":"product-type-simple"},"acf":[],"aioseo_notices":[],"jetpack_sharing_enabled":true,"_links":{"self":[{"href":"https:\/\/antcube.shop\/sl\/wp-json\/wp\/v2\/product\/5347","targetHints":{"allow":["GET"]}}],"collection":[{"href":"https:\/\/antcube.shop\/sl\/wp-json\/wp\/v2\/product"}],"about":[{"href":"https:\/\/antcube.shop\/sl\/wp-json\/wp\/v2\/types\/product"}],"replies":[{"embeddable":true,"href":"https:\/\/antcube.shop\/sl\/wp-json\/wp\/v2\/comments?post=5347"}],"wp:featuredmedia":[{"embeddable":true,"href":"https:\/\/antcube.shop\/sl\/wp-json\/wp\/v2\/media\/7113"}],"wp:attachment":[{"href":"https:\/\/antcube.shop\/sl\/wp-json\/wp\/v2\/media?parent=5347"}],"wp:term":[{"taxonomy":"product_brand","embeddable":true,"href":"https:\/\/antcube.shop\/sl\/wp-json\/wp\/v2\/product_brand?post=5347"},{"taxonomy":"product_cat","embeddable":true,"href":"https:\/\/antcube.shop\/sl\/wp-json\/wp\/v2\/product_cat?post=5347"},{"taxonomy":"product_tag","embeddable":true,"href":"https:\/\/antcube.shop\/sl\/wp-json\/wp\/v2\/product_tag?post=5347"}],"curies":[{"name":"wp","href":"https:\/\/api.w.org\/{rel}","templated":true}]}}