{"id":4873,"date":"2022-12-07T14:03:10","date_gmt":"2022-12-07T13:03:10","guid":{"rendered":"https:\/\/antcube.shop\/produkt\/combi-balkon\/"},"modified":"2026-04-20T09:57:29","modified_gmt":"2026-04-20T07:57:29","slug":"kombinirani-balkon","status":"publish","type":"product","link":"https:\/\/antcube.shop\/sl\/izdelek\/kombinirani-balkon\/","title":{"rendered":"Kombi - balkon"},"content":{"rendered":"<p style=\"margin-bottom: 0cm;\"><strong>Dimenzije:<\/strong> 19x6x8 cm<\/p>\n<p><strong>Material:<\/strong> PMMA<\/p>\n<p><strong>Barva:<\/strong> kristalno \u010dist, prozoren, prosojen<\/p>\n<p><strong>Vsebina:<\/strong><br \/>\n1x osnovna plo\u0161\u010da<br \/>\n2x nosilec<br \/>\n1x ozka rampa (za majhne mravlje)<br \/>\n1x \u0161iroka rampa (za velike mravlje)<\/p>\n<p><strong>Opomba:<\/strong> Deli so dobavljeni kot komplet ali vti\u010dni sistem. Lepljenje ni potrebno.<\/p>\n<p><strong>Povezava:<\/strong><br \/>\nPriklju\u010dite ga lahko na vse arene Combi 20x20x20 cm v velikostih S, M, L.<\/p>\n<p><strong>Opis:<\/strong> Combi-Balkon se preprosto priklju\u010di na obstoje\u010di sistem Arena Combi. Balkon slu\u017ei kot podalj\u0161ek arene in olaj\u0161a mravljam plezanje navzgor ali navzdol iz zgornjega dela gnezda arene. Za majhne vrste mravelj, kot je Lasius niger, je na voljo ozek pripomo\u010dek za plezanje, za vrste, kot je Camponotus, pa \u0161ir\u0161i. Dvignjeno plo\u0161\u010dad lahko uporabite kot obmo\u010dje za hranjenje, kamor lahko postavite sklede ali napajalnike. Zaradi bli\u017eine zgornje odprtine poenostavi delo pri negi in vzdr\u017eevanju, spodnji substrat pa ostane brez ostankov hrane. Zaradi prozornega materiala se balkon Combi odli\u010dno prilega areni Combi Arena, ne da bi zakrival pogled na obmo\u010dje gnezda, poleg tega pa ga je enostavno \u010distiti.<\/p>\n<p style=\"margin-bottom: 0cm;\">","protected":false},"excerpt":{"rendered":"<p>Dimenzije: Material: 19x6x8 cm: Material: PMMA Barva: kristalno \u010dista, prozorna, prosojna Vsebina: 1x osnovna plo\u0161\u010da 2x nosilec 1x ozka rampa (za majhne mravlje) 1x \u0161iroka rampa (za velike mravlje) Opomba: Deli so dobavljeni kot komplet ali sistem za vgradnjo. Lepljenje ni potrebno. Priklju\u010dek: Lahko se priklju\u010di na vse arene Combi 20x20x20 cm v","protected":false},"featured_media":4875,"comment_status":"open","ping_status":"closed","template":"","meta":{"_acf_changed":false,"content-type":"","_monsterinsights_skip_tracking":false,"_monsterinsights_sitenote_active":false,"_monsterinsights_sitenote_note":"","_monsterinsights_sitenote_category":0},"product_brand":[],"product_cat":[239],"product_tag":[],"class_list":{"0":"post-4873","1":"product","2":"type-product","3":"status-publish","4":"has-post-thumbnail","6":"product_cat-useful-additions","8":"first","9":"instock","10":"taxable","11":"shipping-taxable","12":"purchasable","13":"product-type-simple"},"acf":[],"aioseo_notices":[],"jetpack_sharing_enabled":true,"_links":{"self":[{"href":"https:\/\/antcube.shop\/sl\/wp-json\/wp\/v2\/product\/4873","targetHints":{"allow":["GET"]}}],"collection":[{"href":"https:\/\/antcube.shop\/sl\/wp-json\/wp\/v2\/product"}],"about":[{"href":"https:\/\/antcube.shop\/sl\/wp-json\/wp\/v2\/types\/product"}],"replies":[{"embeddable":true,"href":"https:\/\/antcube.shop\/sl\/wp-json\/wp\/v2\/comments?post=4873"}],"wp:featuredmedia":[{"embeddable":true,"href":"https:\/\/antcube.shop\/sl\/wp-json\/wp\/v2\/media\/4875"}],"wp:attachment":[{"href":"https:\/\/antcube.shop\/sl\/wp-json\/wp\/v2\/media?parent=4873"}],"wp:term":[{"taxonomy":"product_brand","embeddable":true,"href":"https:\/\/antcube.shop\/sl\/wp-json\/wp\/v2\/product_brand?post=4873"},{"taxonomy":"product_cat","embeddable":true,"href":"https:\/\/antcube.shop\/sl\/wp-json\/wp\/v2\/product_cat?post=4873"},{"taxonomy":"product_tag","embeddable":true,"href":"https:\/\/antcube.shop\/sl\/wp-json\/wp\/v2\/product_tag?post=4873"}],"curies":[{"name":"wp","href":"https:\/\/api.w.org\/{rel}","templated":true}]}}