{"id":4747,"date":"2022-11-14T15:08:27","date_gmt":"2022-11-14T14:08:27","guid":{"rendered":"https:\/\/antcube.shop\/produkt\/beckenverbinder-3-4-beidseitig-fur-bohrung-27-mm\/"},"modified":"2026-04-15T15:04:19","modified_gmt":"2026-04-15T13:04:19","slug":"beckenverbinder-3-4-beidseitig-fur-bohrung-27-mm","status":"publish","type":"product","link":"https:\/\/antcube.shop\/sl\/izdelek\/beckenverbinder-3-4-beidseitig-fur-bohrung-27-mm\/","title":{"rendered":"Priklju\u010dek za umivalnik 3\/4\u2033 - na obeh straneh za izvrtino 27 mm"},"content":{"rendered":"<p><strong>Dimenzije:<\/strong> za izvrtino 27 mm<\/p>\n<p><strong>Vsebina:<\/strong> 1x vija\u010dni adapter (<strong>POZOR<\/strong>: Navojne matice niso vklju\u010dene, glejte v razdelku \"Sorodni izdelki\").<\/p>\n<p><strong>Opis:<\/strong> S tem priklju\u010dkom za umivalnik lahko med seboj pove\u017eete dva umivalnika ali dve kmetiji velikosti XL. Odprtini morata biti v bazenih, ki jih \u017eelite povezati, na isti vi\u0161ini. Priklju\u010dek se vstavi skozi vsako od lukenj in privije z lo\u010deno dobavljivo zaklepno matico. S tem zagotovite, da je povezava varna pred prelomom in se varno dr\u017ei tudi pri premikanju bazenov.<\/p>\n<p>&nbsp;<\/p>","protected":false},"excerpt":{"rendered":"<p>Dimenzije: za izvrtino 27 mm Vsebina: (POZOR: Navojne matice niso vklju\u010dene, glejte v razdelku \"Sorodni izdelki\"). Opis: S tem priklju\u010dkom za umivalnik lahko med seboj pove\u017eete dva umivalnika ali tudi dve kmetiji velikosti XL. Odprtini morata biti v umivalnikih, ki ju \u017eelite povezati, na isti vi\u0161ini. Na spletni strani .","protected":false},"featured_media":4755,"comment_status":"open","ping_status":"closed","template":"","meta":{"_acf_changed":false,"content-type":"","_monsterinsights_skip_tracking":false,"_monsterinsights_sitenote_active":false,"_monsterinsights_sitenote_note":"","_monsterinsights_sitenote_category":0},"product_brand":[],"product_cat":[121],"product_tag":[],"class_list":{"0":"post-4747","1":"product","2":"type-product","3":"status-publish","4":"has-post-thumbnail","6":"product_cat-connectors","8":"first","9":"instock","10":"taxable","11":"shipping-taxable","12":"purchasable","13":"product-type-simple"},"acf":[],"aioseo_notices":[],"jetpack_sharing_enabled":true,"_links":{"self":[{"href":"https:\/\/antcube.shop\/sl\/wp-json\/wp\/v2\/product\/4747","targetHints":{"allow":["GET"]}}],"collection":[{"href":"https:\/\/antcube.shop\/sl\/wp-json\/wp\/v2\/product"}],"about":[{"href":"https:\/\/antcube.shop\/sl\/wp-json\/wp\/v2\/types\/product"}],"replies":[{"embeddable":true,"href":"https:\/\/antcube.shop\/sl\/wp-json\/wp\/v2\/comments?post=4747"}],"wp:featuredmedia":[{"embeddable":true,"href":"https:\/\/antcube.shop\/sl\/wp-json\/wp\/v2\/media\/4755"}],"wp:attachment":[{"href":"https:\/\/antcube.shop\/sl\/wp-json\/wp\/v2\/media?parent=4747"}],"wp:term":[{"taxonomy":"product_brand","embeddable":true,"href":"https:\/\/antcube.shop\/sl\/wp-json\/wp\/v2\/product_brand?post=4747"},{"taxonomy":"product_cat","embeddable":true,"href":"https:\/\/antcube.shop\/sl\/wp-json\/wp\/v2\/product_cat?post=4747"},{"taxonomy":"product_tag","embeddable":true,"href":"https:\/\/antcube.shop\/sl\/wp-json\/wp\/v2\/product_tag?post=4747"}],"curies":[{"name":"wp","href":"https:\/\/api.w.org\/{rel}","templated":true}]}}