{"id":4745,"date":"2022-11-14T15:07:37","date_gmt":"2022-11-14T14:07:37","guid":{"rendered":"https:\/\/antcube.shop\/produkt\/rohrkappe-glasklar-fur-20mm\/"},"modified":"2026-04-13T09:34:43","modified_gmt":"2026-04-13T07:34:43","slug":"rohrkappe-glasklar-fur-20mm","status":"publish","type":"product","link":"https:\/\/antcube.shop\/sl\/izdelek\/rohrkappe-glasklar-fur-20mm\/","title":{"rendered":"Pokrov\u010dek za cevi kristalno prozoren za 20 mm"},"content":{"rendered":"<p><strong>Dimenzije<\/strong> (Dx\u0160xV): 1,9 \u00d7 2,5 \u00d7 2,5 cm<br \/>\n<strong>Notranji premer:<\/strong> 20 mm<\/p>\n<p>Material: Akril<br \/>\nBarva: Brezbarvna\/prepustna\/\u010dista<\/p>\n<p>Vsebina: Vsebuje: 1 kos.<\/p>\n<p>Tehni\u010dne specifikacije:<br \/>\nPokrov\u010dek za cevi kristalno prozoren premer 25 mm za 20 mm cevi.<\/p>\n<p><strong>Opis:<\/strong><br \/>\nPokrov\u010dek za cevi iz prozornega akrila za zapiranje akrilnih cevi.<\/p>\n<p><strong>Obvestilo:<\/strong><br \/>\nPri monta\u017ei cevi upo\u0161tevajte naslednje:<br \/>\nZaradi lastnosti akrilnega materiala se je treba za vsako ceno izogibati pritiskom in vzvodom. \u010ce je povezovanje ote\u017eeno, se pove\u017eite s previdnim vrtenjem in po potrebi vtrite malo olja proti lomljenju.<\/p>","protected":false},"excerpt":{"rendered":"<p>Dimenzije (Dx\u0160xV): 1,9x2,5x2,5cm Notranji premer: 20 mm Material: Akril Barva: brezbarvna\/pregledna\/\u010dista Vsebina: 20 mm, 20 mm, 20 mm, 20 mm, 20 mm, 20 mm, 20 mm, 20 mm: Vsebuje 1 kos. Tehni\u010dne specifikacije: Za 20-milimetrsko cev. Opis: Za zapiranje akrilnih cevi: pokrov\u010dek za cevi iz prozornega akrila za zapiranje akrilnih cevi. Obvestilo: Izdelek je izdelan iz cevi za cevke: Pri name\u0161\u010danju cevi upo\u0161tevajte naslednje: Zaradi lastnosti materiala akrila je treba pritisk in vzvod","protected":false},"featured_media":4768,"comment_status":"open","ping_status":"closed","template":"","meta":{"_acf_changed":false,"content-type":"","_monsterinsights_skip_tracking":false,"_monsterinsights_sitenote_active":false,"_monsterinsights_sitenote_note":"","_monsterinsights_sitenote_category":0},"product_brand":[],"product_cat":[345],"product_tag":[],"class_list":{"0":"post-4745","1":"product","2":"type-product","3":"status-publish","4":"has-post-thumbnail","6":"product_cat-pipe-connectors","8":"first","9":"instock","10":"taxable","11":"shipping-taxable","12":"purchasable","13":"product-type-simple"},"acf":[],"aioseo_notices":[],"jetpack_sharing_enabled":true,"_links":{"self":[{"href":"https:\/\/antcube.shop\/sl\/wp-json\/wp\/v2\/product\/4745","targetHints":{"allow":["GET"]}}],"collection":[{"href":"https:\/\/antcube.shop\/sl\/wp-json\/wp\/v2\/product"}],"about":[{"href":"https:\/\/antcube.shop\/sl\/wp-json\/wp\/v2\/types\/product"}],"replies":[{"embeddable":true,"href":"https:\/\/antcube.shop\/sl\/wp-json\/wp\/v2\/comments?post=4745"}],"wp:featuredmedia":[{"embeddable":true,"href":"https:\/\/antcube.shop\/sl\/wp-json\/wp\/v2\/media\/4768"}],"wp:attachment":[{"href":"https:\/\/antcube.shop\/sl\/wp-json\/wp\/v2\/media?parent=4745"}],"wp:term":[{"taxonomy":"product_brand","embeddable":true,"href":"https:\/\/antcube.shop\/sl\/wp-json\/wp\/v2\/product_brand?post=4745"},{"taxonomy":"product_cat","embeddable":true,"href":"https:\/\/antcube.shop\/sl\/wp-json\/wp\/v2\/product_cat?post=4745"},{"taxonomy":"product_tag","embeddable":true,"href":"https:\/\/antcube.shop\/sl\/wp-json\/wp\/v2\/product_tag?post=4745"}],"curies":[{"name":"wp","href":"https:\/\/api.w.org\/{rel}","templated":true}]}}