{"id":4743,"date":"2022-11-14T15:07:05","date_gmt":"2022-11-14T14:07:05","guid":{"rendered":"https:\/\/antcube.shop\/produkt\/rohrverbinder-glasklar-fur-20mm-l\/"},"modified":"2026-04-20T09:56:46","modified_gmt":"2026-04-20T07:56:46","slug":"rohrverbinder-glasklar-fur-20mm-l","status":"publish","type":"product","link":"https:\/\/antcube.shop\/sl\/izdelek\/rohrverbinder-glasklar-fur-20mm-l\/","title":{"rendered":"Priklju\u010dek za cev kristalno prozoren za 20 mm - L"},"content":{"rendered":"<p>Dimenzije (Dx\u0160xV): 4,2 \u00d7 2,5 \u00d7 4,2 cm<br \/>\nNotranji premer: 20 mm<\/p>\n<p>Material: Akril<\/p>\n<p>Barva: Brezbarvna\/prepustna\/\u010dista<\/p>\n<p>Vsebina: Vsebuje: 1 kos.<\/p>\n<p>Tehni\u010dne specifikacije:<br \/>\nCevni priklju\u010dek oblika L akrilni premer 25 mm za 20 mm cevi.<\/p>\n<p>Opis:<br \/>\nCevni priklju\u010dek iz prozornega akrila za povezovanje akrilnih cevi.<\/p>\n<p>Obvestilo:<br \/>\nPri sestavljanju cevi upo\u0161tevajte naslednje:<br \/>\nZaradi lastnosti akrilnega materiala se je treba za vsako ceno izogibati pritiskom in vzvodom. \u010ce je povezava te\u017eavna, jo pove\u017eite s previdnim vrtenjem in po potrebi vtrite malo olja proti lomljenju.<\/p>\n<p>&nbsp;<\/p>","protected":false},"excerpt":{"rendered":"<p>Dimenzije (Dx\u0160xV): 4,2x2,5x4,2cm Notranji premer: 20mm Material:  Vsebuje 1 kos. Tehni\u010dne specifikacije: Za cevni priklju\u010dek oblike L akrilni premer 25 mm za 20 mm cev. Opis: Za povezovanje akrilnih cevi. Obvestilo: Izdelek je izdelan iz cevi za cevi: Pri sestavljanju cevi upo\u0161tevajte naslednje: Zaradi lastnosti akrilnega materiala je treba pritisk in vzvod","protected":false},"featured_media":4773,"comment_status":"open","ping_status":"closed","template":"","meta":{"_acf_changed":false,"content-type":"","_monsterinsights_skip_tracking":false,"_monsterinsights_sitenote_active":false,"_monsterinsights_sitenote_note":"","_monsterinsights_sitenote_category":0},"product_brand":[],"product_cat":[345],"product_tag":[],"class_list":{"0":"post-4743","1":"product","2":"type-product","3":"status-publish","4":"has-post-thumbnail","6":"product_cat-pipe-connectors","8":"first","9":"outofstock","10":"taxable","11":"shipping-taxable","12":"purchasable","13":"product-type-simple"},"acf":[],"aioseo_notices":[],"jetpack_sharing_enabled":true,"_links":{"self":[{"href":"https:\/\/antcube.shop\/sl\/wp-json\/wp\/v2\/product\/4743","targetHints":{"allow":["GET"]}}],"collection":[{"href":"https:\/\/antcube.shop\/sl\/wp-json\/wp\/v2\/product"}],"about":[{"href":"https:\/\/antcube.shop\/sl\/wp-json\/wp\/v2\/types\/product"}],"replies":[{"embeddable":true,"href":"https:\/\/antcube.shop\/sl\/wp-json\/wp\/v2\/comments?post=4743"}],"wp:featuredmedia":[{"embeddable":true,"href":"https:\/\/antcube.shop\/sl\/wp-json\/wp\/v2\/media\/4773"}],"wp:attachment":[{"href":"https:\/\/antcube.shop\/sl\/wp-json\/wp\/v2\/media?parent=4743"}],"wp:term":[{"taxonomy":"product_brand","embeddable":true,"href":"https:\/\/antcube.shop\/sl\/wp-json\/wp\/v2\/product_brand?post=4743"},{"taxonomy":"product_cat","embeddable":true,"href":"https:\/\/antcube.shop\/sl\/wp-json\/wp\/v2\/product_cat?post=4743"},{"taxonomy":"product_tag","embeddable":true,"href":"https:\/\/antcube.shop\/sl\/wp-json\/wp\/v2\/product_tag?post=4743"}],"curies":[{"name":"wp","href":"https:\/\/api.w.org\/{rel}","templated":true}]}}