{"id":4742,"date":"2022-11-14T15:06:48","date_gmt":"2022-11-14T14:06:48","guid":{"rendered":"https:\/\/antcube.shop\/produkt\/rohrverbinder-glasklar-fur-20mm-45\/"},"modified":"2026-04-07T09:38:31","modified_gmt":"2026-04-07T07:38:31","slug":"rohrverbinder-glasklar-fur-20mm-45","status":"publish","type":"product","link":"https:\/\/antcube.shop\/sl\/izdelek\/rohrverbinder-glasklar-fur-20mm-45\/","title":{"rendered":"Kristalno prozoren priklju\u010dek cevi za 20 mm - 45\u00b0"},"content":{"rendered":"<p><strong>Dimenzije (Dx\u0160xV):<\/strong> 5 \u00d7 2,5 \u00d7 3,5 cm<br \/>\n<strong>Notranji premer:<\/strong> 20 mm<\/p>\n<p><strong>Material:<\/strong> Akril<\/p>\n<p><strong>Barva:<\/strong> Brezbarvno\/Transparentno\/Clear<\/p>\n<p><strong>Vsebina:<\/strong> 1 kos.<\/p>\n<p><strong>Tehni\u010dne specifikacije:<\/strong><br \/>\nCevni priklju\u010dek akrilnega premera 25 mm za 20 mm cevi.<\/p>\n<p><strong>Opis:<\/strong><br \/>\nCevni priklju\u010dek iz prozornega akrila za povezovanje akrilnih cevi pod kotom 45\u00b0.<\/p>\n<p><strong>Obvestilo:<\/strong><br \/>\nPri sestavljanju cevi upo\u0161tevajte naslednje:<br \/>\nZaradi lastnosti akrilnega materiala se je treba za vsako ceno izogibati pritiskom in vzvodom. \u010ce je povezava te\u017eavna, jo pove\u017eite s previdnimi vrtilnimi gibi in po potrebi vtrite malo olja proti lomljenju.<\/p>\n<p>&nbsp;<\/p>","protected":false},"excerpt":{"rendered":"<p>Dimenzije (Dx\u0160xV): 5x2,5x3,5cm Notranji premer: 20 mm Material:  Vsebuje 1 kos. Tehni\u010dne specifikacije: Premer akrila 25 mm za 20 mm cev. Opis: Za povezovanje akrilnih cevi pod kotom 45\u00b0. Opozorilo: Pri sestavljanju cevi upo\u0161tevajte naslednje: Zaradi lastnosti akrilnega materiala je tlak","protected":false},"featured_media":4778,"comment_status":"open","ping_status":"closed","template":"","meta":{"_acf_changed":false,"content-type":"","_monsterinsights_skip_tracking":false,"_monsterinsights_sitenote_active":false,"_monsterinsights_sitenote_note":"","_monsterinsights_sitenote_category":0},"product_brand":[],"product_cat":[345],"product_tag":[],"class_list":{"0":"post-4742","1":"product","2":"type-product","3":"status-publish","4":"has-post-thumbnail","6":"product_cat-pipe-connectors","8":"first","9":"instock","10":"taxable","11":"shipping-taxable","12":"purchasable","13":"product-type-simple"},"acf":[],"aioseo_notices":[],"jetpack_sharing_enabled":true,"_links":{"self":[{"href":"https:\/\/antcube.shop\/sl\/wp-json\/wp\/v2\/product\/4742","targetHints":{"allow":["GET"]}}],"collection":[{"href":"https:\/\/antcube.shop\/sl\/wp-json\/wp\/v2\/product"}],"about":[{"href":"https:\/\/antcube.shop\/sl\/wp-json\/wp\/v2\/types\/product"}],"replies":[{"embeddable":true,"href":"https:\/\/antcube.shop\/sl\/wp-json\/wp\/v2\/comments?post=4742"}],"wp:featuredmedia":[{"embeddable":true,"href":"https:\/\/antcube.shop\/sl\/wp-json\/wp\/v2\/media\/4778"}],"wp:attachment":[{"href":"https:\/\/antcube.shop\/sl\/wp-json\/wp\/v2\/media?parent=4742"}],"wp:term":[{"taxonomy":"product_brand","embeddable":true,"href":"https:\/\/antcube.shop\/sl\/wp-json\/wp\/v2\/product_brand?post=4742"},{"taxonomy":"product_cat","embeddable":true,"href":"https:\/\/antcube.shop\/sl\/wp-json\/wp\/v2\/product_cat?post=4742"},{"taxonomy":"product_tag","embeddable":true,"href":"https:\/\/antcube.shop\/sl\/wp-json\/wp\/v2\/product_tag?post=4742"}],"curies":[{"name":"wp","href":"https:\/\/api.w.org\/{rel}","templated":true}]}}