{"id":4735,"date":"2022-11-14T15:04:59","date_gmt":"2022-11-14T14:04:59","guid":{"rendered":"https:\/\/antcube.shop\/produkt\/rohrkappe-glasklar-fur-32mm\/"},"modified":"2026-03-31T09:51:38","modified_gmt":"2026-03-31T07:51:38","slug":"rohrkappe-glasklar-fur-32mm","status":"publish","type":"product","link":"https:\/\/antcube.shop\/sl\/izdelek\/rohrkappe-glasklar-fur-32mm\/","title":{"rendered":"Pokrov\u010dek cevi kristalno prozoren za 32 mm"},"content":{"rendered":"<p><strong>Dimenzije (Dx\u0160xV):<\/strong> 2,6\u00d74,0x4,0 cm<br \/>\n<strong>Notranji premer:<\/strong> 32 mm<\/p>\n<p><strong>Material:<\/strong> Akril<br \/>\n<strong>Barva:<\/strong> Brezbarvno\/Transparentno\/Clear<\/p>\n<p><strong>Vsebina:<\/strong> 1 kos.<\/p>\n<p><strong>Tehni\u010dne specifikacije:<\/strong><br \/>\nPokrov\u010dek za cevi kristalno prozoren premer 40 mm za 32 mm cevi.<\/p>\n<p><strong>Opis:<\/strong><br \/>\nPokrov\u010dek za cevi iz prozornega akrila za zapiranje akrilnih cevi.<\/p>\n<p><strong>Obvestilo:<\/strong><br \/>\nPri monta\u017ei cevi upo\u0161tevajte naslednje:<br \/>\nZaradi lastnosti akrilnega materiala se je treba za vsako ceno izogibati pritiskom in vzvodom. \u010ce je povezava te\u017eavna, jo pove\u017eite s previdnim vrtenjem in po potrebi vtrite malo olja proti lomljenju.<\/p>","protected":false},"excerpt":{"rendered":"<p>Dimenzije (Dx\u0160xV): 2,6x4,0x4,0cm Notranji premer: 32 mm Material:  Vsebuje 1 kos. Tehni\u010dne specifikacije: Za 32-milimetrsko cev. Opis: Za zapiranje akrilnih cevi. Obvestilo: Izdelek je izdelan iz cevi za cevi: Pri name\u0161\u010danju cevi upo\u0161tevajte naslednje: Zaradi lastnosti materiala akrila je treba pritisk in vzvod","protected":false},"featured_media":4894,"comment_status":"open","ping_status":"closed","template":"","meta":{"_acf_changed":false,"content-type":"","_monsterinsights_skip_tracking":false,"_monsterinsights_sitenote_active":false,"_monsterinsights_sitenote_note":"","_monsterinsights_sitenote_category":0},"product_brand":[],"product_cat":[345],"product_tag":[],"class_list":{"0":"post-4735","1":"product","2":"type-product","3":"status-publish","4":"has-post-thumbnail","6":"product_cat-pipe-connectors","8":"first","9":"instock","10":"taxable","11":"shipping-taxable","12":"purchasable","13":"product-type-simple"},"acf":[],"aioseo_notices":[],"jetpack_sharing_enabled":true,"_links":{"self":[{"href":"https:\/\/antcube.shop\/sl\/wp-json\/wp\/v2\/product\/4735","targetHints":{"allow":["GET"]}}],"collection":[{"href":"https:\/\/antcube.shop\/sl\/wp-json\/wp\/v2\/product"}],"about":[{"href":"https:\/\/antcube.shop\/sl\/wp-json\/wp\/v2\/types\/product"}],"replies":[{"embeddable":true,"href":"https:\/\/antcube.shop\/sl\/wp-json\/wp\/v2\/comments?post=4735"}],"wp:featuredmedia":[{"embeddable":true,"href":"https:\/\/antcube.shop\/sl\/wp-json\/wp\/v2\/media\/4894"}],"wp:attachment":[{"href":"https:\/\/antcube.shop\/sl\/wp-json\/wp\/v2\/media?parent=4735"}],"wp:term":[{"taxonomy":"product_brand","embeddable":true,"href":"https:\/\/antcube.shop\/sl\/wp-json\/wp\/v2\/product_brand?post=4735"},{"taxonomy":"product_cat","embeddable":true,"href":"https:\/\/antcube.shop\/sl\/wp-json\/wp\/v2\/product_cat?post=4735"},{"taxonomy":"product_tag","embeddable":true,"href":"https:\/\/antcube.shop\/sl\/wp-json\/wp\/v2\/product_tag?post=4735"}],"curies":[{"name":"wp","href":"https:\/\/api.w.org\/{rel}","templated":true}]}}