{"id":4726,"date":"2022-11-14T15:02:37","date_gmt":"2022-11-14T14:02:37","guid":{"rendered":"https:\/\/antcube.shop\/produkt\/rohrverbindungsring-fur-50mm-rohr\/"},"modified":"2026-03-20T10:38:38","modified_gmt":"2026-03-20T09:38:38","slug":"rohrverbindungsring-fur-50mm-rohr","status":"publish","type":"product","link":"https:\/\/antcube.shop\/sl\/izdelek\/rohrverbindungsring-fur-50mm-rohr\/","title":{"rendered":"Cevni priklju\u010dni obro\u010d za 50 mm cev"},"content":{"rendered":"<p><strong>Koli\u010dina:<\/strong> 1 kos<\/p>\n<p><strong>Dimenzije:<\/strong> 50 mm (notranji premer), 60x10 mm (zunanje mere)<\/p>\n<p><strong>Barva:<\/strong> prozorno<\/p>\n<p><strong>Material:<\/strong> akril<\/p>\n<p><strong>Opis:<\/strong><br \/>\nObro\u010d za povezovanje cevi iz prozornega akrila za povezovanje akrilnih cevi.<\/p>\n<p><strong>Uporaba:<\/strong><br \/>\nZa povezovanje akrilnih cevi s premerom 50 mm.<\/p>\n<p><strong>Obvestilo:<\/strong><br \/>\nPri sestavljanju cevi upo\u0161tevajte naslednje:<br \/>\n\u010ce je cev zelo te\u017eko namestiti na priklju\u010dno vti\u010dnico, je treba tesnilni obro\u010dek rahlo podrgniti s kapljico na\u0161ega olja ali pra\u0161ka za za\u0161\u010dito pred izbruhom. Nato je treba cev potisniti na priklju\u010dno vti\u010dnico z vrtenjem ali vija\u010denjem, ne da bi obremenili vti\u010dnico z gibi navzgor in navzdol. Zaradi lastnosti akrilnega materiala se je treba za vsako ceno izogibati pritiskom in vzvodom.<\/p>\n<p>&nbsp;<\/p>","protected":false},"excerpt":{"rendered":"<p>Koli\u010dina: Dimenzije: 1 kos: Barva: prozorna Material: akril Opis: Za povezovanje cevi iz prozornega akrila, za povezovanje akrilnih cevi. Uporaba: Za povezovanje akrilnih cevi s premerom 50 mm. Obvestilo: Za uporabo s cevmi za cevi iz akrilne plo\u010devine: Pri sestavljanju cevi upo\u0161tevajte naslednje: \u010ce je cev zelo te\u017eko namestiti na priklju\u010dno vti\u010dnico,","protected":false},"featured_media":4921,"comment_status":"open","ping_status":"closed","template":"","meta":{"_acf_changed":false,"content-type":"","_monsterinsights_skip_tracking":false,"_monsterinsights_sitenote_active":false,"_monsterinsights_sitenote_note":"","_monsterinsights_sitenote_category":0},"product_brand":[],"product_cat":[345],"product_tag":[],"class_list":{"0":"post-4726","1":"product","2":"type-product","3":"status-publish","4":"has-post-thumbnail","6":"product_cat-pipe-connectors","8":"first","9":"instock","10":"taxable","11":"shipping-taxable","12":"purchasable","13":"product-type-simple"},"acf":[],"aioseo_notices":[],"jetpack_sharing_enabled":true,"_links":{"self":[{"href":"https:\/\/antcube.shop\/sl\/wp-json\/wp\/v2\/product\/4726","targetHints":{"allow":["GET"]}}],"collection":[{"href":"https:\/\/antcube.shop\/sl\/wp-json\/wp\/v2\/product"}],"about":[{"href":"https:\/\/antcube.shop\/sl\/wp-json\/wp\/v2\/types\/product"}],"replies":[{"embeddable":true,"href":"https:\/\/antcube.shop\/sl\/wp-json\/wp\/v2\/comments?post=4726"}],"wp:featuredmedia":[{"embeddable":true,"href":"https:\/\/antcube.shop\/sl\/wp-json\/wp\/v2\/media\/4921"}],"wp:attachment":[{"href":"https:\/\/antcube.shop\/sl\/wp-json\/wp\/v2\/media?parent=4726"}],"wp:term":[{"taxonomy":"product_brand","embeddable":true,"href":"https:\/\/antcube.shop\/sl\/wp-json\/wp\/v2\/product_brand?post=4726"},{"taxonomy":"product_cat","embeddable":true,"href":"https:\/\/antcube.shop\/sl\/wp-json\/wp\/v2\/product_cat?post=4726"},{"taxonomy":"product_tag","embeddable":true,"href":"https:\/\/antcube.shop\/sl\/wp-json\/wp\/v2\/product_tag?post=4726"}],"curies":[{"name":"wp","href":"https:\/\/api.w.org\/{rel}","templated":true}]}}