{"id":4725,"date":"2022-11-14T15:02:22","date_gmt":"2022-11-14T14:02:22","guid":{"rendered":"https:\/\/antcube.shop\/produkt\/rohrverbinder-glasklar-fur-50mm-t\/"},"modified":"2026-03-26T18:04:54","modified_gmt":"2026-03-26T17:04:54","slug":"rohrverbinder-glasklar-fur-50mm-t","status":"publish","type":"product","link":"https:\/\/antcube.shop\/sl\/izdelek\/rohrverbinder-glasklar-fur-50mm-t\/","title":{"rendered":"Priklju\u010dek za cev kristalno prozoren za 50 mm - T"},"content":{"rendered":"<p><strong>Dimenzije (Dx\u0160xV):<\/strong><br \/>\n<strong>Notranji premer:<\/strong> 50 mm<\/p>\n<p><strong>Material:<\/strong> Akril<\/p>\n<p><strong>Barva:<\/strong> Brezbarvno\/Transparentno\/Clear<\/p>\n<p><strong>Vsebina:<\/strong> 1 kos.<\/p>\n<p><strong>Tehni\u010dne specifikacije:<\/strong><br \/>\nCevni priklju\u010dek oblike T akrilni premer 60 mm za 50 mm cevi.<\/p>\n<p><strong>Opis:<\/strong><br \/>\nCevni priklju\u010dek iz prozornega akrila za povezovanje akrilnih cevi.<\/p>\n<p><strong>Obvestilo:<\/strong><br \/>\nPri sestavljanju cevi upo\u0161tevajte naslednje:<br \/>\nZaradi lastnosti akrilnega materiala se je treba za vsako ceno izogibati pritiskom in vzvodom. \u010ce je povezava te\u017eavna, jo pove\u017eite s previdnim vrtenjem in po potrebi vtrite malo olja proti lomljenju.<\/p>","protected":false},"excerpt":{"rendered":"<p>Dimenzije (Dx\u0160xV): Notranji premer: 50 mm Material:  Vsebuje 1 kos. Tehni\u010dne specifikacije: Premer akrila 60 mm za 50 mm cev. Opis: Za povezovanje akrilnih cevi. Obvestilo: Vklju\u010duje cevi za cevi, ki so izdelane iz cevi, ki se uporabljajo za cevi: Pri sestavljanju cevi upo\u0161tevajte naslednje: Zaradi lastnosti materiala akrila je treba pritisk in vzvod","protected":false},"featured_media":4927,"comment_status":"open","ping_status":"closed","template":"","meta":{"_acf_changed":false,"content-type":"","_monsterinsights_skip_tracking":false,"_monsterinsights_sitenote_active":false,"_monsterinsights_sitenote_note":"","_monsterinsights_sitenote_category":0},"product_brand":[],"product_cat":[345],"product_tag":[],"class_list":{"0":"post-4725","1":"product","2":"type-product","3":"status-publish","4":"has-post-thumbnail","6":"product_cat-pipe-connectors","8":"first","9":"instock","10":"taxable","11":"shipping-taxable","12":"purchasable","13":"product-type-simple"},"acf":[],"aioseo_notices":[],"jetpack_sharing_enabled":true,"_links":{"self":[{"href":"https:\/\/antcube.shop\/sl\/wp-json\/wp\/v2\/product\/4725","targetHints":{"allow":["GET"]}}],"collection":[{"href":"https:\/\/antcube.shop\/sl\/wp-json\/wp\/v2\/product"}],"about":[{"href":"https:\/\/antcube.shop\/sl\/wp-json\/wp\/v2\/types\/product"}],"replies":[{"embeddable":true,"href":"https:\/\/antcube.shop\/sl\/wp-json\/wp\/v2\/comments?post=4725"}],"wp:featuredmedia":[{"embeddable":true,"href":"https:\/\/antcube.shop\/sl\/wp-json\/wp\/v2\/media\/4927"}],"wp:attachment":[{"href":"https:\/\/antcube.shop\/sl\/wp-json\/wp\/v2\/media?parent=4725"}],"wp:term":[{"taxonomy":"product_brand","embeddable":true,"href":"https:\/\/antcube.shop\/sl\/wp-json\/wp\/v2\/product_brand?post=4725"},{"taxonomy":"product_cat","embeddable":true,"href":"https:\/\/antcube.shop\/sl\/wp-json\/wp\/v2\/product_cat?post=4725"},{"taxonomy":"product_tag","embeddable":true,"href":"https:\/\/antcube.shop\/sl\/wp-json\/wp\/v2\/product_tag?post=4725"}],"curies":[{"name":"wp","href":"https:\/\/api.w.org\/{rel}","templated":true}]}}