{"id":4720,"date":"2022-11-14T15:01:00","date_gmt":"2022-11-14T14:01:00","guid":{"rendered":"https:\/\/antcube.shop\/produkt\/formicarium-schraubbuchse-fur-50mm-bohrung-transparent\/"},"modified":"2025-10-19T12:40:25","modified_gmt":"2025-10-19T10:40:25","slug":"formicarium-schraubbuchse-fur-50mm-bohrung-transparent","status":"publish","type":"product","link":"https:\/\/antcube.shop\/sl\/izdelek\/formicarium-schraubbuchse-fur-50mm-bohrung-transparent\/","title":{"rendered":"Vija\u010dna pu\u0161a Formicarium za 50 mm luknjo - prozorna"},"content":{"rendered":"<p><strong>Vsebina:<\/strong> 1 kos.<\/p>\n<p><strong>Dimenzije:<\/strong> 68 x 68 x 46 mm (49 mm vti\u010dnica)<\/p>\n<p><strong>Material:<\/strong> Plastika<\/p>\n<p><strong>Barva:<\/strong> Prozorno<\/p>\n<p><strong>Opis:<\/strong><br \/>\nTa izdelek je priklju\u010dek za medeni\u010dno cev.<br \/>\nO ujemajo\u010dih se priklju\u010dkih za cevke 50 mm, s tem medeni\u010dnim priklju\u010dkom za cevke lahko pove\u017eete ve\u010d cevk 50 mm ali ve\u010d Formicarien.<br \/>\nPrek tesnilnega obro\u010da za 50 mm je mogo\u010de priklju\u010diti tudi 60 mm cev (60\/56 mm).<br \/>\nV primeru pokrova pa lahko uporabite primerne porcelanaste vti\u010dnice za svetilke.<\/p>\n<p><strong>Obvestilo:<\/strong><br \/>\nKer je premer te vti\u010dnice le 49 mm namesto 50 mm, potrebujete tesnilne obro\u010de ali ovoj iz kristalno \u010diste lepilne folije, da dose\u017eete premer 50 mm za tesno povezavo.<\/p>","protected":false},"excerpt":{"rendered":"<p>Vsebina: Vsebina: 1 kos. Dimenzije: 68 x 68 x 46 mm (49 mm vti\u010dnica) Material: 1: Material: plastika Barva: prozorna Opis: Ta izdelek je priklju\u010dek za medeni\u010dno cevko. O ujemajo\u010dih se konektorjih za cevke 50 mm, s tem medeni\u010dnim konektorjem za cevke lahko pove\u017eete ve\u010d cevk 50 mm ali ve\u010d Formicarien. Po \u017eelji je mogo\u010de priklju\u010diti tudi 60 mm cevko (60\/56 mm) prek","protected":false},"featured_media":4924,"comment_status":"open","ping_status":"closed","template":"","meta":{"_acf_changed":false,"content-type":"","_monsterinsights_skip_tracking":false,"_monsterinsights_sitenote_active":false,"_monsterinsights_sitenote_note":"","_monsterinsights_sitenote_category":0},"product_brand":[],"product_cat":[345],"product_tag":[],"class_list":{"0":"post-4720","1":"product","2":"type-product","3":"status-publish","4":"has-post-thumbnail","6":"product_cat-pipe-connectors","8":"first","9":"outofstock","10":"taxable","11":"shipping-taxable","12":"purchasable","13":"product-type-simple"},"acf":[],"aioseo_notices":[],"jetpack_sharing_enabled":true,"_links":{"self":[{"href":"https:\/\/antcube.shop\/sl\/wp-json\/wp\/v2\/product\/4720","targetHints":{"allow":["GET"]}}],"collection":[{"href":"https:\/\/antcube.shop\/sl\/wp-json\/wp\/v2\/product"}],"about":[{"href":"https:\/\/antcube.shop\/sl\/wp-json\/wp\/v2\/types\/product"}],"replies":[{"embeddable":true,"href":"https:\/\/antcube.shop\/sl\/wp-json\/wp\/v2\/comments?post=4720"}],"wp:featuredmedia":[{"embeddable":true,"href":"https:\/\/antcube.shop\/sl\/wp-json\/wp\/v2\/media\/4924"}],"wp:attachment":[{"href":"https:\/\/antcube.shop\/sl\/wp-json\/wp\/v2\/media?parent=4720"}],"wp:term":[{"taxonomy":"product_brand","embeddable":true,"href":"https:\/\/antcube.shop\/sl\/wp-json\/wp\/v2\/product_brand?post=4720"},{"taxonomy":"product_cat","embeddable":true,"href":"https:\/\/antcube.shop\/sl\/wp-json\/wp\/v2\/product_cat?post=4720"},{"taxonomy":"product_tag","embeddable":true,"href":"https:\/\/antcube.shop\/sl\/wp-json\/wp\/v2\/product_tag?post=4720"}],"curies":[{"name":"wp","href":"https:\/\/api.w.org\/{rel}","templated":true}]}}