{"id":4715,"date":"2022-11-14T14:59:42","date_gmt":"2022-11-14T13:59:42","guid":{"rendered":"https:\/\/antcube.shop\/produkt\/nadelstreu-klein-20g\/"},"modified":"2026-04-05T12:30:17","modified_gmt":"2026-04-05T10:30:17","slug":"nadelstreu-klein-20g","status":"publish","type":"product","link":"https:\/\/antcube.shop\/sl\/izdelek\/nadelstreu-klein-20g\/","title":{"rendered":"Igli\u010dna stelja - majhna - 20g"},"content":{"rendered":"<p><strong>Dimenzije (dol\u017eina):<\/strong> 7-12 mm<\/p>\n<p><strong>Material:<\/strong> macesnove iglice. Naravni izdelek<\/p>\n<p><strong>Barva:<\/strong> be\u017e, temno rjava, zelena<\/p>\n<p><strong>Opis:<\/strong> Posu\u0161ene iglice za okras.<\/p>\n<p><strong>Opomba:<\/strong> odvisno od stopnje su\u0161enja iglic so lahko obarvane zeleno, be\u017e ali rjavo do temno rjavo. Iglice se s\u010dasoma \u0161e naprej su\u0161ijo in izgubljajo barvo, najkasneje pa dose\u017eejo rjav odtenek.<\/p>","protected":false},"excerpt":{"rendered":"<p><strong>L\u00e4nge: <\/strong>7-12 mm<\/p>","protected":false},"featured_media":4942,"comment_status":"open","ping_status":"closed","template":"","meta":{"_acf_changed":false,"content-type":"","_monsterinsights_skip_tracking":false,"_monsterinsights_sitenote_active":false,"_monsterinsights_sitenote_note":"","_monsterinsights_sitenote_category":0},"product_brand":[],"product_cat":[95,98,101],"product_tag":[],"class_list":{"0":"post-4715","1":"product","2":"type-product","3":"status-publish","4":"has-post-thumbnail","6":"product_cat-accessories-for-ants","7":"product_cat-decoration","8":"product_cat-forest","10":"first","11":"instock","12":"taxable","13":"shipping-taxable","14":"purchasable","15":"product-type-simple"},"acf":[],"aioseo_notices":[],"jetpack_sharing_enabled":true,"_links":{"self":[{"href":"https:\/\/antcube.shop\/sl\/wp-json\/wp\/v2\/product\/4715","targetHints":{"allow":["GET"]}}],"collection":[{"href":"https:\/\/antcube.shop\/sl\/wp-json\/wp\/v2\/product"}],"about":[{"href":"https:\/\/antcube.shop\/sl\/wp-json\/wp\/v2\/types\/product"}],"replies":[{"embeddable":true,"href":"https:\/\/antcube.shop\/sl\/wp-json\/wp\/v2\/comments?post=4715"}],"wp:featuredmedia":[{"embeddable":true,"href":"https:\/\/antcube.shop\/sl\/wp-json\/wp\/v2\/media\/4942"}],"wp:attachment":[{"href":"https:\/\/antcube.shop\/sl\/wp-json\/wp\/v2\/media?parent=4715"}],"wp:term":[{"taxonomy":"product_brand","embeddable":true,"href":"https:\/\/antcube.shop\/sl\/wp-json\/wp\/v2\/product_brand?post=4715"},{"taxonomy":"product_cat","embeddable":true,"href":"https:\/\/antcube.shop\/sl\/wp-json\/wp\/v2\/product_cat?post=4715"},{"taxonomy":"product_tag","embeddable":true,"href":"https:\/\/antcube.shop\/sl\/wp-json\/wp\/v2\/product_tag?post=4715"}],"curies":[{"name":"wp","href":"https:\/\/api.w.org\/{rel}","templated":true}]}}